{"id":984,"date":"2017-06-07T14:56:32","date_gmt":"2017-06-07T14:56:32","guid":{"rendered":"https:\/\/www.fundaciongruposiro.com\/?page_id=984\/"},"modified":"2017-06-07T14:56:32","modified_gmt":"2017-06-07T14:56:32","slug":"social-and-labour-inclusion","status":"publish","type":"page","link":"https:\/\/www.fundaciongonzalezsernaurban.org\/en\/social-and-labour-inclusion\/","title":{"rendered":"Social and labour inclusion"},"content":{"rendered":"<p>[et_pb_section bb_built=&#8221;1&#8243; admin_label=&#8221;section&#8221;][et_pb_row admin_label=&#8221;row&#8221;][et_pb_column type=&#8221;4_4&#8243;][et_pb_text admin_label=&#8221;T\u00edtulo + Texto&#8221; background_layout=&#8221;light&#8221; text_orientation=&#8221;left&#8221; use_border_color=&#8221;off&#8221; border_color=&#8221;#ffffff&#8221; border_style=&#8221;solid&#8221;]<\/p>\n<h1>Social and labour inclusion<\/h1>\n<p>From the earliest days of our business, we have been aware that a commitment to society had to be part not just of our intentions but also of our actions. We also knew that this social commitment must focus on people\u2019s wellbeing; this is why we constantly strive to integrate into society and into the workplace those groups at risk of social exclusion.<\/p>\n<p>[\/et_pb_text][\/et_pb_column][\/et_pb_row][\/et_pb_section][et_pb_section bb_built=&#8221;1&#8243; admin_label=&#8221;Secci\u00f3n&#8221; fullwidth=&#8221;off&#8221; specialty=&#8221;off&#8221; transparent_background=&#8221;off&#8221; background_color=&#8221;#fcf9f2&#8243; allow_player_pause=&#8221;off&#8221; inner_shadow=&#8221;off&#8221; parallax=&#8221;off&#8221; parallax_method=&#8221;on&#8221; make_fullwidth=&#8221;off&#8221; use_custom_width=&#8221;off&#8221; width_unit=&#8221;on&#8221; make_equal=&#8221;off&#8221; use_custom_gutter=&#8221;off&#8221; module_class=&#8221;bannerPartido &#8220;][et_pb_row admin_label=&#8221;Fila&#8221; make_fullwidth=&#8221;off&#8221; use_custom_width=&#8221;on&#8221; width_unit=&#8221;off&#8221; use_custom_gutter=&#8221;off&#8221; custom_margin=&#8221;-90px|||0px&#8221; allow_player_pause=&#8221;off&#8221; parallax=&#8221;off&#8221; parallax_method=&#8221;on&#8221; make_equal=&#8221;off&#8221; parallax_1=&#8221;off&#8221; parallax_method_1=&#8221;off&#8221; custom_width_percent=&#8221;48%&#8221; custom_margin_tablet=&#8221;0px|||10%&#8221; custom_margin_last_edited=&#8221;on|desktop&#8221;][et_pb_column type=&#8221;4_4&#8243;][et_pb_code admin_label=&#8221;C\u00f3digo&#8221;]&lt;div class=&quot;et_pb_module et-waypoint et_pb_image et_pb_animation_right et_pb_image_0 et_always_center_on_mobile et-animated&quot;&gt;&lt;a href=&quot;https:\/\/www.youtube.com\/watch?v=6ywCl9TQK6o&amp;amp;rel=0&quot; rel=&quot;wp-video-lightbox&quot;&gt;&lt;img src=&quot;https:\/\/www.fundaciongruposiro.com\/wp-content\/uploads\/FGS-foto-integracion-3.jpg&quot; alt=&quot;&quot;&gt;&lt;\/a&gt;&lt;\/div&gt;[\/et_pb_code][\/et_pb_column][\/et_pb_row][\/et_pb_section][et_pb_section bb_built=&#8221;1&#8243; admin_label=&#8221;Secci\u00f3n&#8221; fullwidth=&#8221;off&#8221; specialty=&#8221;off&#8221; transparent_background=&#8221;off&#8221; allow_player_pause=&#8221;off&#8221; inner_shadow=&#8221;off&#8221; parallax=&#8221;off&#8221; parallax_method=&#8221;on&#8221; custom_padding=&#8221;1px|||&#8221; custom_padding_last_edited=&#8221;on|desktop&#8221; make_fullwidth=&#8221;off&#8221; use_custom_width=&#8221;off&#8221; width_unit=&#8221;on&#8221; make_equal=&#8221;off&#8221; use_custom_gutter=&#8221;off&#8221;][et_pb_row admin_label=&#8221;Fila&#8221; make_fullwidth=&#8221;off&#8221; use_custom_width=&#8221;on&#8221; width_unit=&#8221;off&#8221; use_custom_gutter=&#8221;off&#8221; custom_padding=&#8221;70px|75px|70px|75px&#8221; custom_padding_tablet=&#8221;40px|45px|40px|45px&#8221; custom_padding_phone=&#8221;20px|25px|20px|25px&#8221; custom_padding_last_edited=&#8221;on|phone&#8221; custom_margin=&#8221;-36%|2%||&#8221; custom_margin_tablet=&#8221;0px|||&#8221; custom_margin_last_edited=&#8221;on|desktop&#8221; background_color=&#8221;#ffffff&#8221; allow_player_pause=&#8221;off&#8221; parallax=&#8221;off&#8221; parallax_method=&#8221;on&#8221; make_equal=&#8221;off&#8221; parallax_1=&#8221;off&#8221; parallax_method_1=&#8221;off&#8221; custom_width_percent=&#8221;49%&#8221;][et_pb_column type=&#8221;4_4&#8243;][et_pb_text admin_label=&#8221;Texto&#8221; background_layout=&#8221;light&#8221; text_orientation=&#8221;left&#8221; use_border_color=&#8221;off&#8221; border_color=&#8221;#ffffff&#8221; border_style=&#8221;solid&#8221;]<\/p>\n<h2>Grupo Siro is recognised by the United Nations<\/h2>\n<p>We won \u2018Best Company for Workers with a Disability\u2019, because of our social commitment to integrate disabled people. This award was made by the Secretary of State for the Rights of People with Disabilities in S\u00e3o Paulo to the President of the Grupo Siro Foundation. The ceremony took place at the UN headquarters in New York on the 10th Anniversary of the Agreement on Human Rights for People with Disabilities.<\/p>\n<p>[\/et_pb_text][\/et_pb_column][\/et_pb_row][\/et_pb_section][et_pb_section bb_built=&#8221;1&#8243; admin_label=&#8221;Secci\u00f3n&#8221; fullwidth=&#8221;off&#8221; specialty=&#8221;off&#8221; transparent_background=&#8221;off&#8221; background_color=&#8221;#fcf9f2&#8243; allow_player_pause=&#8221;off&#8221; inner_shadow=&#8221;off&#8221; parallax=&#8221;off&#8221; parallax_method=&#8221;on&#8221; make_fullwidth=&#8221;off&#8221; use_custom_width=&#8221;off&#8221; width_unit=&#8221;on&#8221; make_equal=&#8221;off&#8221; use_custom_gutter=&#8221;off&#8221; custom_padding_tablet=&#8221;0px|||&#8221; custom_padding_last_edited=&#8221;on|desktop&#8221; module_class=&#8221;bannerPartido &#8221; disabled=&#8221;on&#8221; disabled_on=&#8221;on|on|on&#8221;][et_pb_row admin_label=&#8221;Fila&#8221; make_fullwidth=&#8221;off&#8221; use_custom_width=&#8221;on&#8221; width_unit=&#8221;off&#8221; use_custom_gutter=&#8221;off&#8221; custom_padding=&#8221;70px|75px|70px|75px&#8221; custom_padding_tablet=&#8221;40px|45px|40px|45px&#8221; custom_padding_phone=&#8221;20px|25px|20px|25px&#8221; custom_padding_last_edited=&#8221;on|phone&#8221; custom_margin=&#8221;-12%|10%||&#8221; background_color=&#8221;#ffffff&#8221; allow_player_pause=&#8221;off&#8221; parallax=&#8221;off&#8221; parallax_method=&#8221;on&#8221; make_equal=&#8221;off&#8221; parallax_1=&#8221;off&#8221; parallax_method_1=&#8221;off&#8221; custom_width_percent=&#8221;50%&#8221; custom_margin_tablet=&#8221;0px|10%||&#8221; custom_margin_last_edited=&#8221;on|desktop&#8221;][et_pb_column type=&#8221;4_4&#8243;][et_pb_text admin_label=&#8221;Texto&#8221; background_layout=&#8221;light&#8221; text_orientation=&#8221;left&#8221; use_border_color=&#8221;off&#8221; border_color=&#8221;#ffffff&#8221; border_style=&#8221;solid&#8221;]<\/p>\n<blockquote><p>Apoyo a deportistas paraol\u00edmpicos a trav\u00e9s del Comit\u00e9 Ol\u00edmpico Espa\u00f1ol, Convenios de Inserci\u00f3n Laboral con Fundaci\u00f3n ONCE, Centros Especiales de Empleo\u2026. Pero todav\u00eda nos queda mucho por hacer.<\/p><\/blockquote>\n<p><a class=\"et_pb_button\" href=\"https:\/\/www.youtube.com\/watch?v=6ywCl9TQK6o&amp;rel=0\" rel=\"wp-video-lightbox\">Ver v\u00eddeo<\/a><\/p>\n<p>[\/et_pb_text][\/et_pb_column][\/et_pb_row][\/et_pb_section]<\/p>\n","protected":false},"excerpt":{"rendered":"<p>Social and labour inclusion From the earliest days of our business, we have been aware that a commitment to society had to be part not just of our intentions but also of our actions. We also knew that this social commitment must focus on people\u2019s wellbeing; this is why we constantly strive to integrate into [&hellip;]<\/p>\n","protected":false},"author":5,"featured_media":0,"parent":0,"menu_order":0,"comment_status":"closed","ping_status":"closed","template":"","meta":{"_et_pb_use_builder":"on","_et_pb_old_content":"","_et_gb_content_width":"","footnotes":""},"class_list":["post-984","page","type-page","status-publish","hentry"],"yoast_head":"<!-- This site is optimized with the Yoast SEO plugin v19.11 - https:\/\/yoast.com\/wordpress\/plugins\/seo\/ -->\n<title>Social and labour inclusion - Fundaci\u00f3n Gonzalez Serna Urban<\/title>\n<meta name=\"robots\" content=\"noindex, follow, max-snippet:-1, max-image-preview:large, max-video-preview:-1\" \/>\n<meta property=\"og:locale\" content=\"en_US\" \/>\n<meta property=\"og:type\" content=\"article\" \/>\n<meta property=\"og:title\" content=\"Social and labour inclusion - Fundaci\u00f3n Gonzalez Serna Urban\" \/>\n<meta property=\"og:description\" content=\"Social and labour inclusion From the earliest days of our business, we have been aware that a commitment to society had to be part not just of our intentions but also of our actions. We also knew that this social commitment must focus on people\u2019s wellbeing; this is why we constantly strive to integrate into [&hellip;]\" \/>\n<meta property=\"og:url\" content=\"https:\/\/www.fundaciongonzalezsernaurban.org\/en\/social-and-labour-inclusion\/\" \/>\n<meta property=\"og:site_name\" content=\"Fundaci\u00f3n Gonzalez Serna Urban\" \/>\n<meta name=\"twitter:card\" content=\"summary_large_image\" \/>\n<meta name=\"twitter:label1\" content=\"Est. reading time\" \/>\n\t<meta name=\"twitter:data1\" content=\"4 minutes\" \/>\n<script type=\"application\/ld+json\" class=\"yoast-schema-graph\">{\"@context\":\"https:\/\/schema.org\",\"@graph\":[{\"@type\":\"WebPage\",\"@id\":\"https:\/\/www.fundaciongonzalezsernaurban.org\/en\/social-and-labour-inclusion\/\",\"url\":\"https:\/\/www.fundaciongonzalezsernaurban.org\/en\/social-and-labour-inclusion\/\",\"name\":\"Social and labour inclusion - Fundaci\u00f3n Gonzalez Serna Urban\",\"isPartOf\":{\"@id\":\"https:\/\/www.fundaciongonzalezsernaurban.org\/#website\"},\"datePublished\":\"2017-06-07T14:56:32+00:00\",\"dateModified\":\"2017-06-07T14:56:32+00:00\",\"breadcrumb\":{\"@id\":\"https:\/\/www.fundaciongonzalezsernaurban.org\/en\/social-and-labour-inclusion\/#breadcrumb\"},\"inLanguage\":\"en-US\",\"potentialAction\":[{\"@type\":\"ReadAction\",\"target\":[\"https:\/\/www.fundaciongonzalezsernaurban.org\/en\/social-and-labour-inclusion\/\"]}]},{\"@type\":\"BreadcrumbList\",\"@id\":\"https:\/\/www.fundaciongonzalezsernaurban.org\/en\/social-and-labour-inclusion\/#breadcrumb\",\"itemListElement\":[{\"@type\":\"ListItem\",\"position\":1,\"name\":\"Portada\",\"item\":\"https:\/\/www.fundaciongonzalezsernaurban.org\/en\/\"},{\"@type\":\"ListItem\",\"position\":2,\"name\":\"Social and labour inclusion\"}]},{\"@type\":\"WebSite\",\"@id\":\"https:\/\/www.fundaciongonzalezsernaurban.org\/#website\",\"url\":\"https:\/\/www.fundaciongonzalezsernaurban.org\/\",\"name\":\"Fundaci\u00f3n Gonzalez Serna Urban\",\"description\":\"Garantizando la continuidad de nuestras Compa\u00f1\u00edas\",\"potentialAction\":[{\"@type\":\"SearchAction\",\"target\":{\"@type\":\"EntryPoint\",\"urlTemplate\":\"https:\/\/www.fundaciongonzalezsernaurban.org\/?s={search_term_string}\"},\"query-input\":\"required name=search_term_string\"}],\"inLanguage\":\"en-US\"}]}<\/script>\n<!-- \/ Yoast SEO plugin. -->","yoast_head_json":{"title":"Social and labour inclusion - Fundaci\u00f3n Gonzalez Serna Urban","robots":{"index":"noindex","follow":"follow","max-snippet":"max-snippet:-1","max-image-preview":"max-image-preview:large","max-video-preview":"max-video-preview:-1"},"og_locale":"en_US","og_type":"article","og_title":"Social and labour inclusion - Fundaci\u00f3n Gonzalez Serna Urban","og_description":"Social and labour inclusion From the earliest days of our business, we have been aware that a commitment to society had to be part not just of our intentions but also of our actions. We also knew that this social commitment must focus on people\u2019s wellbeing; this is why we constantly strive to integrate into [&hellip;]","og_url":"https:\/\/www.fundaciongonzalezsernaurban.org\/en\/social-and-labour-inclusion\/","og_site_name":"Fundaci\u00f3n Gonzalez Serna Urban","twitter_card":"summary_large_image","twitter_misc":{"Est. reading time":"4 minutes"},"schema":{"@context":"https:\/\/schema.org","@graph":[{"@type":"WebPage","@id":"https:\/\/www.fundaciongonzalezsernaurban.org\/en\/social-and-labour-inclusion\/","url":"https:\/\/www.fundaciongonzalezsernaurban.org\/en\/social-and-labour-inclusion\/","name":"Social and labour inclusion - Fundaci\u00f3n Gonzalez Serna Urban","isPartOf":{"@id":"https:\/\/www.fundaciongonzalezsernaurban.org\/#website"},"datePublished":"2017-06-07T14:56:32+00:00","dateModified":"2017-06-07T14:56:32+00:00","breadcrumb":{"@id":"https:\/\/www.fundaciongonzalezsernaurban.org\/en\/social-and-labour-inclusion\/#breadcrumb"},"inLanguage":"en-US","potentialAction":[{"@type":"ReadAction","target":["https:\/\/www.fundaciongonzalezsernaurban.org\/en\/social-and-labour-inclusion\/"]}]},{"@type":"BreadcrumbList","@id":"https:\/\/www.fundaciongonzalezsernaurban.org\/en\/social-and-labour-inclusion\/#breadcrumb","itemListElement":[{"@type":"ListItem","position":1,"name":"Portada","item":"https:\/\/www.fundaciongonzalezsernaurban.org\/en\/"},{"@type":"ListItem","position":2,"name":"Social and labour inclusion"}]},{"@type":"WebSite","@id":"https:\/\/www.fundaciongonzalezsernaurban.org\/#website","url":"https:\/\/www.fundaciongonzalezsernaurban.org\/","name":"Fundaci\u00f3n Gonzalez Serna Urban","description":"Garantizando la continuidad de nuestras Compa\u00f1\u00edas","potentialAction":[{"@type":"SearchAction","target":{"@type":"EntryPoint","urlTemplate":"https:\/\/www.fundaciongonzalezsernaurban.org\/?s={search_term_string}"},"query-input":"required name=search_term_string"}],"inLanguage":"en-US"}]}},"_links":{"self":[{"href":"https:\/\/www.fundaciongonzalezsernaurban.org\/en\/wp-json\/wp\/v2\/pages\/984","targetHints":{"allow":["GET"]}}],"collection":[{"href":"https:\/\/www.fundaciongonzalezsernaurban.org\/en\/wp-json\/wp\/v2\/pages"}],"about":[{"href":"https:\/\/www.fundaciongonzalezsernaurban.org\/en\/wp-json\/wp\/v2\/types\/page"}],"author":[{"embeddable":true,"href":"https:\/\/www.fundaciongonzalezsernaurban.org\/en\/wp-json\/wp\/v2\/users\/5"}],"replies":[{"embeddable":true,"href":"https:\/\/www.fundaciongonzalezsernaurban.org\/en\/wp-json\/wp\/v2\/comments?post=984"}],"version-history":[{"count":1,"href":"https:\/\/www.fundaciongonzalezsernaurban.org\/en\/wp-json\/wp\/v2\/pages\/984\/revisions"}],"predecessor-version":[{"id":985,"href":"https:\/\/www.fundaciongonzalezsernaurban.org\/en\/wp-json\/wp\/v2\/pages\/984\/revisions\/985"}],"wp:attachment":[{"href":"https:\/\/www.fundaciongonzalezsernaurban.org\/en\/wp-json\/wp\/v2\/media?parent=984"}],"curies":[{"name":"wp","href":"https:\/\/api.w.org\/{rel}","templated":true}]}}