{"id":994,"date":"2017-06-07T15:35:07","date_gmt":"2017-06-07T15:35:07","guid":{"rendered":"https:\/\/www.fundaciongruposiro.com\/?page_id=994\/"},"modified":"2019-05-29T14:00:11","modified_gmt":"2019-05-29T14:00:11","slug":"partnerships-and-collaborations","status":"publish","type":"page","link":"https:\/\/www.fundaciongonzalezsernaurban.org\/en\/partnerships-and-collaborations\/","title":{"rendered":"Partnerships and collaborations"},"content":{"rendered":"<p>[et_pb_section fb_built=&#8221;1&#8243; admin_label=&#8221;section&#8221; _builder_version=&#8221;3.22.3&#8243;][et_pb_row admin_label=&#8221;row&#8221; _builder_version=&#8221;3.22.3&#8243; background_size=&#8221;initial&#8221; background_position=&#8221;top_left&#8221; background_repeat=&#8221;repeat&#8221;][et_pb_column type=&#8221;4_4&#8243; _builder_version=&#8221;3.0.47&#8243;][et_pb_text admin_label=&#8221;Titulo&#8221; _builder_version=&#8221;3.0.87&#8243; background_size=&#8221;initial&#8221; background_position=&#8221;top_left&#8221; background_repeat=&#8221;repeat&#8221; use_border_color=&#8221;off&#8221; border_color=&#8221;#ffffff&#8221; border_style=&#8221;solid&#8221;]<\/p>\n<h1>Partnerships and collaborations<\/h1>\n<p>[\/et_pb_text][\/et_pb_column][\/et_pb_row][et_pb_row admin_label=&#8221;Fila&#8221; _builder_version=&#8221;3.22.3&#8243; background_size=&#8221;initial&#8221; background_position=&#8221;top_left&#8221; background_repeat=&#8221;repeat&#8221;][et_pb_column type=&#8221;1_2&#8243; _builder_version=&#8221;3.0.47&#8243;][et_pb_blurb title=&#8221;SPONSORSHIP OF THE BIENNALE OF CONTEMPORARY ART BY THE ONCE FOUNDATION&#8221; image=&#8221;https:\/\/www.fundaciongruposiro.com\/wp-content\/uploads\/FGS-logo-fundacion-once.jpg&#8221; image_max_width=&#8221;none&#8221; disabled_on=&#8221;on|on|on&#8221; admin_label=&#8221;Anuncio SPONSORSHIP OF THE BIENNALE OF CONTEMPORARY ART BY THE ONCE FOUNDATION&#8221; _builder_version=&#8221;3.0.87&#8243; background_size=&#8221;initial&#8221; background_position=&#8221;top_left&#8221; background_repeat=&#8221;repeat&#8221; border_style=&#8221;solid&#8221; disabled=&#8221;on&#8221;]The objective of this event, which is attended by HM Queen Sofia, is to recognise and publicise the work of artists with a disability, or who use disability as a source of inspiration. This year, the theme was technology in art.<br \/>\n[\/et_pb_blurb][et_pb_blurb title=&#8221;SCHOOL OF ENTREPRENEURS EDEM&#8221; image=&#8221;https:\/\/www.fundaciongruposiro.com\/wp-content\/uploads\/EDEM.jpg&#8221; image_max_width=&#8221;none&#8221; admin_label=&#8221;SCHOOL OF ENTREPRENEURS EDEM&#8221; _builder_version=&#8221;3.0.87&#8243; background_size=&#8221;initial&#8221; background_position=&#8221;top_left&#8221; background_repeat=&#8221;repeat&#8221; border_style=&#8221;solid&#8221;]Fundaci\u00f3n Grupo Siro helps our workers and their families to study the Degree of Engineering and Business Management of the EDEM School of Entrepreneurs by granting two annual scholarships which cover the total costs of study and living expenses.<br \/>\n[\/et_pb_blurb][\/et_pb_column][et_pb_column type=&#8221;1_2&#8243; _builder_version=&#8221;3.0.47&#8243;][et_pb_blurb title=&#8221;COLLABORATION WITH THE \u2018THE AGES OF MAN\u2019 EXHIBITION&#8221; image=&#8221;https:\/\/www.fundaciongruposiro.com\/wp-content\/uploads\/FGS-logo-fundacion-edades.jpg&#8221; image_max_width=&#8221;none&#8221; admin_label=&#8221;Anuncio COLLABORATION WITH THE 21ST EDITION OF \u2018THE AGES OF MAN\u2019 EXHIBITION&#8221; _builder_version=&#8221;3.0.87&#8243; background_size=&#8221;initial&#8221; background_position=&#8221;top_left&#8221; background_repeat=&#8221;repeat&#8221; use_border_color=&#8221;off&#8221; border_color=&#8221;#ffffff&#8221; border_style=&#8221;solid&#8221;]We set up this initiative with the aim of safeguarding the history and culture of Castile-Le\u00f3n, and to publicise it for the benefit of all.<br \/>\n[\/et_pb_blurb][\/et_pb_column][\/et_pb_row][\/et_pb_section][et_pb_section fb_built=&#8221;1&#8243; admin_label=&#8221;Secci\u00f3n&#8221; module_class=&#8221;bannerPartido &#8221; _builder_version=&#8221;3.22.3&#8243; background_color=&#8221;#fcf9f2&#8243; transparent_background=&#8221;off&#8221; make_fullwidth=&#8221;off&#8221; use_custom_width=&#8221;off&#8221; width_unit=&#8221;on&#8221;][et_pb_row custom_margin=&#8221;|||10%&#8221; parallax_method_1=&#8221;off&#8221; admin_label=&#8221;Fila&#8221; _builder_version=&#8221;3.22.3&#8243; background_size=&#8221;initial&#8221; background_position=&#8221;top_left&#8221; background_repeat=&#8221;repeat&#8221; width=&#8221;60%&#8221; max_width=&#8221;60%&#8221; make_fullwidth=&#8221;off&#8221; use_custom_width=&#8221;on&#8221; width_unit=&#8221;off&#8221; custom_width_percent=&#8221;60%&#8221;][et_pb_column type=&#8221;4_4&#8243; _builder_version=&#8221;3.0.47&#8243;][et_pb_image src=&#8221;https:\/\/www.fundaciongruposiro.com\/wp-content\/uploads\/FGS-destacada-2.jpg&#8221; admin_label=&#8221;Imagen&#8221; _builder_version=&#8221;3.0.87&#8243; animation_style=&#8221;slide&#8221; animation_direction=&#8221;right&#8221; animation_duration=&#8221;500ms&#8221; animation_intensity_slide=&#8221;10%&#8221; use_border_color=&#8221;off&#8221; border_color=&#8221;#ffffff&#8221; border_style=&#8221;solid&#8221; animation=&#8221;right&#8221; sticky=&#8221;off&#8221;][\/et_pb_image][\/et_pb_column][\/et_pb_row][\/et_pb_section][et_pb_section fb_built=&#8221;1&#8243; admin_label=&#8221;Secci\u00f3n&#8221; module_class=&#8221;bannerPartido &#8221; _builder_version=&#8221;3.22.3&#8243; background_color=&#8221;#fcf9f2&#8243; custom_padding=&#8221;1px|||&#8221; transparent_background=&#8221;off&#8221; make_fullwidth=&#8221;off&#8221; use_custom_width=&#8221;off&#8221; width_unit=&#8221;on&#8221;][et_pb_row custom_padding=&#8221;70px|75px|70px|75px&#8221; custom_padding_tablet=&#8221;40px|45px|40px|45px&#8221; custom_padding_phone=&#8221;20px|25px|20px|25px&#8221; custom_margin=&#8221;-160px|16%||&#8221; custom_padding_last_edited=&#8221;on|phone&#8221; parallax_method_1=&#8221;off&#8221; admin_label=&#8221;Fila&#8221; _builder_version=&#8221;3.22.3&#8243; background_color=&#8221;#ffffff&#8221; background_size=&#8221;initial&#8221; background_position=&#8221;top_left&#8221; background_repeat=&#8221;repeat&#8221; width=&#8221;50%&#8221; max_width=&#8221;50%&#8221; custom_margin_tablet=&#8221;0px|10%||&#8221; custom_margin_last_edited=&#8221;on|tablet&#8221; make_fullwidth=&#8221;off&#8221; use_custom_width=&#8221;on&#8221; width_unit=&#8221;off&#8221; custom_width_percent=&#8221;50%&#8221;][et_pb_column type=&#8221;4_4&#8243; _builder_version=&#8221;3.0.47&#8243;][et_pb_text admin_label=&#8221;Texto&#8221; _builder_version=&#8221;3.0.87&#8243; background_size=&#8221;initial&#8221; background_position=&#8221;top_left&#8221; background_repeat=&#8221;repeat&#8221; border_style=&#8221;solid&#8221;]<\/p>\n<h3><\/h3>\n<ul>\n<li>\u2018Talent Programme\u2019 (Inserta Forum) in partnership with the European Social Fund, which promotes the integration into the labour market of people with disabilities.<\/li>\n<li>Partnership agreement with the Universia Foundation to promote the training and employment of disabled students.<\/li>\n<li>Partnership agreement with the LAFER Foundation for its Masters programme in Agribusiness Management (MGEA).<\/li>\n<li>Involvement in the Isabel I de Castilla University\u2019s Educational Campus in Castile-Le\u00f3n.<br \/>\nFunding of restoration work on the gothic carving of Santa Ana, La V\u00edrgen y el Ni\u00f1o at Briviesca.<\/li>\n<\/ul>\n<p>[\/et_pb_text][\/et_pb_column][\/et_pb_row][\/et_pb_section][et_pb_section fb_built=&#8221;1&#8243; _builder_version=&#8221;3.22.7&#8243;][et_pb_row _builder_version=&#8221;3.22.7&#8243;][et_pb_column type=&#8221;1_3&#8243; _builder_version=&#8221;3.22.7&#8243;][et_pb_text _builder_version=&#8221;3.22.7&#8243;]<\/p>\n<h2>Associations<\/h2>\n<ul>\n<li>The Gypsy Secretariat Foundation.<\/li>\n<li>The Seres Foundation.<\/li>\n<li>For\u00e9tica.<\/li>\n<li>ONCE Foundation Inserta Responsible Forum.<\/li>\n<li>LAFER Foundation.<\/li>\n<li>Seeliger &amp; Conde Foundation.<\/li>\n<li>AEF (Spanish Association of Foundations).<\/li>\n<li>Natural Heritage Foundation.<\/li>\n<li>The Ages of Man Foundation.<\/li>\n<li>Castile-Le\u00f3n protection network for families in crisis.<\/li>\n<li>San Telmo Institute.<\/li>\n<li>EDEM Business School<\/li>\n<\/ul>\n<p>[\/et_pb_text][\/et_pb_column][et_pb_column type=&#8221;2_3&#8243; _builder_version=&#8221;3.22.7&#8243;][et_pb_image src=&#8221;https:\/\/www.fundaciongruposiro.com\/wp-content\/uploads\/Voluntariado-Ambiental-Fundaci\u00f3n-Grupo-Siro-002.jpg&#8221; _builder_version=&#8221;3.22.7&#8243;][\/et_pb_image][\/et_pb_column][\/et_pb_row][\/et_pb_section]<\/p>\n","protected":false},"excerpt":{"rendered":"<p>Partnerships and collaborations The objective of this event, which is attended by HM Queen Sofia, is to recognise and publicise the work of artists with a disability, or who use disability as a source of inspiration. This year, the theme was technology in art. Fundaci\u00f3n Grupo Siro helps our workers and their families to study [&hellip;]<\/p>\n","protected":false},"author":5,"featured_media":0,"parent":0,"menu_order":0,"comment_status":"closed","ping_status":"closed","template":"","meta":{"_et_pb_use_builder":"on","_et_pb_old_content":"","_et_gb_content_width":"","footnotes":""},"class_list":["post-994","page","type-page","status-publish","hentry"],"yoast_head":"<!-- This site is optimized with the Yoast SEO plugin v19.11 - https:\/\/yoast.com\/wordpress\/plugins\/seo\/ -->\n<title>Partnerships and collaborations - Fundaci\u00f3n Gonzalez Serna Urban<\/title>\n<meta name=\"robots\" content=\"noindex, follow, max-snippet:-1, max-image-preview:large, max-video-preview:-1\" \/>\n<meta property=\"og:locale\" content=\"en_US\" \/>\n<meta property=\"og:type\" content=\"article\" \/>\n<meta property=\"og:title\" content=\"Partnerships and collaborations - Fundaci\u00f3n Gonzalez Serna Urban\" \/>\n<meta property=\"og:description\" content=\"Partnerships and collaborations The objective of this event, which is attended by HM Queen Sofia, is to recognise and publicise the work of artists with a disability, or who use disability as a source of inspiration. This year, the theme was technology in art. Fundaci\u00f3n Grupo Siro helps our workers and their families to study [&hellip;]\" \/>\n<meta property=\"og:url\" content=\"https:\/\/www.fundaciongonzalezsernaurban.org\/en\/partnerships-and-collaborations\/\" \/>\n<meta property=\"og:site_name\" content=\"Fundaci\u00f3n Gonzalez Serna Urban\" \/>\n<meta property=\"article:modified_time\" content=\"2019-05-29T14:00:11+00:00\" \/>\n<meta name=\"twitter:card\" content=\"summary_large_image\" \/>\n<meta name=\"twitter:label1\" content=\"Est. reading time\" \/>\n\t<meta name=\"twitter:data1\" content=\"4 minutes\" \/>\n<script type=\"application\/ld+json\" class=\"yoast-schema-graph\">{\"@context\":\"https:\/\/schema.org\",\"@graph\":[{\"@type\":\"WebPage\",\"@id\":\"https:\/\/www.fundaciongonzalezsernaurban.org\/en\/partnerships-and-collaborations\/\",\"url\":\"https:\/\/www.fundaciongonzalezsernaurban.org\/en\/partnerships-and-collaborations\/\",\"name\":\"Partnerships and collaborations - Fundaci\u00f3n Gonzalez Serna Urban\",\"isPartOf\":{\"@id\":\"https:\/\/www.fundaciongonzalezsernaurban.org\/#website\"},\"datePublished\":\"2017-06-07T15:35:07+00:00\",\"dateModified\":\"2019-05-29T14:00:11+00:00\",\"breadcrumb\":{\"@id\":\"https:\/\/www.fundaciongonzalezsernaurban.org\/en\/partnerships-and-collaborations\/#breadcrumb\"},\"inLanguage\":\"en-US\",\"potentialAction\":[{\"@type\":\"ReadAction\",\"target\":[\"https:\/\/www.fundaciongonzalezsernaurban.org\/en\/partnerships-and-collaborations\/\"]}]},{\"@type\":\"BreadcrumbList\",\"@id\":\"https:\/\/www.fundaciongonzalezsernaurban.org\/en\/partnerships-and-collaborations\/#breadcrumb\",\"itemListElement\":[{\"@type\":\"ListItem\",\"position\":1,\"name\":\"Portada\",\"item\":\"https:\/\/www.fundaciongonzalezsernaurban.org\/en\/\"},{\"@type\":\"ListItem\",\"position\":2,\"name\":\"Partnerships and collaborations\"}]},{\"@type\":\"WebSite\",\"@id\":\"https:\/\/www.fundaciongonzalezsernaurban.org\/#website\",\"url\":\"https:\/\/www.fundaciongonzalezsernaurban.org\/\",\"name\":\"Fundaci\u00f3n Gonzalez Serna Urban\",\"description\":\"Garantizando la continuidad de nuestras Compa\u00f1\u00edas\",\"potentialAction\":[{\"@type\":\"SearchAction\",\"target\":{\"@type\":\"EntryPoint\",\"urlTemplate\":\"https:\/\/www.fundaciongonzalezsernaurban.org\/?s={search_term_string}\"},\"query-input\":\"required name=search_term_string\"}],\"inLanguage\":\"en-US\"}]}<\/script>\n<!-- \/ Yoast SEO plugin. -->","yoast_head_json":{"title":"Partnerships and collaborations - Fundaci\u00f3n Gonzalez Serna Urban","robots":{"index":"noindex","follow":"follow","max-snippet":"max-snippet:-1","max-image-preview":"max-image-preview:large","max-video-preview":"max-video-preview:-1"},"og_locale":"en_US","og_type":"article","og_title":"Partnerships and collaborations - Fundaci\u00f3n Gonzalez Serna Urban","og_description":"Partnerships and collaborations The objective of this event, which is attended by HM Queen Sofia, is to recognise and publicise the work of artists with a disability, or who use disability as a source of inspiration. This year, the theme was technology in art. Fundaci\u00f3n Grupo Siro helps our workers and their families to study [&hellip;]","og_url":"https:\/\/www.fundaciongonzalezsernaurban.org\/en\/partnerships-and-collaborations\/","og_site_name":"Fundaci\u00f3n Gonzalez Serna Urban","article_modified_time":"2019-05-29T14:00:11+00:00","twitter_card":"summary_large_image","twitter_misc":{"Est. reading time":"4 minutes"},"schema":{"@context":"https:\/\/schema.org","@graph":[{"@type":"WebPage","@id":"https:\/\/www.fundaciongonzalezsernaurban.org\/en\/partnerships-and-collaborations\/","url":"https:\/\/www.fundaciongonzalezsernaurban.org\/en\/partnerships-and-collaborations\/","name":"Partnerships and collaborations - Fundaci\u00f3n Gonzalez Serna Urban","isPartOf":{"@id":"https:\/\/www.fundaciongonzalezsernaurban.org\/#website"},"datePublished":"2017-06-07T15:35:07+00:00","dateModified":"2019-05-29T14:00:11+00:00","breadcrumb":{"@id":"https:\/\/www.fundaciongonzalezsernaurban.org\/en\/partnerships-and-collaborations\/#breadcrumb"},"inLanguage":"en-US","potentialAction":[{"@type":"ReadAction","target":["https:\/\/www.fundaciongonzalezsernaurban.org\/en\/partnerships-and-collaborations\/"]}]},{"@type":"BreadcrumbList","@id":"https:\/\/www.fundaciongonzalezsernaurban.org\/en\/partnerships-and-collaborations\/#breadcrumb","itemListElement":[{"@type":"ListItem","position":1,"name":"Portada","item":"https:\/\/www.fundaciongonzalezsernaurban.org\/en\/"},{"@type":"ListItem","position":2,"name":"Partnerships and collaborations"}]},{"@type":"WebSite","@id":"https:\/\/www.fundaciongonzalezsernaurban.org\/#website","url":"https:\/\/www.fundaciongonzalezsernaurban.org\/","name":"Fundaci\u00f3n Gonzalez Serna Urban","description":"Garantizando la continuidad de nuestras Compa\u00f1\u00edas","potentialAction":[{"@type":"SearchAction","target":{"@type":"EntryPoint","urlTemplate":"https:\/\/www.fundaciongonzalezsernaurban.org\/?s={search_term_string}"},"query-input":"required name=search_term_string"}],"inLanguage":"en-US"}]}},"_links":{"self":[{"href":"https:\/\/www.fundaciongonzalezsernaurban.org\/en\/wp-json\/wp\/v2\/pages\/994","targetHints":{"allow":["GET"]}}],"collection":[{"href":"https:\/\/www.fundaciongonzalezsernaurban.org\/en\/wp-json\/wp\/v2\/pages"}],"about":[{"href":"https:\/\/www.fundaciongonzalezsernaurban.org\/en\/wp-json\/wp\/v2\/types\/page"}],"author":[{"embeddable":true,"href":"https:\/\/www.fundaciongonzalezsernaurban.org\/en\/wp-json\/wp\/v2\/users\/5"}],"replies":[{"embeddable":true,"href":"https:\/\/www.fundaciongonzalezsernaurban.org\/en\/wp-json\/wp\/v2\/comments?post=994"}],"version-history":[{"count":5,"href":"https:\/\/www.fundaciongonzalezsernaurban.org\/en\/wp-json\/wp\/v2\/pages\/994\/revisions"}],"predecessor-version":[{"id":1871,"href":"https:\/\/www.fundaciongonzalezsernaurban.org\/en\/wp-json\/wp\/v2\/pages\/994\/revisions\/1871"}],"wp:attachment":[{"href":"https:\/\/www.fundaciongonzalezsernaurban.org\/en\/wp-json\/wp\/v2\/media?parent=994"}],"curies":[{"name":"wp","href":"https:\/\/api.w.org\/{rel}","templated":true}]}}