{"id":1039,"date":"2017-06-08T09:10:48","date_gmt":"2017-06-08T09:10:48","guid":{"rendered":"https:\/\/www.fundaciongruposiro.com\/?page_id=1039\/"},"modified":"2019-02-12T16:19:40","modified_gmt":"2019-02-12T16:19:40","slug":"avviso-legale","status":"publish","type":"page","link":"https:\/\/www.fundaciongonzalezsernaurban.org\/it\/avviso-legale\/","title":{"rendered":"Avviso Legale"},"content":{"rendered":"<p>[et_pb_section bb_built=&#8221;1&#8243; admin_label=&#8221;section&#8221; transparent_background=&#8221;off&#8221; allow_player_pause=&#8221;off&#8221; inner_shadow=&#8221;off&#8221; parallax=&#8221;off&#8221; parallax_method=&#8221;on&#8221; make_fullwidth=&#8221;off&#8221; use_custom_width=&#8221;off&#8221; width_unit=&#8221;on&#8221; make_equal=&#8221;off&#8221; use_custom_gutter=&#8221;off&#8221; module_class=&#8221;textosLegales&#8221;][et_pb_row admin_label=&#8221;row&#8221;][et_pb_column type=&#8221;4_4&#8243;][et_pb_text admin_label=&#8221;Texto&#8221; background_layout=&#8221;light&#8221; text_orientation=&#8221;left&#8221; header_font_size=&#8221;30&#8243; header_letter_spacing=&#8221;0&#8243; header_line_height=&#8221;1&#8243; text_letter_spacing=&#8221;0&#8243; text_line_height=&#8221;1.7&#8243; use_border_color=&#8221;off&#8221; border_color=&#8221;#ffffff&#8221; border_width=&#8221;1&#8243; border_style=&#8221;solid&#8221;]<\/p>\n<p><strong>1.- Informazioni Legali<\/strong><\/p>\n<p><a href=\"http:\/\/WWW.fundaciongruposiro.com\">www.fundaciongruposiro.com<\/a> (di seguito, il SITO WEB) \u00e8 un dominio registrato da Fundaci\u00f3n Grupo Siro, con Numero d&#8217;Identificazione Fiscale (NIF): G34236109, sede legale in Monasterio de San Pelayo, 34247 Cevico Navero, Palencia.<\/p>\n<p>POSTA ELETTRONICA:&nbsp; dpo@fundaciongruposiro.com<\/p>\n<p><strong>2.- Carattere dei servizi<\/strong><\/p>\n<p>L&#8217;acceso al SITO WEB \u00e8, in principio, di carattere gratuito, fermo restando che la stipulazione dei prodotti o servizi tramite il SITO WEB \u00e8 soggetta a un corrispettivo economico.<\/p>\n<p>Il progetto e la struttura di navigazione sono stati realizzati da Fundacion Grupo Siro.<\/p>\n<p>Le informazioni contenute in questo sito web sono state elaborate da Fundacion Grupo Siro<\/p>\n<p><strong>3.- Responsabilit\u00e0 dell&#8217;UTENTE <\/strong><\/p>\n<p>L&#8217;UTENTE s&#8217;impegna a non utilizzare il SITO WEB, n\u00e9 le informazioni offerte nello stesso, per la realizzazione di attivit\u00e0 contrarie alla legge, alla morale o all&#8217;ordine pubblico e, in generale, a fare un uso conforme alle condizioni stabilite da Fundacion Grupo Siro.<\/p>\n<p>Le opinioni, contenuti e, in generale, tutte le attivit\u00e0 realizzate dall&#8217;UTENTE, sono di sua esclusiva responsabilit\u00e0, senza che possa essere responsabilizzata Fundacion Grupo Siro dei danni che possano derivare da dette attivit\u00e0 estranee alla sua volont\u00e0 e senza che questa abbia una conoscenza effettiva delle stesse.<\/p>\n<p><strong>4.- Responsabilit\u00e0 dell&#8217;IMPRESA <\/strong><\/p>\n<p>Le informazioni sono diffuse da questo mezzo unicamente a titolo informativo, riservandosi Fundacion Grupo Siro il diritto di eliminare o sospendere la sua diffusione, totale o parziale, e di modificare la struttura e il contenuto di questo sito web senza nessun preavviso, potendo anche limitare o non permettere l&#8217;accesso a dette informazioni.<\/p>\n<p>Fundacion Grupo Siro non sar\u00e0 responsabile degli errori nell&#8217;accesso al SITO WEB o dei suoi contenuti, pur prestando la massima attenzione affinch\u00e9 questi non si producano.<\/p>\n<p>Fundacion Grupo Siro non sar\u00e0 responsabile di nessuna conseguenza, o danno che possa derivare dall&#8217;uso di questo sito web o dei suoi contenuti, inclusi i danni informatici e l&#8217;introduzione di virus, a eccezione di tutte quelle azioni che risultino dall&#8217;applicazione delle disposizioni legali alle quali deve essere soggetto il rigoroso esercizio delle sue competenze.<\/p>\n<p>Fundacion Grupo Siro si riserva il diritto di sospendere temporaneamente, e senza bisogno di preavviso, l&#8217;accesso al SITO WEB per l&#8217;eventuale necessit\u00e0 di effettuare operazioni di manutenzione, riparazione, aggiornamento o miglioramento dello stesso.<\/p>\n<p>Fundacion Grupo Siro non \u00e8 responsabile delle opinioni di terzi pubblicate nei mezzi di comunicazione, e che possono essere diffuse tramite il Portale Web.<\/p>\n<p><strong>5.- Propriet\u00e0 Intellettuale e Industriale<\/strong><\/p>\n<p>Tutti i contenuti del SITO WEB (inclusi, senza carattere limitativo, banche dati, immagini, disegni, grafici, file di testo, audio, video e software) sono propriet\u00e0 di Fundacion Grupo Siro e sono protetti dalle norme nazionali e internazionali di propriet\u00e0 intellettuale e industriale, essendo tutti i diritti riservati.<\/p>\n<p>Il nome del dominio, le marche, insegne, segni distintivi o loghi che appaiono nel SITO WEB sono di titolarit\u00e0 di Fundacion Grupo Siro.<\/p>\n<p>Tutti i testi, disegni grafici, video o supporti audio che possano trovarsi in questo momento o in futuro su questo sito internet, sono di propriet\u00e0 di Fundacion Grupo Siro e non potranno essere oggetto di ulteriore modifica, copia, alterazione, riproduzione totale o parziale, adattamento o traduzione da parte dell&#8217;UTENTE o di terzi senza l&#8217;espressa autorizzazione da parte di Fundacion Grupo Siro.<\/p>\n<p>L&#8217;uso non autorizzato delle informazioni contenute in questo SITO WEB, nonch\u00e9 la violazione dei diritti di propriet\u00e0 intellettuale o industriale daranno luogo alle responsabilit\u00e0 stabilite dalla legge.<\/p>\n<p>Sono esclusi da quanto sopra esposto le marche, le insegne, i segni distintivi o i loghi che appaiano nelle sezioni destinate a informare sull&#8217;alleanza strategica con determinati clienti o collaboratori.<\/p>\n<p><strong>6.- Collegamenti ipertestuali (Link)<\/strong><\/p>\n<p>La creazione di un link da un&#8217;altra pagina web a una qualsiasi delle pagine del SITO WEB di Fundacion Grupo Siro sar\u00e0 soggetta alle seguenti condizioni:<\/p>\n<ul>\n<li>Non \u00e8 consentita la riproduzione n\u00e9 totale n\u00e9 parziale di nessuno dei servizi contenuti nel SITO WEB di Fundacion Grupo Siro.<\/li>\n<li>Non si includer\u00e0 nessuna dichiarazione falsa, inesatta o incorretta sulle pagine del SITO WEB di Fundacion Grupo Siro e i suoi servizi.<\/li>\n<li>In nessuna circostanza, Fundacion Grupo Siro sar\u00e0 responsabile dei contenuti, informazioni, dichiarazioni, opinioni o servizi messi a disposizione del pubblico nella pagina web dalla quale si stabilisca un link al presente SITO WEB.<\/li>\n<li>Qualsiasi link sar\u00e0 effettuato alla pagina principale del SITO WEB.<\/li>\n<\/ul>\n<p>I link che si trovano nel SITO WEB sono stati preventivamente concordati con i titolari delle pagine web linkate; Fundacion Grupo Siro non sar\u00e0 responsabile del cattivo uso n\u00e9 delle attivit\u00e0 contrarie alla legge, alla morale o all&#8217;ordine pubblico che realizzino gli utenti di dette pagine linkate.<\/p>\n<p><strong>7.- Validit\u00e0 delle condizioni d&#8217;uso<\/strong><\/p>\n<p>Le condizioni d&#8217;uso di questo SITO WEB hanno carattere indeterminato. Fundacion Grupo Siro si riserva in ogni caso il diritto unilaterale di modificare le condizioni di accesso alle stesse, nonch\u00e9 il loro contenuto.<\/p>\n<p><strong>8.- Nullit\u00e0 e inefficacia delle clausole<\/strong><\/p>\n<p>Se una qualsiasi delle clausole incluse in queste condizioni fosse dichiarata totalmente o parzialmente nulla o inefficace, detta nullit\u00e0 riguarder\u00e0 solo detta disposizione o la parte della stessa che risulti nulla o inefficace, sussistendo in tutto il resto le condizioni.<\/p>\n<p><strong>9.- Legislazione e foro competente<\/strong><\/p>\n<p>La prestazione del servizio di questo SITO WEB e le presenti condizioni d&#8217;uso sono regolate dalla legge spagnola.<\/p>\n<p>Qualsiasi questione litigiosa che riguardi i servizi prestati tramite questo SITO WEB sar\u00e0 risolta tramite i tribunali d&#8217;arbitrato di consumo, intermediari o simili a quelli ai quali aderisce Fundacion Grupo Siro nel momento i cui si produrr\u00e0 la controversia, nonch\u00e9 dai Giudici e ai Tribunali competenti ai sensi della legislazione spagnola.<\/p>\n<p>[\/et_pb_text][\/et_pb_column][\/et_pb_row][\/et_pb_section]<\/p>\n","protected":false},"excerpt":{"rendered":"<p>[et_pb_section bb_built=&#8221;1&#8243; admin_label=&#8221;section&#8221; transparent_background=&#8221;off&#8221; allow_player_pause=&#8221;off&#8221; inner_shadow=&#8221;off&#8221; parallax=&#8221;off&#8221; parallax_method=&#8221;on&#8221; make_fullwidth=&#8221;off&#8221; use_custom_width=&#8221;off&#8221; width_unit=&#8221;on&#8221; make_equal=&#8221;off&#8221; use_custom_gutter=&#8221;off&#8221; module_class=&#8221;textosLegales&#8221;][et_pb_row admin_label=&#8221;row&#8221;][et_pb_column type=&#8221;4_4&#8243;][et_pb_text admin_label=&#8221;Texto&#8221; background_layout=&#8221;light&#8221; text_orientation=&#8221;left&#8221; header_font_size=&#8221;30&#8243; header_letter_spacing=&#8221;0&#8243; header_line_height=&#8221;1&#8243; text_letter_spacing=&#8221;0&#8243; text_line_height=&#8221;1.7&#8243; use_border_color=&#8221;off&#8221; border_color=&#8221;#ffffff&#8221; border_width=&#8221;1&#8243; border_style=&#8221;solid&#8221;] 1.- Informazioni Legali www.fundaciongruposiro.com (di seguito, il SITO WEB) \u00e8 un dominio registrato da Fundaci\u00f3n Grupo Siro, con Numero d&#8217;Identificazione Fiscale (NIF): G34236109, sede legale in Monasterio [&hellip;]<\/p>\n","protected":false},"author":5,"featured_media":0,"parent":0,"menu_order":0,"comment_status":"closed","ping_status":"closed","template":"","meta":{"_et_pb_use_builder":"off","_et_pb_old_content":"","_et_gb_content_width":"","footnotes":""},"class_list":["post-1039","page","type-page","status-publish","hentry"],"yoast_head":"<!-- This site is optimized with the Yoast SEO plugin v19.11 - https:\/\/yoast.com\/wordpress\/plugins\/seo\/ -->\n<title>Avviso Legale - Fundaci\u00f3n Gonzalez Serna Urban<\/title>\n<meta name=\"robots\" content=\"noindex, follow, max-snippet:-1, max-image-preview:large, max-video-preview:-1\" \/>\n<meta property=\"og:locale\" content=\"it_IT\" \/>\n<meta property=\"og:type\" content=\"article\" \/>\n<meta property=\"og:title\" content=\"Avviso Legale - Fundaci\u00f3n Gonzalez Serna Urban\" \/>\n<meta property=\"og:description\" content=\"[et_pb_section bb_built=&#8221;1&#8243; admin_label=&#8221;section&#8221; transparent_background=&#8221;off&#8221; allow_player_pause=&#8221;off&#8221; inner_shadow=&#8221;off&#8221; parallax=&#8221;off&#8221; parallax_method=&#8221;on&#8221; make_fullwidth=&#8221;off&#8221; use_custom_width=&#8221;off&#8221; width_unit=&#8221;on&#8221; make_equal=&#8221;off&#8221; use_custom_gutter=&#8221;off&#8221; module_class=&#8221;textosLegales&#8221;][et_pb_row admin_label=&#8221;row&#8221;][et_pb_column type=&#8221;4_4&#8243;][et_pb_text admin_label=&#8221;Texto&#8221; background_layout=&#8221;light&#8221; text_orientation=&#8221;left&#8221; header_font_size=&#8221;30&#8243; header_letter_spacing=&#8221;0&#8243; header_line_height=&#8221;1&#8243; text_letter_spacing=&#8221;0&#8243; text_line_height=&#8221;1.7&#8243; use_border_color=&#8221;off&#8221; border_color=&#8221;#ffffff&#8221; border_width=&#8221;1&#8243; border_style=&#8221;solid&#8221;] 1.- Informazioni Legali www.fundaciongruposiro.com (di seguito, il SITO WEB) \u00e8 un dominio registrato da Fundaci\u00f3n Grupo Siro, con Numero d&#8217;Identificazione Fiscale (NIF): G34236109, sede legale in Monasterio [&hellip;]\" \/>\n<meta property=\"og:url\" content=\"https:\/\/www.fundaciongonzalezsernaurban.org\/it\/avviso-legale\/\" \/>\n<meta property=\"og:site_name\" content=\"Fundaci\u00f3n Gonzalez Serna Urban\" \/>\n<meta property=\"article:modified_time\" content=\"2019-02-12T16:19:40+00:00\" \/>\n<meta name=\"twitter:card\" content=\"summary_large_image\" \/>\n<meta name=\"twitter:label1\" content=\"Tempo di lettura stimato\" \/>\n\t<meta name=\"twitter:data1\" content=\"5 minuti\" \/>\n<script type=\"application\/ld+json\" class=\"yoast-schema-graph\">{\"@context\":\"https:\/\/schema.org\",\"@graph\":[{\"@type\":\"WebPage\",\"@id\":\"https:\/\/www.fundaciongonzalezsernaurban.org\/it\/avviso-legale\/\",\"url\":\"https:\/\/www.fundaciongonzalezsernaurban.org\/it\/avviso-legale\/\",\"name\":\"Avviso Legale - Fundaci\u00f3n Gonzalez Serna Urban\",\"isPartOf\":{\"@id\":\"https:\/\/www.fundaciongonzalezsernaurban.org\/#website\"},\"datePublished\":\"2017-06-08T09:10:48+00:00\",\"dateModified\":\"2019-02-12T16:19:40+00:00\",\"breadcrumb\":{\"@id\":\"https:\/\/www.fundaciongonzalezsernaurban.org\/it\/avviso-legale\/#breadcrumb\"},\"inLanguage\":\"it-IT\",\"potentialAction\":[{\"@type\":\"ReadAction\",\"target\":[\"https:\/\/www.fundaciongonzalezsernaurban.org\/it\/avviso-legale\/\"]}]},{\"@type\":\"BreadcrumbList\",\"@id\":\"https:\/\/www.fundaciongonzalezsernaurban.org\/it\/avviso-legale\/#breadcrumb\",\"itemListElement\":[{\"@type\":\"ListItem\",\"position\":1,\"name\":\"Portada\",\"item\":\"https:\/\/www.fundaciongonzalezsernaurban.org\/it\/\"},{\"@type\":\"ListItem\",\"position\":2,\"name\":\"Avviso Legale\"}]},{\"@type\":\"WebSite\",\"@id\":\"https:\/\/www.fundaciongonzalezsernaurban.org\/#website\",\"url\":\"https:\/\/www.fundaciongonzalezsernaurban.org\/\",\"name\":\"Fundaci\u00f3n Gonzalez Serna Urban\",\"description\":\"Garantizando la continuidad de nuestras Compa\u00f1\u00edas\",\"potentialAction\":[{\"@type\":\"SearchAction\",\"target\":{\"@type\":\"EntryPoint\",\"urlTemplate\":\"https:\/\/www.fundaciongonzalezsernaurban.org\/?s={search_term_string}\"},\"query-input\":\"required name=search_term_string\"}],\"inLanguage\":\"it-IT\"}]}<\/script>\n<!-- \/ Yoast SEO plugin. -->","yoast_head_json":{"title":"Avviso Legale - Fundaci\u00f3n Gonzalez Serna Urban","robots":{"index":"noindex","follow":"follow","max-snippet":"max-snippet:-1","max-image-preview":"max-image-preview:large","max-video-preview":"max-video-preview:-1"},"og_locale":"it_IT","og_type":"article","og_title":"Avviso Legale - Fundaci\u00f3n Gonzalez Serna Urban","og_description":"[et_pb_section bb_built=&#8221;1&#8243; admin_label=&#8221;section&#8221; transparent_background=&#8221;off&#8221; allow_player_pause=&#8221;off&#8221; inner_shadow=&#8221;off&#8221; parallax=&#8221;off&#8221; parallax_method=&#8221;on&#8221; make_fullwidth=&#8221;off&#8221; use_custom_width=&#8221;off&#8221; width_unit=&#8221;on&#8221; make_equal=&#8221;off&#8221; use_custom_gutter=&#8221;off&#8221; module_class=&#8221;textosLegales&#8221;][et_pb_row admin_label=&#8221;row&#8221;][et_pb_column type=&#8221;4_4&#8243;][et_pb_text admin_label=&#8221;Texto&#8221; background_layout=&#8221;light&#8221; text_orientation=&#8221;left&#8221; header_font_size=&#8221;30&#8243; header_letter_spacing=&#8221;0&#8243; header_line_height=&#8221;1&#8243; text_letter_spacing=&#8221;0&#8243; text_line_height=&#8221;1.7&#8243; use_border_color=&#8221;off&#8221; border_color=&#8221;#ffffff&#8221; border_width=&#8221;1&#8243; border_style=&#8221;solid&#8221;] 1.- Informazioni Legali www.fundaciongruposiro.com (di seguito, il SITO WEB) \u00e8 un dominio registrato da Fundaci\u00f3n Grupo Siro, con Numero d&#8217;Identificazione Fiscale (NIF): G34236109, sede legale in Monasterio [&hellip;]","og_url":"https:\/\/www.fundaciongonzalezsernaurban.org\/it\/avviso-legale\/","og_site_name":"Fundaci\u00f3n Gonzalez Serna Urban","article_modified_time":"2019-02-12T16:19:40+00:00","twitter_card":"summary_large_image","twitter_misc":{"Tempo di lettura stimato":"5 minuti"},"schema":{"@context":"https:\/\/schema.org","@graph":[{"@type":"WebPage","@id":"https:\/\/www.fundaciongonzalezsernaurban.org\/it\/avviso-legale\/","url":"https:\/\/www.fundaciongonzalezsernaurban.org\/it\/avviso-legale\/","name":"Avviso Legale - Fundaci\u00f3n Gonzalez Serna Urban","isPartOf":{"@id":"https:\/\/www.fundaciongonzalezsernaurban.org\/#website"},"datePublished":"2017-06-08T09:10:48+00:00","dateModified":"2019-02-12T16:19:40+00:00","breadcrumb":{"@id":"https:\/\/www.fundaciongonzalezsernaurban.org\/it\/avviso-legale\/#breadcrumb"},"inLanguage":"it-IT","potentialAction":[{"@type":"ReadAction","target":["https:\/\/www.fundaciongonzalezsernaurban.org\/it\/avviso-legale\/"]}]},{"@type":"BreadcrumbList","@id":"https:\/\/www.fundaciongonzalezsernaurban.org\/it\/avviso-legale\/#breadcrumb","itemListElement":[{"@type":"ListItem","position":1,"name":"Portada","item":"https:\/\/www.fundaciongonzalezsernaurban.org\/it\/"},{"@type":"ListItem","position":2,"name":"Avviso Legale"}]},{"@type":"WebSite","@id":"https:\/\/www.fundaciongonzalezsernaurban.org\/#website","url":"https:\/\/www.fundaciongonzalezsernaurban.org\/","name":"Fundaci\u00f3n Gonzalez Serna Urban","description":"Garantizando la continuidad de nuestras Compa\u00f1\u00edas","potentialAction":[{"@type":"SearchAction","target":{"@type":"EntryPoint","urlTemplate":"https:\/\/www.fundaciongonzalezsernaurban.org\/?s={search_term_string}"},"query-input":"required name=search_term_string"}],"inLanguage":"it-IT"}]}},"_links":{"self":[{"href":"https:\/\/www.fundaciongonzalezsernaurban.org\/it\/wp-json\/wp\/v2\/pages\/1039","targetHints":{"allow":["GET"]}}],"collection":[{"href":"https:\/\/www.fundaciongonzalezsernaurban.org\/it\/wp-json\/wp\/v2\/pages"}],"about":[{"href":"https:\/\/www.fundaciongonzalezsernaurban.org\/it\/wp-json\/wp\/v2\/types\/page"}],"author":[{"embeddable":true,"href":"https:\/\/www.fundaciongonzalezsernaurban.org\/it\/wp-json\/wp\/v2\/users\/5"}],"replies":[{"embeddable":true,"href":"https:\/\/www.fundaciongonzalezsernaurban.org\/it\/wp-json\/wp\/v2\/comments?post=1039"}],"version-history":[{"count":4,"href":"https:\/\/www.fundaciongonzalezsernaurban.org\/it\/wp-json\/wp\/v2\/pages\/1039\/revisions"}],"predecessor-version":[{"id":1805,"href":"https:\/\/www.fundaciongonzalezsernaurban.org\/it\/wp-json\/wp\/v2\/pages\/1039\/revisions\/1805"}],"wp:attachment":[{"href":"https:\/\/www.fundaciongonzalezsernaurban.org\/it\/wp-json\/wp\/v2\/media?parent=1039"}],"curies":[{"name":"wp","href":"https:\/\/api.w.org\/{rel}","templated":true}]}}