{"id":1080,"date":"2017-06-08T10:22:23","date_gmt":"2017-06-08T10:22:23","guid":{"rendered":"https:\/\/www.fundaciongruposiro.com\/?page_id=1080\/"},"modified":"2020-06-08T07:27:08","modified_gmt":"2020-06-08T07:27:08","slug":"patronato","status":"publish","type":"page","link":"https:\/\/www.fundaciongonzalezsernaurban.org\/pt-pt\/patronato\/","title":{"rendered":"Patronato"},"content":{"rendered":"<p>[et_pb_section fb_built=&#8221;1&#8243; custom_padding_last_edited=&#8221;off|desktop&#8221; admin_label=&#8221;section&#8221; module_class=&#8221;bannerPartido&#8221; _builder_version=&#8221;3.22&#8243; background_color=&#8221;#fcf9f2&#8243; transparent_background=&#8221;off&#8221; make_fullwidth=&#8221;off&#8221; use_custom_width=&#8221;off&#8221; width_unit=&#8221;on&#8221;][et_pb_row admin_label=&#8221;row&#8221; _builder_version=&#8221;3.25&#8243; background_size=&#8221;initial&#8221; background_position=&#8221;top_left&#8221; background_repeat=&#8221;repeat&#8221;][et_pb_column type=&#8221;4_4&#8243; _builder_version=&#8221;3.25&#8243; custom_padding=&#8221;|||&#8221; custom_padding__hover=&#8221;|||&#8221;][et_pb_text admin_label=&#8221;Titulo&#8221; _builder_version=&#8221;3.27.4&#8243; background_size=&#8221;initial&#8221; background_position=&#8221;top_left&#8221; background_repeat=&#8221;repeat&#8221; use_border_color=&#8221;off&#8221; border_color=&#8221;#ffffff&#8221; border_style=&#8221;solid&#8221;]<\/p>\n<h1>Patronato da Funda\u00e7\u00e3o Grupo Siro<\/h1>\n<p>[\/et_pb_text][\/et_pb_column][\/et_pb_row][et_pb_row column_structure=&#8221;1_4,1_4,1_2&#8243; use_custom_gutter=&#8221;on&#8221; gutter_width=&#8221;2&#8243; custom_padding_last_edited=&#8221;off|desktop&#8221; admin_label=&#8221;Fila&#8221; _builder_version=&#8221;3.25&#8243; background_color=&#8221;rgba(255,255,255,0)&#8221; background_size=&#8221;initial&#8221; background_position=&#8221;top_left&#8221; background_repeat=&#8221;repeat&#8221; width=&#8221;100%&#8221; max_width=&#8221;100%&#8221; custom_margin=&#8221;|10%||&#8221; custom_padding_tablet=&#8221;40px|45px|40px|45px&#8221; custom_padding_phone=&#8221;20px|25px|20px|25px&#8221; make_fullwidth=&#8221;off&#8221; use_custom_width=&#8221;on&#8221; width_unit=&#8221;off&#8221; custom_width_percent=&#8221;100%&#8221;][et_pb_column type=&#8221;1_4&#8243; _builder_version=&#8221;3.25&#8243; custom_padding=&#8221;|||&#8221; custom_padding__hover=&#8221;|||&#8221;][et_pb_blurb title=&#8221;Juan Manuel Gonz\u00e1lez Serna&#8221; image=&#8221;https:\/\/www.fundaciongruposiro.com\/wp-content\/uploads\/FGS-foto-patronos-1.jpg&#8221; image_max_width=&#8221;none&#8221; admin_label=&#8221;Anuncio Juan Manuel&#8221; _builder_version=&#8221;3.0.87&#8243; background_color=&#8221;#ffffff&#8221; background_size=&#8221;initial&#8221; background_position=&#8221;top_left&#8221; background_repeat=&#8221;repeat&#8221; custom_padding=&#8221;20px|20px|20px|20px&#8221; custom_padding_tablet=&#8221;30px|50px|30px|50px&#8221; custom_padding_phone=&#8221;20px|30px|20px|30px&#8221; custom_padding_last_edited=&#8221;off|phone&#8221; animation=&#8221;bottom&#8221; use_border_color=&#8221;off&#8221; border_color=&#8221;#ffffff&#8221; border_style=&#8221;solid&#8221;]Presidente<br \/>\n[\/et_pb_blurb][\/et_pb_column][et_pb_column type=&#8221;1_4&#8243; _builder_version=&#8221;3.25&#8243; custom_padding=&#8221;|||&#8221; custom_padding__hover=&#8221;|||&#8221;][et_pb_blurb title=&#8221;Luc\u00eda Urb\u00e1n L\u00f3pez&#8221; image=&#8221;https:\/\/www.fundaciongruposiro.com\/wp-content\/uploads\/FGS-foto-patronos-2.jpg&#8221; image_max_width=&#8221;none&#8221; admin_label=&#8221;Anuncio Luc\u00eda&#8221; _builder_version=&#8221;3.0.87&#8243; background_color=&#8221;#ffffff&#8221; background_size=&#8221;initial&#8221; background_position=&#8221;top_left&#8221; background_repeat=&#8221;repeat&#8221; custom_padding=&#8221;20px|20px|20px|20px&#8221; custom_padding_tablet=&#8221;&#8221; custom_padding_phone=&#8221;&#8221; custom_padding_last_edited=&#8221;on|desktop&#8221; animation=&#8221;bottom&#8221; use_border_color=&#8221;off&#8221; border_color=&#8221;#ffffff&#8221; border_style=&#8221;solid&#8221;]Vice-presidente<br \/>\n[\/et_pb_blurb][\/et_pb_column][et_pb_column type=&#8221;1_2&#8243; _builder_version=&#8221;3.25&#8243; custom_padding=&#8221;|||&#8221; custom_padding__hover=&#8221;|||&#8221;][et_pb_text admin_label=&#8221;Texto&#8221; _builder_version=&#8221;3.27.4&#8243; background_color=&#8221;#ffffff&#8221; background_size=&#8221;initial&#8221; background_position=&#8221;top_left&#8221; background_repeat=&#8221;repeat&#8221; custom_padding=&#8221;70px|75px|70px|75px&#8221; custom_padding_tablet=&#8221;40px|45px|40px|45px&#8221; custom_padding_phone=&#8221;20px|25px|20px|25px&#8221; custom_padding_last_edited=&#8221;on|phone&#8221; use_border_color=&#8221;off&#8221; border_color=&#8221;#ffffff&#8221; border_style=&#8221;solid&#8221;]O Patronato ou Conselho Diretivo \u00e9 o \u00f3rg\u00e3o de dire\u00e7\u00e3o da funda\u00e7\u00e3o, cujo trabalho, al\u00e9m de garantir que se cumprem os objetivos da funda\u00e7\u00e3o, \u00e9 administrar com dilig\u00eancia os bens que integram o patrim\u00f3nio. A funda\u00e7\u00e3o est\u00e1 sob a tutela Minist\u00e9rio da Cultura, que zela pelo correto exerc\u00edcio dos seus direitos e pela legalidade da sua constitui\u00e7\u00e3o e funcionamento.<br \/>\n[\/et_pb_text][\/et_pb_column][\/et_pb_row][\/et_pb_section][et_pb_section fb_built=&#8221;1&#8243; admin_label=&#8221;Secci\u00f3n&#8221; _builder_version=&#8221;3.22&#8243;][et_pb_row column_structure=&#8221;1_4,1_4,1_4,1_4&#8243; custom_padding_last_edited=&#8221;off|desktop&#8221; admin_label=&#8221;Fila&#8221; _builder_version=&#8221;3.25&#8243; background_color=&#8221;#ffffff&#8221; background_size=&#8221;initial&#8221; background_position=&#8221;top_left&#8221; background_repeat=&#8221;repeat&#8221; max_width=&#8221;80%&#8221; custom_margin_last_edited=&#8221;off|desktop&#8221; custom_padding_tablet=&#8221;40px|45px|40px|45px&#8221; custom_padding_phone=&#8221;20px|25px|20px|25px&#8221; make_fullwidth=&#8221;off&#8221; use_custom_width=&#8221;on&#8221; width_unit=&#8221;off&#8221;][et_pb_column type=&#8221;1_4&#8243; _builder_version=&#8221;3.25&#8243; custom_padding=&#8221;|||&#8221; custom_padding__hover=&#8221;|||&#8221;][et_pb_blurb title=&#8221;Luis \u00c1ngel L\u00f3pez&#8221; image=&#8221;https:\/\/www.fundaciongruposiro.com\/wp-content\/uploads\/FGS-foto-patronos-4.jpg&#8221; image_max_width=&#8221;none&#8221; admin_label=&#8221;Anuncio Luis \u00c1ngel L\u00f3pez&#8221; _builder_version=&#8221;3.0.87&#8243; background_color=&#8221;#ffffff&#8221; background_size=&#8221;initial&#8221; background_position=&#8221;top_left&#8221; background_repeat=&#8221;repeat&#8221; custom_padding=&#8221;20px|20px|20px|20px&#8221; custom_padding_tablet=&#8221;30px|50px|30px|50px&#8221; custom_padding_phone=&#8221;20px|30px|20px|30px&#8221; custom_padding_last_edited=&#8221;off|phone&#8221; animation=&#8221;bottom&#8221; use_border_color=&#8221;off&#8221; border_color=&#8221;#ffffff&#8221; border_style=&#8221;solid&#8221;]Patrono<br \/>\n[\/et_pb_blurb][et_pb_blurb title=&#8221;Juan Pablo Rodr\u00edguez &#8221; image=&#8221;https:\/\/www.fundaciongruposiro.com\/wp-content\/uploads\/Juan-Pablo-Rodr\u00edguez-Castej\u00f3n-BW-1.jpg&#8221; image_max_width=&#8221;none&#8221; disabled_on=&#8221;off|off|off&#8221; admin_label=&#8221;Anuncio &#8211;\tJuan Pablo Rodr\u00edguez &#8221; _builder_version=&#8221;4.4.8&#8243; background_color=&#8221;#ffffff&#8221; background_size=&#8221;initial&#8221; background_position=&#8221;top_left&#8221; background_repeat=&#8221;repeat&#8221; custom_padding=&#8221;20px|20px|20px|20px&#8221; custom_padding_tablet=&#8221;30px|50px|30px|50px&#8221; custom_padding_phone=&#8221;20px|30px|20px|30px&#8221; custom_padding_last_edited=&#8221;off|phone&#8221; animation=&#8221;bottom&#8221; hover_enabled=&#8221;0&#8243; use_border_color=&#8221;off&#8221; border_color=&#8221;#ffffff&#8221; border_style=&#8221;solid&#8221; title_text=&#8221;Juan-Pablo-Rodr\u00edguez-Castej\u00f3n-BW&#8221;]<\/p>\n<p>Patrono<\/p>\n<p>[\/et_pb_blurb][\/et_pb_column][et_pb_column type=&#8221;1_4&#8243; _builder_version=&#8221;3.25&#8243; custom_padding=&#8221;|||&#8221; custom_padding__hover=&#8221;|||&#8221;][et_pb_blurb title=&#8221;Rut Aranda &#8221; image=&#8221;https:\/\/www.fundaciongruposiro.com\/wp-content\/uploads\/RUT-1.jpg&#8221; image_max_width=&#8221;none&#8221; admin_label=&#8221;Anuncio &#8211;\tRut Aranda &#8221; _builder_version=&#8221;4.4.8&#8243; background_color=&#8221;#ffffff&#8221; background_size=&#8221;initial&#8221; background_position=&#8221;top_left&#8221; background_repeat=&#8221;repeat&#8221; custom_padding=&#8221;20px|20px|20px|20px&#8221; custom_padding_tablet=&#8221;30px|50px|30px|50px&#8221; custom_padding_phone=&#8221;20px|30px|20px|30px&#8221; custom_padding_last_edited=&#8221;off|phone&#8221; animation=&#8221;bottom&#8221; hover_enabled=&#8221;0&#8243; use_border_color=&#8221;off&#8221; border_color=&#8221;#ffffff&#8221; border_style=&#8221;solid&#8221; title_text=&#8221;RUT&#8221;]<\/p>\n<p>Patrono<\/p>\n<p>[\/et_pb_blurb][et_pb_blurb title=&#8221;Jose Miguel Isidro &#8221; image=&#8221;https:\/\/www.fundaciongruposiro.com\/wp-content\/uploads\/Jose-Miguel-Isidro-1.jpg&#8221; image_max_width=&#8221;none&#8221; admin_label=&#8221;Anuncio &#8211;\tJose Miguel Isidro &#8221; _builder_version=&#8221;4.4.8&#8243; background_color=&#8221;#ffffff&#8221; background_size=&#8221;initial&#8221; background_position=&#8221;top_left&#8221; background_repeat=&#8221;repeat&#8221; custom_padding=&#8221;20px|20px|20px|20px&#8221; custom_padding_tablet=&#8221;30px|50px|30px|50px&#8221; custom_padding_phone=&#8221;20px|30px|20px|30px&#8221; custom_padding_last_edited=&#8221;off|phone&#8221; animation=&#8221;bottom&#8221; hover_enabled=&#8221;0&#8243; use_border_color=&#8221;off&#8221; border_color=&#8221;#ffffff&#8221; border_style=&#8221;solid&#8221; title_text=&#8221;Jose Miguel Isidro&#8221;]Patrono<br \/>\n[\/et_pb_blurb][\/et_pb_column][et_pb_column type=&#8221;1_4&#8243; _builder_version=&#8221;3.25&#8243; custom_padding=&#8221;|||&#8221; custom_padding__hover=&#8221;|||&#8221;][et_pb_blurb title=&#8221;Loren Tapia&#8221; image=&#8221;https:\/\/www.fundaciongruposiro.com\/wp-content\/uploads\/FGS-foto-patronos-6.jpg&#8221; image_max_width=&#8221;none&#8221; admin_label=&#8221;Anuncio Loren Tapia&#8221; _builder_version=&#8221;3.0.87&#8243; background_color=&#8221;#ffffff&#8221; background_size=&#8221;initial&#8221; background_position=&#8221;top_left&#8221; background_repeat=&#8221;repeat&#8221; custom_padding=&#8221;20px|20px|20px|20px&#8221; custom_padding_tablet=&#8221;30px|50px|30px|50px&#8221; custom_padding_phone=&#8221;20px|30px|20px|30px&#8221; custom_padding_last_edited=&#8221;off|phone&#8221; animation=&#8221;bottom&#8221; use_border_color=&#8221;off&#8221; border_color=&#8221;#ffffff&#8221; border_style=&#8221;solid&#8221;]Patrona<br \/>\n[\/et_pb_blurb][et_pb_blurb title=&#8221;Pedro Navarrete &#8221; image=&#8221;https:\/\/www.fundaciongruposiro.com\/wp-content\/uploads\/Pedro-Navarrete-1.jpg&#8221; image_max_width=&#8221;none&#8221; admin_label=&#8221;Anuncio &#8211;\tPedro Navarrete &#8221; _builder_version=&#8221;4.4.8&#8243; background_color=&#8221;#ffffff&#8221; background_size=&#8221;initial&#8221; background_position=&#8221;top_left&#8221; background_repeat=&#8221;repeat&#8221; custom_padding=&#8221;20px|20px|20px|20px&#8221; custom_padding_tablet=&#8221;30px|50px|30px|50px&#8221; custom_padding_phone=&#8221;20px|30px|20px|30px&#8221; custom_padding_last_edited=&#8221;off|phone&#8221; animation=&#8221;bottom&#8221; hover_enabled=&#8221;0&#8243; use_border_color=&#8221;off&#8221; border_color=&#8221;#ffffff&#8221; border_style=&#8221;solid&#8221; title_text=&#8221;Pedro-Navarrete&#8221;]Patrono<br \/>\n[\/et_pb_blurb][\/et_pb_column][et_pb_column type=&#8221;1_4&#8243; _builder_version=&#8221;3.25&#8243; custom_padding=&#8221;|||&#8221; custom_padding__hover=&#8221;|||&#8221;][et_pb_blurb title=&#8221;Jordi Vil\u00e0 &#8221; image=&#8221;https:\/\/www.fundaciongruposiro.com\/wp-content\/uploads\/Jordi-1.jpg&#8221; image_max_width=&#8221;none&#8221; admin_label=&#8221;Anuncio &#8211;\tJordi Vil\u00e0 &#8221; _builder_version=&#8221;4.4.8&#8243; background_color=&#8221;#ffffff&#8221; background_size=&#8221;initial&#8221; background_position=&#8221;top_left&#8221; background_repeat=&#8221;repeat&#8221; custom_padding=&#8221;20px|20px|20px|20px&#8221; custom_padding_tablet=&#8221;30px|50px|30px|50px&#8221; custom_padding_phone=&#8221;20px|30px|20px|30px&#8221; custom_padding_last_edited=&#8221;off|phone&#8221; animation=&#8221;bottom&#8221; hover_enabled=&#8221;0&#8243; use_border_color=&#8221;off&#8221; border_color=&#8221;#ffffff&#8221; border_style=&#8221;solid&#8221; title_text=&#8221;Jordi&#8221;]Patrono<br \/>\n[\/et_pb_blurb][\/et_pb_column][\/et_pb_row][\/et_pb_section]<\/p>\n","protected":false},"excerpt":{"rendered":"<p>Patronato da Funda\u00e7\u00e3o Grupo Siro Presidente Vice-presidente O Patronato ou Conselho Diretivo \u00e9 o \u00f3rg\u00e3o de dire\u00e7\u00e3o da funda\u00e7\u00e3o, cujo trabalho, al\u00e9m de garantir que se cumprem os objetivos da funda\u00e7\u00e3o, \u00e9 administrar com dilig\u00eancia os bens que integram o patrim\u00f3nio. A funda\u00e7\u00e3o est\u00e1 sob a tutela Minist\u00e9rio da Cultura, que zela pelo correto exerc\u00edcio [&hellip;]<\/p>\n","protected":false},"author":5,"featured_media":0,"parent":0,"menu_order":0,"comment_status":"closed","ping_status":"closed","template":"","meta":{"_et_pb_use_builder":"on","_et_pb_old_content":"","_et_gb_content_width":"","footnotes":""},"class_list":["post-1080","page","type-page","status-publish","hentry"],"yoast_head":"<!-- This site is optimized with the Yoast SEO plugin v19.11 - https:\/\/yoast.com\/wordpress\/plugins\/seo\/ -->\n<title>Patronato - Fundaci\u00f3n Gonzalez Serna Urban<\/title>\n<meta name=\"robots\" content=\"noindex, follow, max-snippet:-1, max-image-preview:large, max-video-preview:-1\" \/>\n<meta property=\"og:locale\" content=\"pt_PT\" \/>\n<meta property=\"og:type\" content=\"article\" \/>\n<meta property=\"og:title\" content=\"Patronato - Fundaci\u00f3n Gonzalez Serna Urban\" \/>\n<meta property=\"og:description\" content=\"Patronato da Funda\u00e7\u00e3o Grupo Siro Presidente Vice-presidente O Patronato ou Conselho Diretivo \u00e9 o \u00f3rg\u00e3o de dire\u00e7\u00e3o da funda\u00e7\u00e3o, cujo trabalho, al\u00e9m de garantir que se cumprem os objetivos da funda\u00e7\u00e3o, \u00e9 administrar com dilig\u00eancia os bens que integram o patrim\u00f3nio. A funda\u00e7\u00e3o est\u00e1 sob a tutela Minist\u00e9rio da Cultura, que zela pelo correto exerc\u00edcio [&hellip;]\" \/>\n<meta property=\"og:url\" content=\"https:\/\/www.fundaciongonzalezsernaurban.org\/pt-pt\/patronato\/\" \/>\n<meta property=\"og:site_name\" content=\"Fundaci\u00f3n Gonzalez Serna Urban\" \/>\n<meta property=\"article:modified_time\" content=\"2020-06-08T07:27:08+00:00\" \/>\n<meta name=\"twitter:card\" content=\"summary_large_image\" \/>\n<meta name=\"twitter:label1\" content=\"Tempo estimado de leitura\" \/>\n\t<meta name=\"twitter:data1\" content=\"6 minutos\" \/>\n<script type=\"application\/ld+json\" class=\"yoast-schema-graph\">{\"@context\":\"https:\/\/schema.org\",\"@graph\":[{\"@type\":\"WebPage\",\"@id\":\"https:\/\/www.fundaciongonzalezsernaurban.org\/pt-pt\/patronato\/\",\"url\":\"https:\/\/www.fundaciongonzalezsernaurban.org\/pt-pt\/patronato\/\",\"name\":\"Patronato - Fundaci\u00f3n Gonzalez Serna Urban\",\"isPartOf\":{\"@id\":\"https:\/\/www.fundaciongonzalezsernaurban.org\/#website\"},\"datePublished\":\"2017-06-08T10:22:23+00:00\",\"dateModified\":\"2020-06-08T07:27:08+00:00\",\"breadcrumb\":{\"@id\":\"https:\/\/www.fundaciongonzalezsernaurban.org\/pt-pt\/patronato\/#breadcrumb\"},\"inLanguage\":\"pt-PT\",\"potentialAction\":[{\"@type\":\"ReadAction\",\"target\":[\"https:\/\/www.fundaciongonzalezsernaurban.org\/pt-pt\/patronato\/\"]}]},{\"@type\":\"BreadcrumbList\",\"@id\":\"https:\/\/www.fundaciongonzalezsernaurban.org\/pt-pt\/patronato\/#breadcrumb\",\"itemListElement\":[{\"@type\":\"ListItem\",\"position\":1,\"name\":\"Portada\",\"item\":\"https:\/\/www.fundaciongonzalezsernaurban.org\/pt-pt\/\"},{\"@type\":\"ListItem\",\"position\":2,\"name\":\"Patronato\"}]},{\"@type\":\"WebSite\",\"@id\":\"https:\/\/www.fundaciongonzalezsernaurban.org\/#website\",\"url\":\"https:\/\/www.fundaciongonzalezsernaurban.org\/\",\"name\":\"Fundaci\u00f3n Gonzalez Serna Urban\",\"description\":\"Garantizando la continuidad de nuestras Compa\u00f1\u00edas\",\"potentialAction\":[{\"@type\":\"SearchAction\",\"target\":{\"@type\":\"EntryPoint\",\"urlTemplate\":\"https:\/\/www.fundaciongonzalezsernaurban.org\/?s={search_term_string}\"},\"query-input\":\"required name=search_term_string\"}],\"inLanguage\":\"pt-PT\"}]}<\/script>\n<!-- \/ Yoast SEO plugin. -->","yoast_head_json":{"title":"Patronato - Fundaci\u00f3n Gonzalez Serna Urban","robots":{"index":"noindex","follow":"follow","max-snippet":"max-snippet:-1","max-image-preview":"max-image-preview:large","max-video-preview":"max-video-preview:-1"},"og_locale":"pt_PT","og_type":"article","og_title":"Patronato - Fundaci\u00f3n Gonzalez Serna Urban","og_description":"Patronato da Funda\u00e7\u00e3o Grupo Siro Presidente Vice-presidente O Patronato ou Conselho Diretivo \u00e9 o \u00f3rg\u00e3o de dire\u00e7\u00e3o da funda\u00e7\u00e3o, cujo trabalho, al\u00e9m de garantir que se cumprem os objetivos da funda\u00e7\u00e3o, \u00e9 administrar com dilig\u00eancia os bens que integram o patrim\u00f3nio. A funda\u00e7\u00e3o est\u00e1 sob a tutela Minist\u00e9rio da Cultura, que zela pelo correto exerc\u00edcio [&hellip;]","og_url":"https:\/\/www.fundaciongonzalezsernaurban.org\/pt-pt\/patronato\/","og_site_name":"Fundaci\u00f3n Gonzalez Serna Urban","article_modified_time":"2020-06-08T07:27:08+00:00","twitter_card":"summary_large_image","twitter_misc":{"Tempo estimado de leitura":"6 minutos"},"schema":{"@context":"https:\/\/schema.org","@graph":[{"@type":"WebPage","@id":"https:\/\/www.fundaciongonzalezsernaurban.org\/pt-pt\/patronato\/","url":"https:\/\/www.fundaciongonzalezsernaurban.org\/pt-pt\/patronato\/","name":"Patronato - Fundaci\u00f3n Gonzalez Serna Urban","isPartOf":{"@id":"https:\/\/www.fundaciongonzalezsernaurban.org\/#website"},"datePublished":"2017-06-08T10:22:23+00:00","dateModified":"2020-06-08T07:27:08+00:00","breadcrumb":{"@id":"https:\/\/www.fundaciongonzalezsernaurban.org\/pt-pt\/patronato\/#breadcrumb"},"inLanguage":"pt-PT","potentialAction":[{"@type":"ReadAction","target":["https:\/\/www.fundaciongonzalezsernaurban.org\/pt-pt\/patronato\/"]}]},{"@type":"BreadcrumbList","@id":"https:\/\/www.fundaciongonzalezsernaurban.org\/pt-pt\/patronato\/#breadcrumb","itemListElement":[{"@type":"ListItem","position":1,"name":"Portada","item":"https:\/\/www.fundaciongonzalezsernaurban.org\/pt-pt\/"},{"@type":"ListItem","position":2,"name":"Patronato"}]},{"@type":"WebSite","@id":"https:\/\/www.fundaciongonzalezsernaurban.org\/#website","url":"https:\/\/www.fundaciongonzalezsernaurban.org\/","name":"Fundaci\u00f3n Gonzalez Serna Urban","description":"Garantizando la continuidad de nuestras Compa\u00f1\u00edas","potentialAction":[{"@type":"SearchAction","target":{"@type":"EntryPoint","urlTemplate":"https:\/\/www.fundaciongonzalezsernaurban.org\/?s={search_term_string}"},"query-input":"required name=search_term_string"}],"inLanguage":"pt-PT"}]}},"_links":{"self":[{"href":"https:\/\/www.fundaciongonzalezsernaurban.org\/pt-pt\/wp-json\/wp\/v2\/pages\/1080","targetHints":{"allow":["GET"]}}],"collection":[{"href":"https:\/\/www.fundaciongonzalezsernaurban.org\/pt-pt\/wp-json\/wp\/v2\/pages"}],"about":[{"href":"https:\/\/www.fundaciongonzalezsernaurban.org\/pt-pt\/wp-json\/wp\/v2\/types\/page"}],"author":[{"embeddable":true,"href":"https:\/\/www.fundaciongonzalezsernaurban.org\/pt-pt\/wp-json\/wp\/v2\/users\/5"}],"replies":[{"embeddable":true,"href":"https:\/\/www.fundaciongonzalezsernaurban.org\/pt-pt\/wp-json\/wp\/v2\/comments?post=1080"}],"version-history":[{"count":3,"href":"https:\/\/www.fundaciongonzalezsernaurban.org\/pt-pt\/wp-json\/wp\/v2\/pages\/1080\/revisions"}],"predecessor-version":[{"id":2249,"href":"https:\/\/www.fundaciongonzalezsernaurban.org\/pt-pt\/wp-json\/wp\/v2\/pages\/1080\/revisions\/2249"}],"wp:attachment":[{"href":"https:\/\/www.fundaciongonzalezsernaurban.org\/pt-pt\/wp-json\/wp\/v2\/media?parent=1080"}],"curies":[{"name":"wp","href":"https:\/\/api.w.org\/{rel}","templated":true}]}}