{"id":1089,"date":"2017-06-08T10:44:01","date_gmt":"2017-06-08T10:44:01","guid":{"rendered":"https:\/\/www.fundaciongruposiro.com\/?page_id=1089\/"},"modified":"2019-02-12T16:18:16","modified_gmt":"2019-02-12T16:18:16","slug":"politica-de-privacidade","status":"publish","type":"page","link":"https:\/\/www.fundaciongonzalezsernaurban.org\/pt-pt\/politica-de-privacidade\/","title":{"rendered":"Pol\u00edtica de privacidade"},"content":{"rendered":"<p>[et_pb_section bb_built=&#8221;1&#8243; admin_label=&#8221;section&#8221; transparent_background=&#8221;off&#8221; allow_player_pause=&#8221;off&#8221; inner_shadow=&#8221;off&#8221; parallax=&#8221;off&#8221; parallax_method=&#8221;on&#8221; make_fullwidth=&#8221;off&#8221; use_custom_width=&#8221;off&#8221; width_unit=&#8221;on&#8221; make_equal=&#8221;off&#8221; use_custom_gutter=&#8221;off&#8221; module_class=&#8221;textosLegales&#8221;][et_pb_row admin_label=&#8221;row&#8221; background_position=&#8221;top_left&#8221; background_repeat=&#8221;repeat&#8221; background_size=&#8221;initial&#8221;][et_pb_column type=&#8221;4_4&#8243;][et_pb_text admin_label=&#8221;Texto&#8221; background_layout=&#8221;light&#8221; text_orientation=&#8221;left&#8221; header_font_size=&#8221;30&#8243; header_letter_spacing=&#8221;0&#8243; header_line_height=&#8221;1&#8243; text_letter_spacing=&#8221;0&#8243; text_line_height=&#8221;1.7&#8243; border_width=&#8221;1&#8243; border_style=&#8221;solid&#8221; background_position=&#8221;top_left&#8221; background_repeat=&#8221;repeat&#8221; background_size=&#8221;initial&#8221; _builder_version=&#8221;3.0.51&#8243;]<\/p>\n<p><strong>1.- Identidade do Respons\u00e1vel pelo Website<\/strong><\/p>\n<p>A informa\u00e7\u00e3o facultada pelo UTILIZADOR atrav\u00e9s de qualquer dos formul\u00e1rios do WEBSITE ser\u00e1 inclu\u00edda num ou v\u00e1rios ficheiros responsabilidade da Fundaci\u00f3n Grupo Siro, com o NIF: G34236109, sede em Monasterio de San Pelayo, 34247 Cevico Navero, Palencia<\/p>\n<p><strong>2.- Finalidade do tratamento<\/strong><\/p>\n<p>Geralmente, as pessoas que usarem o Website fazem-no sem a necessidade de facultar nenhum dado pessoal. N\u00e3o obstante, para solicitar informa\u00e7\u00e3o, os Utilizadores, em certos casos, dever\u00e3o facultar certos dados pessoais. Em cumprimento da normativa vigente em mat\u00e9ria de prote\u00e7\u00e3o de dados, a Fundaci\u00f3n Grupo Siro informa que os dados pessoais facultados ser\u00e3o da sua responsabilidade e ser\u00e3o tratados com as seguintes finalidades, dependendo da via de recolha dos dados:<\/p>\n<ul>\n<li>Gerir a rela\u00e7\u00e3o contratual ou comercial estabelecida entre a Fundaci\u00f3n Grupo Siro e o UTILIZADOR.<\/li>\n<li>Prestar os servi\u00e7os ou a informa\u00e7\u00e3o solicitada pelo UTILIZADOR.<\/li>\n<li>Enviar informa\u00e7\u00e3o sobre novos produtos ou servi\u00e7os que possam ser de interesse para o UTILIZADOR, por qualquer meio, incluindo o eletr\u00f3nico.<\/li>\n<li>Caso se apresente como candidato para qualquer das empresas da Fundaci\u00f3n Grupo Siro ou Cerealto Siro Foods, avaliar a sua candidatura para processos de sele\u00e7\u00e3o presentes e futuros.<\/li>\n<li>Caso se candidate como requerente para as Bolsas de Excel\u00eancia Formativa do Grupo Siro, avalie e processe o seu pedido.<\/li>\n<\/ul>\n<p>Com esta\/s finalidade\/s, os seus dados ser\u00e3o guardados durante um prazo de 5 anos, para cumprir as obriga\u00e7\u00f5es legais da empresa. Estas finalidades est\u00e3o baseadas no seu consentimento, pelo que antes de enviar o formul\u00e1rio, ser-lhe-\u00e1 requerido que marque a caixa respetiva.<\/p>\n<p>Adicionalmente, se assim o consentir marcando a caixa correspondente, os seus dados ser\u00e3o utilizados para realizar um perfil sobre os seus gostos, as suas caracter\u00edsticas pessoais\u2026 etc. Com esta finalidade, os seus dados ser\u00e3o guardados durante um prazo de 5 anos, para cumprir as obriga\u00e7\u00f5es legais da empresa, estando esta finalidade baseada no seu consentimento expresso.<\/p>\n<p><strong>3.- Destinat\u00e1rios da informa\u00e7\u00e3o<\/strong><\/p>\n<p>Os dados que o UTILIZADOR tiver facultado \u00e0 Fundaci\u00f3n Grupo n\u00e3o ser\u00e3o comunicados a nenhum terceiro, salvo se:<\/p>\n<ul>\n<li>A ced\u00eancia estiver autorizada por alguma lei.<\/li>\n<li>A ced\u00eancia tiver como destinat\u00e1rio alguma das empresas Cerealto Siro Foods com a finalidade de responder ao seu pedido, podendo situar-se em terceiros pa\u00edses, inclusive naqueles onde a legisla\u00e7\u00e3o n\u00e3o exige um n\u00edvel de seguran\u00e7a adequado a crit\u00e9rio do Diretor da Ag\u00eancia Espanhola de Prote\u00e7\u00e3o de Dados. As entidades que formam o grupo empresarial Cerealto Siro Foods s\u00e3o: Cerealto Siro Foods S.L., Grupo Siro Corporativo, S.L., Pastas de la Carolina, S.L.U., Rosdor, S.L.U., Proyectos Paterna, S.L.U., Molinos de Castilla la Mancha, S.L.U, Inmuebles Rimarsa S.L.U., Imasdea, Innovaciones y Desarrollos Alimentarios, S.L.U., Galletas Siro, S.A., Siro Aguilar, S.L.U., Siro El Espinar, S.L.U., Siro Venta de Ba\u00f1os,S.A.U., Siro Valencia, S.L.U., Dora Fruits, S.L.U., Siro Paterna, S.A.U., Siro Medina, S.A.U., Cerealto Antequera, S.L.U., Siro Ag\u00fcimes, S.A.U., Cerealto Briviesca, S.L.U., Fundaci\u00f3n Grupo Siro, Siro Ja\u00e9n, S.L.U., Cerealto Spain Foods, S.A.U., Subproductos Tuero, S.L., Siro Sur, S.L.U., EXPLOTACION LOS ALFOCES, S.L.U., Grupo BC Servicios 2011, S.L.U., Hermanos Echeverr\u00eda Aguirre, C.B., CEREALTO FOODS, S.L.U., Cerealto Madrid, S.L.U., Cerealto UK Ltd., Cerealto Foods Italia, S.R.L., PASTIFICIO MEDITERRANEA, S.R.L., Nutriceal Foods S.A., CEREALTO TEPEJI S.R.L. de C.V., Cerealto Servicios M\u00e9xico, S.R.L. DE C.V., Cerealto USA, LLC, Cerealto Seguin, LLC, Cerealto Group, LLC, Cerealto Sintra Foods, S.A.<\/li>\n<li>Os dados forem solicitados pelo Defensor do Povo, pelo Minist\u00e9rio Fiscal ou pelos Ju\u00edzes ou Tribunais ou pelo Tribunal de Contas, no exerc\u00edcio das fun\u00e7\u00f5es que t\u00eam atribu\u00eddas.<\/li>\n<\/ul>\n<p><strong>4.- Car\u00e1ter obrigat\u00f3rio ou facultativo da informa\u00e7\u00e3o solicitada<\/strong><\/p>\n<p>Para cumprir adequadamente com esta\/s finalidade\/s, dever\u00e1 facultar os dados solicitados e marcados com um asterisco (*) em cada formul\u00e1rio.<\/p>\n<p>A recusa em fornecer essa informa\u00e7\u00e3o impedir\u00e1 tornar o servi\u00e7o solicitado pelo UTILIZADOR efetivo.<\/p>\n<p><strong>5.- Exerc\u00edcio de direitos<\/strong><\/p>\n<p>Ao facultar os seus dados pessoais, garante ter lido e aceite expressamente o tratamento dos seus dados pessoais conforme o indicado. N\u00e3o obstante, poder\u00e1 revogar a qualquer momento o consentimento prestado, assim como exercer os seus direitos de acesso, retifica\u00e7\u00e3o, exclus\u00e3o, oposi\u00e7\u00e3o, limita\u00e7\u00e3o do seu tratamento e portabilidade, quando esses direitos forem aplic\u00e1veis, atrav\u00e9s de comunica\u00e7\u00e3o escrita para a morada indicada acima ou para o endere\u00e7o de correio eletr\u00f3nico \u201cdpo @ fundaciongruposiro . com\u201d apresentando uma fotoc\u00f3pia do seu documento de identifica\u00e7\u00e3o ou documento equivalente e especificando o seu pedido.<\/p>\n<p>Da mesma forma, se considerar que os seus dados foram tratados de forma inadequada, ter\u00e1 direito a apresentar uma reclama\u00e7\u00e3o junto da Ag\u00eancia Espanhola de Prote\u00e7\u00e3o de Dados (C\/ Jorge Juan, 6. 28001 \u2013 Madrid <a href=\"http:\/\/www.agpd.es\">www.agpd.es<\/a>).<\/p>\n<p><strong>6.- Compromissos do UTILIZADOR<\/strong><\/p>\n<p>O UTILIZADOR garante que \u00e9 maior de 14 anos e que a informa\u00e7\u00e3o facultada \u00e9 exata e ver\u00eddica.<\/p>\n<p>O UTILIZADOR compromete-se a informar a Fundacion Grupo Siro de qualquer modifica\u00e7\u00e3o que sofra a informa\u00e7\u00e3o facultada por correio eletr\u00f3nico para o endere\u00e7o \u201cdpo @ fundaciongruposiro . com\u201d, identificando-se como UTILIZADOR do WEBSITE e especificando a informa\u00e7\u00e3o que deva ser modificada.<\/p>\n<p>Da mesma forma, o UTILIZADOR compromete-se a guardar as senhas e os c\u00f3digos de identifica\u00e7\u00e3o em segredo e a informar com a maior brevidade de tempo a Fundacion Grupo Siro em caso de perda, exclus\u00e3o ou acesso n\u00e3o autorizado. Se essa comunica\u00e7\u00e3o n\u00e3o ocorrer, a Fundacion Grupo Siro ficar\u00e1 exonerada de qualquer responsabilidade que possa derivar do uso indevido por terceiros n\u00e3o autorizados dessas passwords e desses c\u00f3digos identificativos.<\/p>\n<p><strong>7.- Dados de terceiros facultados pelo UTILIZADOR<\/strong><\/p>\n<p>Caso o UTILIZADOR faculte dados pessoais de terceiras pessoas com qualquer finalidade, garante ter informado previamente os afetados e ter obtido o seu consentimento para a comunica\u00e7\u00e3o dos seus dados \u00e0 Fundacion Grupo Siro.<\/p>\n<p>O UTILIZADOR garante que os afetados s\u00e3o maiores de 14 anos e que a informa\u00e7\u00e3o facultada \u00e9 exata e ver\u00eddica.<\/p>\n<p>A Fundacion Grupo Siro verificar\u00e1 o consentimento desses afetados atrav\u00e9s de um primeiro correio eletr\u00f3nico com conte\u00fado n\u00e3o comercial em que se solicitar\u00e1 a verifica\u00e7\u00e3o do consentimento outorgado no seu nome pelo UTILIZADOR.<\/p>\n<p>Caso resultem responsabilidades por um incumprimento destas condi\u00e7\u00f5es por parte do UTILIZADOR, dever\u00e1 responder pelas consequ\u00eancias desse incumprimento.<\/p>\n<p><strong>8.-Informa\u00e7\u00e3o sobre cookies.<\/strong><\/p>\n<p>A Fundacion Grupo Siro deseja inform\u00e1-lo que a nossa p\u00e1gina web utiliza cookies para medir e analisar a navega\u00e7\u00e3o dos nossos utilizadores. Os cookies s\u00e3o ficheiros que se instalam no equipamento a partir do qual acede \u00e0 nossa web com as finalidades descritas nesta p\u00e1gina. A aplica\u00e7\u00e3o que utilizamos para obter informa\u00e7\u00e3o \u00e9 o Google Analytics.<\/p>\n<p>A informa\u00e7\u00e3o obtida est\u00e1 relacionada com o n\u00famero de p\u00e1ginas visitadas, o idioma, a rede social em que se publicam as nossas not\u00edcias, a cidade ou regi\u00e3o \u00e0 qual est\u00e1 atribu\u00eddo o endere\u00e7o IP a partir do qual acede, o n\u00famero dos novos utilizadores, a frequ\u00eancia e reincid\u00eancia das visitas, o tempo de visita, o navegador ou terminal desde o qual se realiza a visita. Os dados obtidos ser\u00e3o tratados pela Google conforme a Pol\u00edtica de Privacidade do Google Analytics, dispon\u00edvel no seguinte link (<a href=\"http:\/\/www.google.es\/intl\/es_ALL\/analytics\/learn\/privacy.html\">http:\/\/www.google.es\/intl\/es_ALL\/analytics\/learn\/privacy.html<\/a>).<\/p>\n<p>Os cookies n\u00e3o ser\u00e3o instalados no seu computador at\u00e9 manifestar a sua vontade de navegar pela web atrav\u00e9s de uma das seguintes a\u00e7\u00f5es:<\/p>\n<ul>\n<li>Permanecer na web mais de 15 segundos<\/li>\n<li>Navegar verticalmente pela web<\/li>\n<li>Clicar em qualquer ponto ou link da web.<\/li>\n<\/ul>\n<p>Em todo o caso, poder\u00e1 impedir a instala\u00e7\u00e3o de cookies ou apagar os que j\u00e1 tiverem sido instalados, atrav\u00e9s da configura\u00e7\u00e3o do seu navegador, assim como atrav\u00e9s do uso de aplica\u00e7\u00f5es espec\u00edficas.<\/p>\n<p><strong>9.- Medidas de seguran\u00e7a<\/strong><\/p>\n<p>A Fundacion Grupo Siro adotou as medidas de \u00edndole t\u00e9cnica e organizativas necess\u00e1rias que garantam a seguran\u00e7a dos dados de car\u00e1ter pessoal e evitem a sua altera\u00e7\u00e3o, perda, tratamento ou acesso n\u00e3o autorizado, tendo em conta o estado da tecnologia, a natureza dos dados armazenados e os riscos a que est\u00e3o expostos, quer provenham da a\u00e7\u00e3o humana ou do meio f\u00edsico ou natural.<\/p>\n<p>N\u00e3o obstante, o UTILIZADOR deve estar consciente de que as medidas de seguran\u00e7a na Internet n\u00e3o s\u00e3o inexpugn\u00e1veis.<\/p>\n<p>[\/et_pb_text][\/et_pb_column][\/et_pb_row][\/et_pb_section]<\/p>\n","protected":false},"excerpt":{"rendered":"<p>[et_pb_section bb_built=&#8221;1&#8243; admin_label=&#8221;section&#8221; transparent_background=&#8221;off&#8221; allow_player_pause=&#8221;off&#8221; inner_shadow=&#8221;off&#8221; parallax=&#8221;off&#8221; parallax_method=&#8221;on&#8221; make_fullwidth=&#8221;off&#8221; use_custom_width=&#8221;off&#8221; width_unit=&#8221;on&#8221; make_equal=&#8221;off&#8221; use_custom_gutter=&#8221;off&#8221; module_class=&#8221;textosLegales&#8221;][et_pb_row admin_label=&#8221;row&#8221; background_position=&#8221;top_left&#8221; background_repeat=&#8221;repeat&#8221; background_size=&#8221;initial&#8221;][et_pb_column type=&#8221;4_4&#8243;][et_pb_text admin_label=&#8221;Texto&#8221; background_layout=&#8221;light&#8221; text_orientation=&#8221;left&#8221; header_font_size=&#8221;30&#8243; header_letter_spacing=&#8221;0&#8243; header_line_height=&#8221;1&#8243; text_letter_spacing=&#8221;0&#8243; text_line_height=&#8221;1.7&#8243; border_width=&#8221;1&#8243; border_style=&#8221;solid&#8221; background_position=&#8221;top_left&#8221; background_repeat=&#8221;repeat&#8221; background_size=&#8221;initial&#8221; _builder_version=&#8221;3.0.51&#8243;] 1.- Identidade do Respons\u00e1vel pelo Website A informa\u00e7\u00e3o facultada pelo UTILIZADOR atrav\u00e9s de qualquer dos formul\u00e1rios do WEBSITE ser\u00e1 inclu\u00edda num ou [&hellip;]<\/p>\n","protected":false},"author":5,"featured_media":0,"parent":0,"menu_order":0,"comment_status":"closed","ping_status":"closed","template":"","meta":{"_et_pb_use_builder":"off","_et_pb_old_content":"","_et_gb_content_width":"","footnotes":""},"class_list":["post-1089","page","type-page","status-publish","hentry"],"yoast_head":"<!-- This site is optimized with the Yoast SEO plugin v19.11 - https:\/\/yoast.com\/wordpress\/plugins\/seo\/ -->\n<title>Pol\u00edtica de privacidade - Fundaci\u00f3n Gonzalez Serna Urban<\/title>\n<meta name=\"robots\" content=\"noindex, follow, max-snippet:-1, max-image-preview:large, max-video-preview:-1\" \/>\n<meta property=\"og:locale\" content=\"pt_PT\" \/>\n<meta property=\"og:type\" content=\"article\" \/>\n<meta property=\"og:title\" content=\"Pol\u00edtica de privacidade - Fundaci\u00f3n Gonzalez Serna Urban\" \/>\n<meta property=\"og:description\" content=\"[et_pb_section bb_built=&#8221;1&#8243; admin_label=&#8221;section&#8221; transparent_background=&#8221;off&#8221; allow_player_pause=&#8221;off&#8221; inner_shadow=&#8221;off&#8221; parallax=&#8221;off&#8221; parallax_method=&#8221;on&#8221; make_fullwidth=&#8221;off&#8221; use_custom_width=&#8221;off&#8221; width_unit=&#8221;on&#8221; make_equal=&#8221;off&#8221; use_custom_gutter=&#8221;off&#8221; module_class=&#8221;textosLegales&#8221;][et_pb_row admin_label=&#8221;row&#8221; background_position=&#8221;top_left&#8221; background_repeat=&#8221;repeat&#8221; background_size=&#8221;initial&#8221;][et_pb_column type=&#8221;4_4&#8243;][et_pb_text admin_label=&#8221;Texto&#8221; background_layout=&#8221;light&#8221; text_orientation=&#8221;left&#8221; header_font_size=&#8221;30&#8243; header_letter_spacing=&#8221;0&#8243; header_line_height=&#8221;1&#8243; text_letter_spacing=&#8221;0&#8243; text_line_height=&#8221;1.7&#8243; border_width=&#8221;1&#8243; border_style=&#8221;solid&#8221; background_position=&#8221;top_left&#8221; background_repeat=&#8221;repeat&#8221; background_size=&#8221;initial&#8221; _builder_version=&#8221;3.0.51&#8243;] 1.- Identidade do Respons\u00e1vel pelo Website A informa\u00e7\u00e3o facultada pelo UTILIZADOR atrav\u00e9s de qualquer dos formul\u00e1rios do WEBSITE ser\u00e1 inclu\u00edda num ou [&hellip;]\" \/>\n<meta property=\"og:url\" content=\"https:\/\/www.fundaciongonzalezsernaurban.org\/pt-pt\/politica-de-privacidade\/\" \/>\n<meta property=\"og:site_name\" content=\"Fundaci\u00f3n Gonzalez Serna Urban\" \/>\n<meta property=\"article:modified_time\" content=\"2019-02-12T16:18:16+00:00\" \/>\n<meta name=\"twitter:card\" content=\"summary_large_image\" \/>\n<meta name=\"twitter:label1\" content=\"Tempo estimado de leitura\" \/>\n\t<meta name=\"twitter:data1\" content=\"8 minutos\" \/>\n<script type=\"application\/ld+json\" class=\"yoast-schema-graph\">{\"@context\":\"https:\/\/schema.org\",\"@graph\":[{\"@type\":\"WebPage\",\"@id\":\"https:\/\/www.fundaciongonzalezsernaurban.org\/pt-pt\/politica-de-privacidade\/\",\"url\":\"https:\/\/www.fundaciongonzalezsernaurban.org\/pt-pt\/politica-de-privacidade\/\",\"name\":\"Pol\u00edtica de privacidade - Fundaci\u00f3n Gonzalez Serna Urban\",\"isPartOf\":{\"@id\":\"https:\/\/www.fundaciongonzalezsernaurban.org\/#website\"},\"datePublished\":\"2017-06-08T10:44:01+00:00\",\"dateModified\":\"2019-02-12T16:18:16+00:00\",\"breadcrumb\":{\"@id\":\"https:\/\/www.fundaciongonzalezsernaurban.org\/pt-pt\/politica-de-privacidade\/#breadcrumb\"},\"inLanguage\":\"pt-PT\",\"potentialAction\":[{\"@type\":\"ReadAction\",\"target\":[\"https:\/\/www.fundaciongonzalezsernaurban.org\/pt-pt\/politica-de-privacidade\/\"]}]},{\"@type\":\"BreadcrumbList\",\"@id\":\"https:\/\/www.fundaciongonzalezsernaurban.org\/pt-pt\/politica-de-privacidade\/#breadcrumb\",\"itemListElement\":[{\"@type\":\"ListItem\",\"position\":1,\"name\":\"Portada\",\"item\":\"https:\/\/www.fundaciongonzalezsernaurban.org\/pt-pt\/\"},{\"@type\":\"ListItem\",\"position\":2,\"name\":\"Pol\u00edtica de privacidade\"}]},{\"@type\":\"WebSite\",\"@id\":\"https:\/\/www.fundaciongonzalezsernaurban.org\/#website\",\"url\":\"https:\/\/www.fundaciongonzalezsernaurban.org\/\",\"name\":\"Fundaci\u00f3n Gonzalez Serna Urban\",\"description\":\"Garantizando la continuidad de nuestras Compa\u00f1\u00edas\",\"potentialAction\":[{\"@type\":\"SearchAction\",\"target\":{\"@type\":\"EntryPoint\",\"urlTemplate\":\"https:\/\/www.fundaciongonzalezsernaurban.org\/?s={search_term_string}\"},\"query-input\":\"required name=search_term_string\"}],\"inLanguage\":\"pt-PT\"}]}<\/script>\n<!-- \/ Yoast SEO plugin. -->","yoast_head_json":{"title":"Pol\u00edtica de privacidade - Fundaci\u00f3n Gonzalez Serna Urban","robots":{"index":"noindex","follow":"follow","max-snippet":"max-snippet:-1","max-image-preview":"max-image-preview:large","max-video-preview":"max-video-preview:-1"},"og_locale":"pt_PT","og_type":"article","og_title":"Pol\u00edtica de privacidade - Fundaci\u00f3n Gonzalez Serna Urban","og_description":"[et_pb_section bb_built=&#8221;1&#8243; admin_label=&#8221;section&#8221; transparent_background=&#8221;off&#8221; allow_player_pause=&#8221;off&#8221; inner_shadow=&#8221;off&#8221; parallax=&#8221;off&#8221; parallax_method=&#8221;on&#8221; make_fullwidth=&#8221;off&#8221; use_custom_width=&#8221;off&#8221; width_unit=&#8221;on&#8221; make_equal=&#8221;off&#8221; use_custom_gutter=&#8221;off&#8221; module_class=&#8221;textosLegales&#8221;][et_pb_row admin_label=&#8221;row&#8221; background_position=&#8221;top_left&#8221; background_repeat=&#8221;repeat&#8221; background_size=&#8221;initial&#8221;][et_pb_column type=&#8221;4_4&#8243;][et_pb_text admin_label=&#8221;Texto&#8221; background_layout=&#8221;light&#8221; text_orientation=&#8221;left&#8221; header_font_size=&#8221;30&#8243; header_letter_spacing=&#8221;0&#8243; header_line_height=&#8221;1&#8243; text_letter_spacing=&#8221;0&#8243; text_line_height=&#8221;1.7&#8243; border_width=&#8221;1&#8243; border_style=&#8221;solid&#8221; background_position=&#8221;top_left&#8221; background_repeat=&#8221;repeat&#8221; background_size=&#8221;initial&#8221; _builder_version=&#8221;3.0.51&#8243;] 1.- Identidade do Respons\u00e1vel pelo Website A informa\u00e7\u00e3o facultada pelo UTILIZADOR atrav\u00e9s de qualquer dos formul\u00e1rios do WEBSITE ser\u00e1 inclu\u00edda num ou [&hellip;]","og_url":"https:\/\/www.fundaciongonzalezsernaurban.org\/pt-pt\/politica-de-privacidade\/","og_site_name":"Fundaci\u00f3n Gonzalez Serna Urban","article_modified_time":"2019-02-12T16:18:16+00:00","twitter_card":"summary_large_image","twitter_misc":{"Tempo estimado de leitura":"8 minutos"},"schema":{"@context":"https:\/\/schema.org","@graph":[{"@type":"WebPage","@id":"https:\/\/www.fundaciongonzalezsernaurban.org\/pt-pt\/politica-de-privacidade\/","url":"https:\/\/www.fundaciongonzalezsernaurban.org\/pt-pt\/politica-de-privacidade\/","name":"Pol\u00edtica de privacidade - Fundaci\u00f3n Gonzalez Serna Urban","isPartOf":{"@id":"https:\/\/www.fundaciongonzalezsernaurban.org\/#website"},"datePublished":"2017-06-08T10:44:01+00:00","dateModified":"2019-02-12T16:18:16+00:00","breadcrumb":{"@id":"https:\/\/www.fundaciongonzalezsernaurban.org\/pt-pt\/politica-de-privacidade\/#breadcrumb"},"inLanguage":"pt-PT","potentialAction":[{"@type":"ReadAction","target":["https:\/\/www.fundaciongonzalezsernaurban.org\/pt-pt\/politica-de-privacidade\/"]}]},{"@type":"BreadcrumbList","@id":"https:\/\/www.fundaciongonzalezsernaurban.org\/pt-pt\/politica-de-privacidade\/#breadcrumb","itemListElement":[{"@type":"ListItem","position":1,"name":"Portada","item":"https:\/\/www.fundaciongonzalezsernaurban.org\/pt-pt\/"},{"@type":"ListItem","position":2,"name":"Pol\u00edtica de privacidade"}]},{"@type":"WebSite","@id":"https:\/\/www.fundaciongonzalezsernaurban.org\/#website","url":"https:\/\/www.fundaciongonzalezsernaurban.org\/","name":"Fundaci\u00f3n Gonzalez Serna Urban","description":"Garantizando la continuidad de nuestras Compa\u00f1\u00edas","potentialAction":[{"@type":"SearchAction","target":{"@type":"EntryPoint","urlTemplate":"https:\/\/www.fundaciongonzalezsernaurban.org\/?s={search_term_string}"},"query-input":"required name=search_term_string"}],"inLanguage":"pt-PT"}]}},"_links":{"self":[{"href":"https:\/\/www.fundaciongonzalezsernaurban.org\/pt-pt\/wp-json\/wp\/v2\/pages\/1089","targetHints":{"allow":["GET"]}}],"collection":[{"href":"https:\/\/www.fundaciongonzalezsernaurban.org\/pt-pt\/wp-json\/wp\/v2\/pages"}],"about":[{"href":"https:\/\/www.fundaciongonzalezsernaurban.org\/pt-pt\/wp-json\/wp\/v2\/types\/page"}],"author":[{"embeddable":true,"href":"https:\/\/www.fundaciongonzalezsernaurban.org\/pt-pt\/wp-json\/wp\/v2\/users\/5"}],"replies":[{"embeddable":true,"href":"https:\/\/www.fundaciongonzalezsernaurban.org\/pt-pt\/wp-json\/wp\/v2\/comments?post=1089"}],"version-history":[{"count":4,"href":"https:\/\/www.fundaciongonzalezsernaurban.org\/pt-pt\/wp-json\/wp\/v2\/pages\/1089\/revisions"}],"predecessor-version":[{"id":1798,"href":"https:\/\/www.fundaciongonzalezsernaurban.org\/pt-pt\/wp-json\/wp\/v2\/pages\/1089\/revisions\/1798"}],"wp:attachment":[{"href":"https:\/\/www.fundaciongonzalezsernaurban.org\/pt-pt\/wp-json\/wp\/v2\/media?parent=1089"}],"curies":[{"name":"wp","href":"https:\/\/api.w.org\/{rel}","templated":true}]}}