{"id":1091,"date":"2017-06-08T10:52:24","date_gmt":"2017-06-08T10:52:24","guid":{"rendered":"https:\/\/www.fundaciongruposiro.com\/?page_id=1091\/"},"modified":"2019-02-12T13:12:57","modified_gmt":"2019-02-12T13:12:57","slug":"aviso-legal","status":"publish","type":"page","link":"https:\/\/www.fundaciongonzalezsernaurban.org\/pt-pt\/aviso-legal\/","title":{"rendered":"Aviso legal"},"content":{"rendered":"<p><strong>1.- Informa\u00e7\u00e3o Legal<\/strong><\/p>\n<p><a href=\"http:\/\/WWW.fundaciongruposiro.com\">www.fundaciongruposiro.com<\/a>\u00a0(doravante, o WEBSITE) \u00e9 um dom\u00ednio registado pela Fundaci\u00f3n Grupo Siro, com o NIF: G34236109, sede em Monasterio de San Pelayo, 34247 Cevico Navero, Palencia.<\/p>\n<p>CORREIO ELETR\u00d3NICO:\u00a0 dpo@fundaciongruposiro.com<\/p>\n<p><strong>2.- Car\u00e1ter dos servi\u00e7os<\/strong><\/p>\n<p>O acesso ao WEBSITE \u00e9, em princ\u00edpio, gratuito, sem preju\u00edzo de a contrata\u00e7\u00e3o dos produtos ou servi\u00e7os atrav\u00e9s do WEBSITE estar sujeita a uma contrapartida econ\u00f3mica.<\/p>\n<p>O design e a estrutura de navega\u00e7\u00e3o foram realizados pela Fundacion Grupo Siro.<\/p>\n<p>A informa\u00e7\u00e3o contida nesta web foi elaborada pela Fundacion Grupo Siro<\/p>\n<p><strong>3.- Responsabilidade do UTILIZADOR<\/strong><\/p>\n<p>O UTILIZADOR compromete-se a n\u00e3o utilizar o WEBSITE nem a informa\u00e7\u00e3o oferecida no mesmo para a realiza\u00e7\u00e3o de atividades contr\u00e1rias \u00e0 Lei, \u00e0 moral ou \u00e0 ordem p\u00fablica e, em geral, a fazer um uso conforme as condi\u00e7\u00f5es estabelecidas pela Fundacion Grupo Siro.<\/p>\n<p>As opini\u00f5es, os conte\u00fados e, em geral, todas as atividades realizadas pelo UTILIZADOR s\u00e3o da sua exclusiva responsabilidade, sem se poder responsabilizar a Fundacion Grupo Siro pelos danos ou preju\u00edzos que possam derivar dessas atividades alheia \u00e0 sua vontade e sem que esta tenha um conhecimento eficaz das mesmas.<\/p>\n<p><strong>4.- Responsabilidade da EMPRESA<\/strong><\/p>\n<p>A informa\u00e7\u00e3o divulgada por este meio \u00e9 feita unicamente a t\u00edtulo informativo, reservando-se a Fundacion Grupo Siro o direito de eliminar ou suspender a sua difus\u00e3o, total ou parcialmente, e de modificar a estrutura e o conte\u00fado deste website sem aviso pr\u00e9vio, podendo inclusive limitar ou n\u00e3o permitir o acesso a essa informa\u00e7\u00e3o.<\/p>\n<p>A Fundacion Grupo Siro n\u00e3o ser\u00e1 respons\u00e1vel pelos erros no acesso ao WEBSITE ou nos seus conte\u00fados, embora realize todas as dilig\u00eancias para que os mesmos n\u00e3o ocorram.<\/p>\n<p>A Fundacion Grupo Siro n\u00e3o se responsabilizar\u00e1 por nenhuma consequ\u00eancia, dano ou preju\u00edzo que possam derivar do uso deste website ou dos seus conte\u00fados, incluindo danos inform\u00e1ticos e a introdu\u00e7\u00e3o de v\u00edrus, exceto todas as atua\u00e7\u00f5es que sejam de aplica\u00e7\u00e3o das disposi\u00e7\u00f5es legais \u00e0s quais se deva submeter o estrito exerc\u00edcio das suas compet\u00eancias.<\/p>\n<p>A Fundacion Grupo Siro reserva-se o direito de suspender temporariamente e sem necessidade de aviso pr\u00e9vio, a acessibilidade ao WEBSITE devido a uma eventual necessidade de efetuar opera\u00e7\u00f5es de manuten\u00e7\u00e3o, repara\u00e7\u00e3o, atualiza\u00e7\u00e3o ou melhoria do mesmo.<\/p>\n<p>A Fundacion Grupo Siro n\u00e3o se responsabiliza pelas opini\u00f5es de terceiros que tenham sido publicadas em meios de comunica\u00e7\u00e3o, e que possam ser difundidas atrav\u00e9s do Portal web.<\/p>\n<p><strong>5.- Propriedade Intelectual e Industrial<\/strong><\/p>\n<p>Todos os conte\u00fados do WEBSITE (incluindo, sem car\u00e1ter limitativo, bases de dados, imagens, desenhos, gr\u00e1ficos, ficheiros de texto, \u00e1udio, v\u00eddeo e software) s\u00e3o propriedade da Fundacion Grupo Siro e est\u00e3o protegidos pelas normas nacionais e internacionais de propriedade intelectual e industrial, ficando todos os direitos reservados.<\/p>\n<p>O nome de dom\u00ednio, as marcas, os r\u00f3tulos, os sinais distintivos ou logotipos que aparecem no WEBSITE s\u00e3o titularidade da Fundacion Grupo Siro.<\/p>\n<p>Todos os textos, desenhos, gr\u00e1ficos, v\u00eddeos ou suportes de \u00e1udio que possam estar, neste momento ou num futuro, neste site de Internet, s\u00e3o propriedade da Fundacion Grupo Siro e, posteriormente, n\u00e3o poder\u00e3o ser objeto de modifica\u00e7\u00e3o, c\u00f3pia, altera\u00e7\u00e3o, reprodu\u00e7\u00e3o total ou parcial, adapta\u00e7\u00e3o ou tradu\u00e7\u00e3o por parte do UTILIZADOR ou de terceiros sem a expressa autoriza\u00e7\u00e3o por parte da Fundacion Grupo Siro.<\/p>\n<p>A utiliza\u00e7\u00e3o n\u00e3o autorizada da informa\u00e7\u00e3o contida neste WEBSITE, assim como a viola\u00e7\u00e3o dos direitos de propriedade intelectual ou industrial dar\u00e1 lugar \u00e0s responsabilidades legalmente estabelecidas.<\/p>\n<p>S\u00e3o exce\u00e7\u00e3o do anteriormente exposto as marcas, os r\u00f3tulos, os sinais distintivos ou logotipos que apare\u00e7am nas sec\u00e7\u00f5es destinadas a informar sobre a alian\u00e7a estrat\u00e9gica com determinados clientes ou colaboradores.<\/p>\n<p><strong>6.- Hiperliga\u00e7\u00f5es<\/strong><\/p>\n<p>O estabelecimento de qualquer hiperliga\u00e7\u00e3o desde uma p\u00e1gina web alheia para qualquer das p\u00e1ginas do WEBSITE da Fundacion Grupo Siro estar\u00e1 sujeito \u00e0s seguintes condi\u00e7\u00f5es:<\/p>\n<ul>\n<li>N\u00e3o se permite a reprodu\u00e7\u00e3o nem total nem parcial de nenhum dos servi\u00e7os contidos no WEBSITE da Fundacion Grupo Siro.<\/li>\n<li>N\u00e3o se incluir\u00e1 nenhuma manifesta\u00e7\u00e3o falsa, inexata ou incorreta sobre as p\u00e1ginas do WEBSITE da Fundacion Grupo Siro e dos seus servi\u00e7os.<\/li>\n<li>Em nenhuma circunst\u00e2ncia, a Fundacion Grupo Siro ser\u00e1 respons\u00e1vel pelos conte\u00fados, pelas informa\u00e7\u00f5es, manifesta\u00e7\u00f5es, opini\u00f5es ou servi\u00e7os colocados \u00e0 disposi\u00e7\u00e3o do p\u00fablico na p\u00e1gina web desde a qual se estabele\u00e7a uma hiperliga\u00e7\u00e3o para o presente WEBSITE.<\/li>\n<li>Qualquer hiperliga\u00e7\u00e3o ser\u00e1 feita para a p\u00e1gina principal do WEBSITE.<\/li>\n<\/ul>\n<p>As hiperliga\u00e7\u00f5es contidas no WEBSITE foram previamente acordadas com os titulares das p\u00e1ginas web ligadas, a Fundacion Grupo Siro n\u00e3o ser\u00e1 respons\u00e1vel pela m\u00e1 utiliza\u00e7\u00e3o nem pelas atividades contr\u00e1rias \u00e0 lei, \u00e0 moral ou \u00e0 ordem p\u00fablica que os utilizadores realizarem nessas p\u00e1ginas ligadas.<\/p>\n<p><strong>7.- Vig\u00eancia das condi\u00e7\u00f5es de uso<\/strong><\/p>\n<p>As condi\u00e7\u00f5es de uso deste WEBSITE t\u00eam car\u00e1ter indefinido. A Fundacion Grupo Siro reserva-se sempre o direito unilateral de modificar as condi\u00e7\u00f5es de acesso \u00e0s mesmas, assim como o seu conte\u00fado.<\/p>\n<p><strong>8.- Nulidade e inefic\u00e1cia das cl\u00e1usulas<\/strong><\/p>\n<p>Se qualquer cl\u00e1usula inclu\u00edda nestas condi\u00e7\u00f5es for declarada, total ou parcialmente, nula ou ineficaz, tal nulidade afetar\u00e1 apenas a referida disposi\u00e7\u00e3o ou a parte da mesma que se tornar nula ou ineficaz, subsistindo as condi\u00e7\u00f5es em tudo o resto.<\/p>\n<p><strong>9.- Legisla\u00e7\u00e3o e jurisdi\u00e7\u00e3o aplic\u00e1veis<\/strong><\/p>\n<p>A presta\u00e7\u00e3o do servi\u00e7o deste WEBSITE e as presentes condi\u00e7\u00f5es de uso regem-se pela lei espanhola.<\/p>\n<p>Qualquer quest\u00e3o litigiosa que incumba os servi\u00e7os prestados atrav\u00e9s deste WEBSITE ser\u00e1 resolvida pelos tribunais arbitrais de consumo, mediadores ou semelhantes dos quais a Fundacion Grupo Siro \u00e9 aderente no momento da ocorr\u00eancia do lit\u00edgio, assim como pelos julgados e tribunais correspondentes em conformidade com a legisla\u00e7\u00e3o espanhola.<\/p>\n","protected":false},"excerpt":{"rendered":"<p>1.- Informa\u00e7\u00e3o Legal www.fundaciongruposiro.com\u00a0(doravante, o WEBSITE) \u00e9 um dom\u00ednio registado pela Fundaci\u00f3n Grupo Siro, com o NIF: G34236109, sede em Monasterio de San Pelayo, 34247 Cevico Navero, Palencia. CORREIO ELETR\u00d3NICO:\u00a0 dpo@fundaciongruposiro.com 2.- Car\u00e1ter dos servi\u00e7os O acesso ao WEBSITE \u00e9, em princ\u00edpio, gratuito, sem preju\u00edzo de a contrata\u00e7\u00e3o dos produtos ou servi\u00e7os atrav\u00e9s do WEBSITE [&hellip;]<\/p>\n","protected":false},"author":5,"featured_media":0,"parent":0,"menu_order":0,"comment_status":"closed","ping_status":"closed","template":"","meta":{"_et_pb_use_builder":"off","_et_pb_old_content":"","_et_gb_content_width":"","footnotes":""},"class_list":["post-1091","page","type-page","status-publish","hentry"],"yoast_head":"<!-- This site is optimized with the Yoast SEO plugin v19.11 - https:\/\/yoast.com\/wordpress\/plugins\/seo\/ -->\n<title>Aviso legal - Fundaci\u00f3n Gonzalez Serna Urban<\/title>\n<meta name=\"robots\" content=\"noindex, follow, max-snippet:-1, max-image-preview:large, max-video-preview:-1\" \/>\n<meta property=\"og:locale\" content=\"pt_PT\" \/>\n<meta property=\"og:type\" content=\"article\" \/>\n<meta property=\"og:title\" content=\"Aviso legal - Fundaci\u00f3n Gonzalez Serna Urban\" \/>\n<meta property=\"og:description\" content=\"1.- Informa\u00e7\u00e3o Legal www.fundaciongruposiro.com\u00a0(doravante, o WEBSITE) \u00e9 um dom\u00ednio registado pela Fundaci\u00f3n Grupo Siro, com o NIF: G34236109, sede em Monasterio de San Pelayo, 34247 Cevico Navero, Palencia. CORREIO ELETR\u00d3NICO:\u00a0 dpo@fundaciongruposiro.com 2.- Car\u00e1ter dos servi\u00e7os O acesso ao WEBSITE \u00e9, em princ\u00edpio, gratuito, sem preju\u00edzo de a contrata\u00e7\u00e3o dos produtos ou servi\u00e7os atrav\u00e9s do WEBSITE [&hellip;]\" \/>\n<meta property=\"og:url\" content=\"https:\/\/www.fundaciongonzalezsernaurban.org\/pt-pt\/aviso-legal\/\" \/>\n<meta property=\"og:site_name\" content=\"Fundaci\u00f3n Gonzalez Serna Urban\" \/>\n<meta property=\"article:modified_time\" content=\"2019-02-12T13:12:57+00:00\" \/>\n<meta name=\"twitter:card\" content=\"summary_large_image\" \/>\n<meta name=\"twitter:label1\" content=\"Tempo estimado de leitura\" \/>\n\t<meta name=\"twitter:data1\" content=\"5 minutos\" \/>\n<script type=\"application\/ld+json\" class=\"yoast-schema-graph\">{\"@context\":\"https:\/\/schema.org\",\"@graph\":[{\"@type\":\"WebPage\",\"@id\":\"https:\/\/www.fundaciongonzalezsernaurban.org\/pt-pt\/aviso-legal\/\",\"url\":\"https:\/\/www.fundaciongonzalezsernaurban.org\/pt-pt\/aviso-legal\/\",\"name\":\"Aviso legal - Fundaci\u00f3n Gonzalez Serna Urban\",\"isPartOf\":{\"@id\":\"https:\/\/www.fundaciongonzalezsernaurban.org\/#website\"},\"datePublished\":\"2017-06-08T10:52:24+00:00\",\"dateModified\":\"2019-02-12T13:12:57+00:00\",\"breadcrumb\":{\"@id\":\"https:\/\/www.fundaciongonzalezsernaurban.org\/pt-pt\/aviso-legal\/#breadcrumb\"},\"inLanguage\":\"pt-PT\",\"potentialAction\":[{\"@type\":\"ReadAction\",\"target\":[\"https:\/\/www.fundaciongonzalezsernaurban.org\/pt-pt\/aviso-legal\/\"]}]},{\"@type\":\"BreadcrumbList\",\"@id\":\"https:\/\/www.fundaciongonzalezsernaurban.org\/pt-pt\/aviso-legal\/#breadcrumb\",\"itemListElement\":[{\"@type\":\"ListItem\",\"position\":1,\"name\":\"Portada\",\"item\":\"https:\/\/www.fundaciongonzalezsernaurban.org\/pt-pt\/\"},{\"@type\":\"ListItem\",\"position\":2,\"name\":\"Aviso legal\"}]},{\"@type\":\"WebSite\",\"@id\":\"https:\/\/www.fundaciongonzalezsernaurban.org\/#website\",\"url\":\"https:\/\/www.fundaciongonzalezsernaurban.org\/\",\"name\":\"Fundaci\u00f3n Gonzalez Serna Urban\",\"description\":\"Garantizando la continuidad de nuestras Compa\u00f1\u00edas\",\"potentialAction\":[{\"@type\":\"SearchAction\",\"target\":{\"@type\":\"EntryPoint\",\"urlTemplate\":\"https:\/\/www.fundaciongonzalezsernaurban.org\/?s={search_term_string}\"},\"query-input\":\"required name=search_term_string\"}],\"inLanguage\":\"pt-PT\"}]}<\/script>\n<!-- \/ Yoast SEO plugin. -->","yoast_head_json":{"title":"Aviso legal - Fundaci\u00f3n Gonzalez Serna Urban","robots":{"index":"noindex","follow":"follow","max-snippet":"max-snippet:-1","max-image-preview":"max-image-preview:large","max-video-preview":"max-video-preview:-1"},"og_locale":"pt_PT","og_type":"article","og_title":"Aviso legal - Fundaci\u00f3n Gonzalez Serna Urban","og_description":"1.- Informa\u00e7\u00e3o Legal www.fundaciongruposiro.com\u00a0(doravante, o WEBSITE) \u00e9 um dom\u00ednio registado pela Fundaci\u00f3n Grupo Siro, com o NIF: G34236109, sede em Monasterio de San Pelayo, 34247 Cevico Navero, Palencia. CORREIO ELETR\u00d3NICO:\u00a0 dpo@fundaciongruposiro.com 2.- Car\u00e1ter dos servi\u00e7os O acesso ao WEBSITE \u00e9, em princ\u00edpio, gratuito, sem preju\u00edzo de a contrata\u00e7\u00e3o dos produtos ou servi\u00e7os atrav\u00e9s do WEBSITE [&hellip;]","og_url":"https:\/\/www.fundaciongonzalezsernaurban.org\/pt-pt\/aviso-legal\/","og_site_name":"Fundaci\u00f3n Gonzalez Serna Urban","article_modified_time":"2019-02-12T13:12:57+00:00","twitter_card":"summary_large_image","twitter_misc":{"Tempo estimado de leitura":"5 minutos"},"schema":{"@context":"https:\/\/schema.org","@graph":[{"@type":"WebPage","@id":"https:\/\/www.fundaciongonzalezsernaurban.org\/pt-pt\/aviso-legal\/","url":"https:\/\/www.fundaciongonzalezsernaurban.org\/pt-pt\/aviso-legal\/","name":"Aviso legal - Fundaci\u00f3n Gonzalez Serna Urban","isPartOf":{"@id":"https:\/\/www.fundaciongonzalezsernaurban.org\/#website"},"datePublished":"2017-06-08T10:52:24+00:00","dateModified":"2019-02-12T13:12:57+00:00","breadcrumb":{"@id":"https:\/\/www.fundaciongonzalezsernaurban.org\/pt-pt\/aviso-legal\/#breadcrumb"},"inLanguage":"pt-PT","potentialAction":[{"@type":"ReadAction","target":["https:\/\/www.fundaciongonzalezsernaurban.org\/pt-pt\/aviso-legal\/"]}]},{"@type":"BreadcrumbList","@id":"https:\/\/www.fundaciongonzalezsernaurban.org\/pt-pt\/aviso-legal\/#breadcrumb","itemListElement":[{"@type":"ListItem","position":1,"name":"Portada","item":"https:\/\/www.fundaciongonzalezsernaurban.org\/pt-pt\/"},{"@type":"ListItem","position":2,"name":"Aviso legal"}]},{"@type":"WebSite","@id":"https:\/\/www.fundaciongonzalezsernaurban.org\/#website","url":"https:\/\/www.fundaciongonzalezsernaurban.org\/","name":"Fundaci\u00f3n Gonzalez Serna Urban","description":"Garantizando la continuidad de nuestras Compa\u00f1\u00edas","potentialAction":[{"@type":"SearchAction","target":{"@type":"EntryPoint","urlTemplate":"https:\/\/www.fundaciongonzalezsernaurban.org\/?s={search_term_string}"},"query-input":"required name=search_term_string"}],"inLanguage":"pt-PT"}]}},"_links":{"self":[{"href":"https:\/\/www.fundaciongonzalezsernaurban.org\/pt-pt\/wp-json\/wp\/v2\/pages\/1091","targetHints":{"allow":["GET"]}}],"collection":[{"href":"https:\/\/www.fundaciongonzalezsernaurban.org\/pt-pt\/wp-json\/wp\/v2\/pages"}],"about":[{"href":"https:\/\/www.fundaciongonzalezsernaurban.org\/pt-pt\/wp-json\/wp\/v2\/types\/page"}],"author":[{"embeddable":true,"href":"https:\/\/www.fundaciongonzalezsernaurban.org\/pt-pt\/wp-json\/wp\/v2\/users\/5"}],"replies":[{"embeddable":true,"href":"https:\/\/www.fundaciongonzalezsernaurban.org\/pt-pt\/wp-json\/wp\/v2\/comments?post=1091"}],"version-history":[{"count":5,"href":"https:\/\/www.fundaciongonzalezsernaurban.org\/pt-pt\/wp-json\/wp\/v2\/pages\/1091\/revisions"}],"predecessor-version":[{"id":1796,"href":"https:\/\/www.fundaciongonzalezsernaurban.org\/pt-pt\/wp-json\/wp\/v2\/pages\/1091\/revisions\/1796"}],"wp:attachment":[{"href":"https:\/\/www.fundaciongonzalezsernaurban.org\/pt-pt\/wp-json\/wp\/v2\/media?parent=1091"}],"curies":[{"name":"wp","href":"https:\/\/api.w.org\/{rel}","templated":true}]}}