{"id":1093,"date":"2017-06-08T10:55:06","date_gmt":"2017-06-08T10:55:06","guid":{"rendered":"https:\/\/www.fundaciongruposiro.com\/?page_id=1093\/"},"modified":"2017-06-08T10:55:06","modified_gmt":"2017-06-08T10:55:06","slug":"premio","status":"publish","type":"page","link":"https:\/\/www.fundaciongonzalezsernaurban.org\/pt-pt\/premio\/","title":{"rendered":"Pr\u00eamio"},"content":{"rendered":"<p>[et_pb_section bb_built=&#8221;1&#8243; admin_label=&#8221;Secci\u00f3n&#8221; fullwidth=&#8221;off&#8221; specialty=&#8221;off&#8221; transparent_background=&#8221;off&#8221; background_color=&#8221;#fcf9f2&#8243; allow_player_pause=&#8221;off&#8221; inner_shadow=&#8221;off&#8221; parallax=&#8221;off&#8221; parallax_method=&#8221;on&#8221; custom_padding=&#8221;||0px|&#8221; make_fullwidth=&#8221;off&#8221; use_custom_width=&#8221;off&#8221; width_unit=&#8221;on&#8221; make_equal=&#8221;off&#8221; use_custom_gutter=&#8221;off&#8221; module_class=&#8221;bannerPartido&#8221;][et_pb_row admin_label=&#8221;Fila&#8221;][et_pb_column type=&#8221;4_4&#8243;][et_pb_text admin_label=&#8221;T\u00edtulo&#8221; background_layout=&#8221;light&#8221; text_orientation=&#8221;left&#8221; use_border_color=&#8221;off&#8221; border_color=&#8221;#ffffff&#8221; border_style=&#8221;solid&#8221;]<\/p>\n<h1>Pr\u00e9mios para a investiga\u00e7\u00e3o agroalimentar<\/h1>\n<p>[\/et_pb_text][et_pb_text admin_label=&#8221;Texto&#8221; background_layout=&#8221;light&#8221; text_orientation=&#8221;left&#8221; use_border_color=&#8221;off&#8221; border_color=&#8221;#ffffff&#8221; border_style=&#8221;solid&#8221;]<\/p>\n<p>A Funda\u00e7\u00e3o Grupo Siro tem, entre as suas atividades, a promo\u00e7\u00e3o da investiga\u00e7\u00e3o. No seu empenho em impulsionar a mesma como ferramenta de melhoria do sector agroalimentar, nasce este pr\u00e9mio.<\/p>\n<p>O Pr\u00e9mio Funda\u00e7\u00e3o Grupo Siro para a Investiga\u00e7\u00e3o Agroalimentar quer reconhecer e incentivar o trabalho de investiga\u00e7\u00e3o neste \u00e2mbito, essencial para o desenvolvimento econ\u00f3mico sustent\u00e1vel e o bem-estar social, distinguindo e apoiando a divulga\u00e7\u00e3o daqueles trabalhos de destaque pela sua inova\u00e7\u00e3o e aplica\u00e7\u00e3o, que constituem o fundamento do progresso social.<\/p>\n<p>[\/et_pb_text][\/et_pb_column][\/et_pb_row][et_pb_row admin_label=&#8221;Fila&#8221; make_fullwidth=&#8221;off&#8221; use_custom_width=&#8221;on&#8221; width_unit=&#8221;off&#8221; custom_width_percent=&#8221;60%&#8221; use_custom_gutter=&#8221;off&#8221; custom_margin=&#8221;|||10%&#8221; allow_player_pause=&#8221;off&#8221; parallax=&#8221;off&#8221; parallax_method=&#8221;on&#8221; make_equal=&#8221;off&#8221; parallax_1=&#8221;off&#8221; parallax_method_1=&#8221;off&#8221; custom_margin_last_edited=&#8221;on|desktop&#8221; custom_padding_tablet=&#8221;0px||0px|&#8221; custom_padding_last_edited=&#8221;on|phone&#8221;][et_pb_column type=&#8221;4_4&#8243;][et_pb_image admin_label=&#8221;Imagen&#8221; src=&#8221;https:\/\/www.fundaciongruposiro.com\/wp-content\/uploads\/FGS-foto-premio-1.jpg&#8221; show_in_lightbox=&#8221;off&#8221; url_new_window=&#8221;off&#8221; use_overlay=&#8221;off&#8221; animation=&#8221;right&#8221; sticky=&#8221;off&#8221; align=&#8221;left&#8221; force_fullwidth=&#8221;off&#8221; always_center_on_mobile=&#8221;on&#8221; use_border_color=&#8221;off&#8221; border_color=&#8221;#ffffff&#8221; border_style=&#8221;solid&#8221; custom_margin=&#8221;|-80px||&#8221; custom_margin_tablet=&#8221;|0px||&#8221; custom_margin_last_edited=&#8221;on|desktop&#8221; \/][\/et_pb_column][\/et_pb_row][\/et_pb_section][et_pb_section bb_built=&#8221;1&#8243; admin_label=&#8221;Secci\u00f3n&#8221; fullwidth=&#8221;off&#8221; specialty=&#8221;off&#8221; transparent_background=&#8221;off&#8221; background_color=&#8221;#fcf9f2&#8243; allow_player_pause=&#8221;off&#8221; inner_shadow=&#8221;off&#8221; parallax=&#8221;off&#8221; parallax_method=&#8221;on&#8221; custom_padding=&#8221;||0px|&#8221; make_fullwidth=&#8221;off&#8221; use_custom_width=&#8221;off&#8221; width_unit=&#8221;on&#8221; make_equal=&#8221;off&#8221; use_custom_gutter=&#8221;off&#8221; module_class=&#8221;bannerPartido&#8221;][et_pb_row admin_label=&#8221;Fila&#8221; make_fullwidth=&#8221;off&#8221; use_custom_width=&#8221;on&#8221; width_unit=&#8221;off&#8221; custom_width_percent=&#8221;40%&#8221; use_custom_gutter=&#8221;off&#8221; custom_margin=&#8221;-220px|10%||&#8221; allow_player_pause=&#8221;off&#8221; parallax=&#8221;off&#8221; parallax_method=&#8221;on&#8221; make_equal=&#8221;off&#8221; parallax_1=&#8221;off&#8221; parallax_method_1=&#8221;off&#8221; custom_margin_tablet=&#8221;0px|10%||&#8221; custom_margin_last_edited=&#8221;on|phone&#8221; custom_padding_tablet=&#8221;||0px|&#8221; custom_padding_last_edited=&#8221;on|phone&#8221;][et_pb_column type=&#8221;4_4&#8243;][et_pb_image admin_label=&#8221;Imagen&#8221; src=&#8221;https:\/\/www.fundaciongruposiro.com\/wp-content\/uploads\/FGS-foto-premio-2.jpg&#8221; show_in_lightbox=&#8221;off&#8221; url_new_window=&#8221;off&#8221; use_overlay=&#8221;off&#8221; animation=&#8221;left&#8221; sticky=&#8221;off&#8221; align=&#8221;left&#8221; force_fullwidth=&#8221;off&#8221; always_center_on_mobile=&#8221;on&#8221; use_border_color=&#8221;off&#8221; border_color=&#8221;#ffffff&#8221; border_style=&#8221;solid&#8221; custom_margin=&#8221;|||-120px&#8221; custom_margin_tablet=&#8221;|||0px&#8221; custom_margin_last_edited=&#8221;on|desktop&#8221; \/][\/et_pb_column][\/et_pb_row][\/et_pb_section][et_pb_section bb_built=&#8221;1&#8243; admin_label=&#8221;Secci\u00f3n&#8221; fullwidth=&#8221;off&#8221; specialty=&#8221;off&#8221; transparent_background=&#8221;off&#8221; background_color=&#8221;#fcf9f2&#8243; allow_player_pause=&#8221;off&#8221; inner_shadow=&#8221;off&#8221; parallax=&#8221;off&#8221; parallax_method=&#8221;on&#8221; custom_padding=&#8221;||0px|&#8221; make_fullwidth=&#8221;off&#8221; use_custom_width=&#8221;off&#8221; width_unit=&#8221;on&#8221; make_equal=&#8221;off&#8221; use_custom_gutter=&#8221;off&#8221; module_class=&#8221;bannerPartido&#8221; disabled=&#8221;off&#8221; disabled_on=&#8221;off|off|off&#8221;][et_pb_row admin_label=&#8221;row&#8221;][et_pb_column type=&#8221;4_4&#8243;][et_pb_text admin_label=&#8221;Titulo&#8221; background_layout=&#8221;light&#8221; text_orientation=&#8221;left&#8221; use_border_color=&#8221;off&#8221; border_color=&#8221;#ffffff&#8221; border_style=&#8221;solid&#8221;]<\/p>\n<h2>I Edi\u00e7\u00e3o Pr\u00e9mio Funda\u00e7\u00e3o Grupo Siro para a Investiga\u00e7\u00e3o Agroalimentar<\/h2>\n<p>[\/et_pb_text][\/et_pb_column][\/et_pb_row][\/et_pb_section][et_pb_section bb_built=&#8221;1&#8243; admin_label=&#8221;Secci\u00f3n&#8221; fullwidth=&#8221;off&#8221; specialty=&#8221;off&#8221; transparent_background=&#8221;off&#8221; allow_player_pause=&#8221;off&#8221; inner_shadow=&#8221;off&#8221; parallax=&#8221;off&#8221; parallax_method=&#8221;on&#8221; custom_padding=&#8221;10px|||&#8221; make_fullwidth=&#8221;off&#8221; use_custom_width=&#8221;off&#8221; width_unit=&#8221;on&#8221; make_equal=&#8221;off&#8221; use_custom_gutter=&#8221;off&#8221;][et_pb_row admin_label=&#8221;Fila&#8221;][et_pb_column type=&#8221;4_4&#8243;][et_pb_text admin_label=&#8221;Texto&#8221; background_layout=&#8221;light&#8221; text_orientation=&#8221;left&#8221; use_border_color=&#8221;off&#8221; border_color=&#8221;#ffffff&#8221; border_style=&#8221;solid&#8221;]<\/p>\n<p>A I Edi\u00e7\u00e3o do \u201cPr\u00e9mio Funda\u00e7\u00e3o Grupo Siro para a Investiga\u00e7\u00e3o Agroalimentar\u201d tem como objetivo incentivar e reconhecer o trabalho de investiga\u00e7\u00e3o neste \u00e2mbito, distinguindo e apoiando a divulga\u00e7\u00e3o daqueles trabalhos de destaque que podem contribuir para aumentar a especializa\u00e7\u00e3o e a competitividade agr\u00e1rias e, por consequ\u00eancia, impulsionar o sector prim\u00e1rio espanhol, pilar fundamental do desenvolvimento econ\u00f3mico sustent\u00e1vel e do progresso social.<\/p>\n<p>O pr\u00e9mio tem um valor de 15.000 euros e a men\u00e7\u00e3o honrosa para projetos de Castela e Le\u00e3o tem um valor de 5000 euros. Esta I Edi\u00e7\u00e3o est\u00e1 orientada para a inova\u00e7\u00e3o e aplica\u00e7\u00e3o tecnol\u00f3gica de desenvolvimentos agr\u00e1rios destinados \u00e0 produ\u00e7\u00e3o de cereais, em concreto, ao desenvolvimento da cadeia de valor do trigo.<\/p>\n<p>O j\u00fari, presidido por Luc\u00eda Urb\u00e1n L\u00f3pez, vice-presidente da Funda\u00e7\u00e3o Grupo Siro e do Grupo Siro, est\u00e1 formado por altas personalidades na \u00e1rea, com ampla experi\u00eancia e uma larga trajet\u00f3ria profissional em agronomia. No total, formam o j\u00fari desde pr\u00e9mio 15 vozes prestigiadas que representam outras tantas organiza\u00e7\u00f5es de refer\u00eancia do sector agroalimentar, nos \u00e2mbitos cient\u00edfico, acad\u00e9mico e institucional. <\/p>\n<p>A I Edi\u00e7\u00e3o do Pr\u00e9mio Funda\u00e7\u00e3o Grupo Siro para a Investiga\u00e7\u00e3o Agroalimentar distinguiu o projeto &#8220;Herramientas SIG avanzadas de ayuda a la toma de decisiones para una gesti\u00f3n sostenible de cultivos extensivos&#8221; (Ferramentas SIG avan\u00e7adas de ajuda para a tomada de decis\u00f5es para uma gest\u00e3o sustent\u00e1vel de cultivos extensivos), da Plataforma sigAGROasesor, liderada por Ana Pilar Armesto e coordenada por Alberto Lafarga, ambos do Instituto Navarro de Tecnologia e Infraestruturas Agroalimentar (INTIA). A men\u00e7\u00e3o honrosa para o melhor projeto de Castela e Le\u00e3o correspondeu ao trabalho de investiga\u00e7\u00e3o do Instituto de Biologia Funcional e Gen\u00f3mica de Salamanca intitulado \u201cDe nuevas levaduras, cereales y productos de panificaci\u00f3n\u201d (De novas leveduras, cereais e produtos de panifica\u00e7\u00e3o) distinguido por Mercedes Tamame.<\/p>\n<p>[\/et_pb_text][\/et_pb_column][\/et_pb_row][\/et_pb_section][et_pb_section bb_built=&#8221;1&#8243; admin_label=&#8221;section&#8221; transparent_background=&#8221;off&#8221; allow_player_pause=&#8221;off&#8221; inner_shadow=&#8221;off&#8221; parallax=&#8221;off&#8221; parallax_method=&#8221;on&#8221; disabled=&#8221;on&#8221; disabled_on=&#8221;on|on|on&#8221; make_fullwidth=&#8221;off&#8221; use_custom_width=&#8221;off&#8221; width_unit=&#8221;on&#8221; make_equal=&#8221;off&#8221; use_custom_gutter=&#8221;off&#8221;][et_pb_row admin_label=&#8221;Fila&#8221;][et_pb_column type=&#8221;1_3&#8243;][et_pb_text admin_label=&#8221;T\u00edtulo Descargas&#8221; background_layout=&#8221;light&#8221; text_orientation=&#8221;left&#8221; use_border_color=&#8221;off&#8221; border_color=&#8221;#ffffff&#8221; border_style=&#8221;solid&#8221;]<\/p>\n<h3>Descargas 2015-16<\/h3>\n<p>[\/et_pb_text][et_pb_text admin_label=&#8221;Descargas&#8221; background_layout=&#8221;light&#8221; text_orientation=&#8221;left&#8221; use_border_color=&#8221;off&#8221; border_color=&#8221;#ffffff&#8221; border_style=&#8221;solid&#8221;]<\/p>\n<p><a class=\"et_pb_button\" href=\"http:\/\/www.gruposiro.com\/sites\/default\/files\/bases_premio_fundaciongs.pdf\" download=\"\">Bases de la convocatoria<\/a><\/p>\n<p><a class=\"et_pb_button\" href=\"http:\/\/www.gruposiro.com\/sites\/default\/files\/composicion_jurado_premio_fgs_130715.pdf\" download=\"\">Composici\u00f3n del Jurado<\/a><\/p>\n<p><a class=\"et_pb_button\" href=\"http:\/\/www.gruposiro.com\/sites\/default\/files\/clausula_de_la_convocatoria.pdf\" download=\"\">Informaci\u00f3n adicional<\/a><\/p>\n<p><a class=\"et_pb_button\" href=\"http:\/\/www.gruposiro.com\/es\/comunicacion\/actualidad\/fallado-el-premio-fundacion-grupo-siro-la-investigacion-agroalimentaria\" download=\"\">Fallo del Jurado<\/a><\/p>\n<p><a class=\"et_pb_button\" href=\"http:\/\/www.gruposiro.com\/es\/comunicacion\/actualidad\/la-ministra-de-agricultura-alimentacion-y-medio-ambiente-preside-la\" download=\"\">Entrega del Premio<\/a><\/p>\n<p>[\/et_pb_text][\/et_pb_column][et_pb_column type=&#8221;2_3&#8243;][et_pb_text admin_label=&#8221;Titulo Form&#8221; background_layout=&#8221;light&#8221; text_orientation=&#8221;left&#8221; use_border_color=&#8221;off&#8221; border_color=&#8221;#ffffff&#8221; border_style=&#8221;solid&#8221;]<\/p>\n<h3>Inscripciones cerradas hasta pr\u00f3xima convocatoria<\/h3>\n<p>[\/et_pb_text][et_pb_text admin_label=&#8221;Formulario&#8221; background_layout=&#8221;light&#8221; text_orientation=&#8221;left&#8221; use_border_color=&#8221;off&#8221; border_color=&#8221;#ffffff&#8221; border_style=&#8221;solid&#8221;]<\/p>\n<div role=\"form\" class=\"wpcf7\" id=\"wpcf7-f463-o1\" lang=\"es-ES\" dir=\"ltr\">\n<div class=\"screen-reader-response\"><p role=\"status\" aria-live=\"polite\" aria-atomic=\"true\"><\/p> <ul><\/ul><\/div>\n<form action=\"\/pt-pt\/wp-json\/wp\/v2\/pages\/1093#wpcf7-f463-o1\" method=\"post\" class=\"wpcf7-form init\" enctype=\"multipart\/form-data\" novalidate=\"novalidate\" data-status=\"init\">\n<div style=\"display: none;\">\n<input type=\"hidden\" name=\"_wpcf7\" value=\"463\" \/>\n<input type=\"hidden\" name=\"_wpcf7_version\" value=\"5.6.4\" \/>\n<input type=\"hidden\" name=\"_wpcf7_locale\" value=\"es_ES\" \/>\n<input type=\"hidden\" name=\"_wpcf7_unit_tag\" value=\"wpcf7-f463-o1\" \/>\n<input type=\"hidden\" name=\"_wpcf7_container_post\" value=\"0\" \/>\n<input type=\"hidden\" name=\"_wpcf7_posted_data_hash\" value=\"\" \/>\n<input type=\"hidden\" name=\"_wpcf7_recaptcha_response\" value=\"\" \/>\n<\/div>\n<p><span class=\"wpcf7-form-control-wrap\" data-name=\"your-name\"><input type=\"text\" name=\"your-name\" value=\"\" size=\"40\" class=\"wpcf7-form-control wpcf7-text wpcf7-validates-as-required\" aria-required=\"true\" aria-invalid=\"false\" placeholder=\"Nombre y Apellidos*\" \/><\/span><br \/>\n<span class=\"wpcf7-form-control-wrap\" data-name=\"your-email\"><input type=\"email\" name=\"your-email\" value=\"\" size=\"40\" class=\"wpcf7-form-control wpcf7-text wpcf7-email wpcf7-validates-as-required wpcf7-validates-as-email\" aria-required=\"true\" aria-invalid=\"false\" placeholder=\"Correo electr\u00f3nico*\" \/><\/span><br \/>\n<span class=\"wpcf7-form-control-wrap\" data-name=\"tituloproyecto\"><input type=\"text\" name=\"tituloproyecto\" value=\"\" size=\"40\" class=\"wpcf7-form-control wpcf7-text wpcf7-validates-as-required\" aria-required=\"true\" aria-invalid=\"false\" placeholder=\"T\u00edtulo del proyecto*\" \/><\/span><br \/>\n<span class=\"wpcf7-form-control-wrap\" data-name=\"organismo\"><input type=\"text\" name=\"organismo\" value=\"\" size=\"40\" class=\"wpcf7-form-control wpcf7-text wpcf7-validates-as-required\" aria-required=\"true\" aria-invalid=\"false\" placeholder=\"Organismo*\" \/><\/span><br \/>\n<label for=\"docu\">Adjunta la documentaci\u00f3n*<\/label><br \/>\n<span class=\"wpcf7-form-control-wrap\" data-name=\"file-444\"><input type=\"file\" name=\"file-444\" size=\"40\" class=\"wpcf7-form-control wpcf7-file wpcf7-validates-as-required\" id=\"docu\" accept=\"audio\/*,video\/*,image\/*\" aria-required=\"true\" aria-invalid=\"false\" \/><\/span><br \/>\n<span class=\"wpcf7-form-control-wrap\" data-name=\"acceptance-14\"><span class=\"wpcf7-form-control wpcf7-acceptance\"><span class=\"wpcf7-list-item\"><input type=\"checkbox\" name=\"acceptance-14\" value=\"1\" aria-invalid=\"false\" id=\"aceptar\" \/><\/span><\/span><\/span> <label for=\"aceptar\">He le\u00eddo y acepto la <a href=\"\/politica-de-privacidad\/\" target=\"_blank\">pol\u00edtica de privacidad<\/a><\/label><input type=\"submit\" value=\"Solicitar Inscripci\u00f3n\" class=\"wpcf7-form-control has-spinner wpcf7-submit\" \/><\/p>\n<p style=\"display: none !important;\"><label>&#916;<textarea name=\"_wpcf7_ak_hp_textarea\" cols=\"45\" rows=\"8\" maxlength=\"100\"><\/textarea><\/label><input type=\"hidden\" id=\"ak_js_1\" name=\"_wpcf7_ak_js\" value=\"193\"\/><script>document.getElementById( \"ak_js_1\" ).setAttribute( \"value\", ( new Date() ).getTime() );<\/script><\/p><div class=\"wpcf7-response-output\" aria-hidden=\"true\"><\/div><\/form><\/div>\n<p>[\/et_pb_text][\/et_pb_column][\/et_pb_row][\/et_pb_section]<\/p>\n","protected":false},"excerpt":{"rendered":"<p>Pr\u00e9mios para a investiga\u00e7\u00e3o agroalimentar A Funda\u00e7\u00e3o Grupo Siro tem, entre as suas atividades, a promo\u00e7\u00e3o da investiga\u00e7\u00e3o. No seu empenho em impulsionar a mesma como ferramenta de melhoria do sector agroalimentar, nasce este pr\u00e9mio. O Pr\u00e9mio Funda\u00e7\u00e3o Grupo Siro para a Investiga\u00e7\u00e3o Agroalimentar quer reconhecer e incentivar o trabalho de investiga\u00e7\u00e3o neste \u00e2mbito, essencial [&hellip;]<\/p>\n","protected":false},"author":5,"featured_media":0,"parent":0,"menu_order":0,"comment_status":"closed","ping_status":"closed","template":"","meta":{"_et_pb_use_builder":"on","_et_pb_old_content":"","_et_gb_content_width":"","footnotes":""},"class_list":["post-1093","page","type-page","status-publish","hentry"],"yoast_head":"<!-- This site is optimized with the Yoast SEO plugin v19.11 - https:\/\/yoast.com\/wordpress\/plugins\/seo\/ -->\n<title>Pr\u00eamio - Fundaci\u00f3n Gonzalez Serna Urban<\/title>\n<meta name=\"robots\" content=\"noindex, follow, max-snippet:-1, max-image-preview:large, max-video-preview:-1\" \/>\n<meta property=\"og:locale\" content=\"pt_PT\" \/>\n<meta property=\"og:type\" content=\"article\" \/>\n<meta property=\"og:title\" content=\"Pr\u00eamio - Fundaci\u00f3n Gonzalez Serna Urban\" \/>\n<meta property=\"og:description\" content=\"Pr\u00e9mios para a investiga\u00e7\u00e3o agroalimentar A Funda\u00e7\u00e3o Grupo Siro tem, entre as suas atividades, a promo\u00e7\u00e3o da investiga\u00e7\u00e3o. No seu empenho em impulsionar a mesma como ferramenta de melhoria do sector agroalimentar, nasce este pr\u00e9mio. O Pr\u00e9mio Funda\u00e7\u00e3o Grupo Siro para a Investiga\u00e7\u00e3o Agroalimentar quer reconhecer e incentivar o trabalho de investiga\u00e7\u00e3o neste \u00e2mbito, essencial [&hellip;]\" \/>\n<meta property=\"og:url\" content=\"https:\/\/www.fundaciongonzalezsernaurban.org\/pt-pt\/premio\/\" \/>\n<meta property=\"og:site_name\" content=\"Fundaci\u00f3n Gonzalez Serna Urban\" \/>\n<meta name=\"twitter:card\" content=\"summary_large_image\" \/>\n<meta name=\"twitter:label1\" content=\"Tempo estimado de leitura\" \/>\n\t<meta name=\"twitter:data1\" content=\"7 minutos\" \/>\n<script type=\"application\/ld+json\" class=\"yoast-schema-graph\">{\"@context\":\"https:\/\/schema.org\",\"@graph\":[{\"@type\":\"WebPage\",\"@id\":\"https:\/\/www.fundaciongonzalezsernaurban.org\/pt-pt\/premio\/\",\"url\":\"https:\/\/www.fundaciongonzalezsernaurban.org\/pt-pt\/premio\/\",\"name\":\"Pr\u00eamio - Fundaci\u00f3n Gonzalez Serna Urban\",\"isPartOf\":{\"@id\":\"https:\/\/www.fundaciongonzalezsernaurban.org\/#website\"},\"datePublished\":\"2017-06-08T10:55:06+00:00\",\"dateModified\":\"2017-06-08T10:55:06+00:00\",\"breadcrumb\":{\"@id\":\"https:\/\/www.fundaciongonzalezsernaurban.org\/pt-pt\/premio\/#breadcrumb\"},\"inLanguage\":\"pt-PT\",\"potentialAction\":[{\"@type\":\"ReadAction\",\"target\":[\"https:\/\/www.fundaciongonzalezsernaurban.org\/pt-pt\/premio\/\"]}]},{\"@type\":\"BreadcrumbList\",\"@id\":\"https:\/\/www.fundaciongonzalezsernaurban.org\/pt-pt\/premio\/#breadcrumb\",\"itemListElement\":[{\"@type\":\"ListItem\",\"position\":1,\"name\":\"Portada\",\"item\":\"https:\/\/www.fundaciongonzalezsernaurban.org\/pt-pt\/\"},{\"@type\":\"ListItem\",\"position\":2,\"name\":\"Pr\u00eamio\"}]},{\"@type\":\"WebSite\",\"@id\":\"https:\/\/www.fundaciongonzalezsernaurban.org\/#website\",\"url\":\"https:\/\/www.fundaciongonzalezsernaurban.org\/\",\"name\":\"Fundaci\u00f3n Gonzalez Serna Urban\",\"description\":\"Garantizando la continuidad de nuestras Compa\u00f1\u00edas\",\"potentialAction\":[{\"@type\":\"SearchAction\",\"target\":{\"@type\":\"EntryPoint\",\"urlTemplate\":\"https:\/\/www.fundaciongonzalezsernaurban.org\/?s={search_term_string}\"},\"query-input\":\"required name=search_term_string\"}],\"inLanguage\":\"pt-PT\"}]}<\/script>\n<!-- \/ Yoast SEO plugin. -->","yoast_head_json":{"title":"Pr\u00eamio - Fundaci\u00f3n Gonzalez Serna Urban","robots":{"index":"noindex","follow":"follow","max-snippet":"max-snippet:-1","max-image-preview":"max-image-preview:large","max-video-preview":"max-video-preview:-1"},"og_locale":"pt_PT","og_type":"article","og_title":"Pr\u00eamio - Fundaci\u00f3n Gonzalez Serna Urban","og_description":"Pr\u00e9mios para a investiga\u00e7\u00e3o agroalimentar A Funda\u00e7\u00e3o Grupo Siro tem, entre as suas atividades, a promo\u00e7\u00e3o da investiga\u00e7\u00e3o. No seu empenho em impulsionar a mesma como ferramenta de melhoria do sector agroalimentar, nasce este pr\u00e9mio. O Pr\u00e9mio Funda\u00e7\u00e3o Grupo Siro para a Investiga\u00e7\u00e3o Agroalimentar quer reconhecer e incentivar o trabalho de investiga\u00e7\u00e3o neste \u00e2mbito, essencial [&hellip;]","og_url":"https:\/\/www.fundaciongonzalezsernaurban.org\/pt-pt\/premio\/","og_site_name":"Fundaci\u00f3n Gonzalez Serna Urban","twitter_card":"summary_large_image","twitter_misc":{"Tempo estimado de leitura":"7 minutos"},"schema":{"@context":"https:\/\/schema.org","@graph":[{"@type":"WebPage","@id":"https:\/\/www.fundaciongonzalezsernaurban.org\/pt-pt\/premio\/","url":"https:\/\/www.fundaciongonzalezsernaurban.org\/pt-pt\/premio\/","name":"Pr\u00eamio - Fundaci\u00f3n Gonzalez Serna Urban","isPartOf":{"@id":"https:\/\/www.fundaciongonzalezsernaurban.org\/#website"},"datePublished":"2017-06-08T10:55:06+00:00","dateModified":"2017-06-08T10:55:06+00:00","breadcrumb":{"@id":"https:\/\/www.fundaciongonzalezsernaurban.org\/pt-pt\/premio\/#breadcrumb"},"inLanguage":"pt-PT","potentialAction":[{"@type":"ReadAction","target":["https:\/\/www.fundaciongonzalezsernaurban.org\/pt-pt\/premio\/"]}]},{"@type":"BreadcrumbList","@id":"https:\/\/www.fundaciongonzalezsernaurban.org\/pt-pt\/premio\/#breadcrumb","itemListElement":[{"@type":"ListItem","position":1,"name":"Portada","item":"https:\/\/www.fundaciongonzalezsernaurban.org\/pt-pt\/"},{"@type":"ListItem","position":2,"name":"Pr\u00eamio"}]},{"@type":"WebSite","@id":"https:\/\/www.fundaciongonzalezsernaurban.org\/#website","url":"https:\/\/www.fundaciongonzalezsernaurban.org\/","name":"Fundaci\u00f3n Gonzalez Serna Urban","description":"Garantizando la continuidad de nuestras Compa\u00f1\u00edas","potentialAction":[{"@type":"SearchAction","target":{"@type":"EntryPoint","urlTemplate":"https:\/\/www.fundaciongonzalezsernaurban.org\/?s={search_term_string}"},"query-input":"required name=search_term_string"}],"inLanguage":"pt-PT"}]}},"_links":{"self":[{"href":"https:\/\/www.fundaciongonzalezsernaurban.org\/pt-pt\/wp-json\/wp\/v2\/pages\/1093","targetHints":{"allow":["GET"]}}],"collection":[{"href":"https:\/\/www.fundaciongonzalezsernaurban.org\/pt-pt\/wp-json\/wp\/v2\/pages"}],"about":[{"href":"https:\/\/www.fundaciongonzalezsernaurban.org\/pt-pt\/wp-json\/wp\/v2\/types\/page"}],"author":[{"embeddable":true,"href":"https:\/\/www.fundaciongonzalezsernaurban.org\/pt-pt\/wp-json\/wp\/v2\/users\/5"}],"replies":[{"embeddable":true,"href":"https:\/\/www.fundaciongonzalezsernaurban.org\/pt-pt\/wp-json\/wp\/v2\/comments?post=1093"}],"version-history":[{"count":1,"href":"https:\/\/www.fundaciongonzalezsernaurban.org\/pt-pt\/wp-json\/wp\/v2\/pages\/1093\/revisions"}],"predecessor-version":[{"id":1094,"href":"https:\/\/www.fundaciongonzalezsernaurban.org\/pt-pt\/wp-json\/wp\/v2\/pages\/1093\/revisions\/1094"}],"wp:attachment":[{"href":"https:\/\/www.fundaciongonzalezsernaurban.org\/pt-pt\/wp-json\/wp\/v2\/media?parent=1093"}],"curies":[{"name":"wp","href":"https:\/\/api.w.org\/{rel}","templated":true}]}}