{"id":1095,"date":"2017-06-08T10:57:43","date_gmt":"2017-06-08T10:57:43","guid":{"rendered":"https:\/\/www.fundaciongruposiro.com\/?page_id=1095\/"},"modified":"2019-05-29T15:20:57","modified_gmt":"2019-05-29T15:20:57","slug":"colaboracoes","status":"publish","type":"page","link":"https:\/\/www.fundaciongonzalezsernaurban.org\/pt-pt\/colaboracoes\/","title":{"rendered":"Colabora\u00e7\u00f5es"},"content":{"rendered":"<p>[et_pb_section fb_built=&#8221;1&#8243; admin_label=&#8221;section&#8221; _builder_version=&#8221;3.22.3&#8243;][et_pb_row admin_label=&#8221;row&#8221; _builder_version=&#8221;3.22.3&#8243; background_size=&#8221;initial&#8221; background_position=&#8221;top_left&#8221; background_repeat=&#8221;repeat&#8221;][et_pb_column type=&#8221;4_4&#8243; _builder_version=&#8221;3.0.47&#8243;][et_pb_text admin_label=&#8221;Titulo&#8221; _builder_version=&#8221;3.0.87&#8243; background_size=&#8221;initial&#8221; background_position=&#8221;top_left&#8221; background_repeat=&#8221;repeat&#8221; use_border_color=&#8221;off&#8221; border_color=&#8221;#ffffff&#8221; border_style=&#8221;solid&#8221;]<\/p>\n<h1>Colabora\u00e7\u00f5es<\/h1>\n<p>[\/et_pb_text][\/et_pb_column][\/et_pb_row][et_pb_row admin_label=&#8221;Fila&#8221; _builder_version=&#8221;3.22.3&#8243; background_size=&#8221;initial&#8221; background_position=&#8221;top_left&#8221; background_repeat=&#8221;repeat&#8221;][et_pb_column type=&#8221;1_2&#8243; _builder_version=&#8221;3.0.47&#8243;][et_pb_blurb title=&#8221;PATROC\u00cdNIO DA BIENAL DE ARTE CONTEMPOR\u00c2NEA DA FUNDA\u00c7\u00c3O ONCE&#8221; image=&#8221;https:\/\/www.fundaciongruposiro.com\/wp-content\/uploads\/FGS-logo-fundacion-once.jpg&#8221; image_max_width=&#8221;none&#8221; disabled_on=&#8221;on|on|on&#8221; admin_label=&#8221;Anuncio Fundaci\u00f3n ONCE&#8221; _builder_version=&#8221;3.0.87&#8243; background_size=&#8221;initial&#8221; background_position=&#8221;top_left&#8221; background_repeat=&#8221;repeat&#8221; border_style=&#8221;solid&#8221; disabled=&#8221;on&#8221;]Este evento organiza-se com o objetivo de reconhecer a obra de artistas com algum tipo de defici\u00eancia ou daqueles que encontram na defici\u00eancia a sua inspira\u00e7\u00e3o, e conta com a presid\u00eancia de honra da Sua Majestade, a Rainha. Este ano, o tema girou em torno da tecnologia na arte.<br \/>\n[\/et_pb_blurb][et_pb_blurb title=&#8221;ESCOLA DE EMPRESARIOS EDEM&#8221; image=&#8221;https:\/\/www.fundaciongruposiro.com\/wp-content\/uploads\/EDEM.jpg&#8221; image_max_width=&#8221;none&#8221; disabled_on=&#8221;off|off|off&#8221; admin_label=&#8221;Anuncio Fundaci\u00f3n ONCE&#8221; _builder_version=&#8221;3.22.7&#8243; background_size=&#8221;initial&#8221; background_position=&#8221;top_left&#8221; background_repeat=&#8221;repeat&#8221; border_style=&#8221;solid&#8221;]<\/p>\n<p>Na Funda\u00e7\u00e3o Grupo Siro facilitamos aos membros da fam\u00edlia ou colaboradores das nossas empresas cursar estudos de Engenharia e Gest\u00e3o Empresarial da Escola de Empres\u00e1rios EDEM, atrav\u00e9s de duas bolsas anuais, que cobrem o custo total do estudo e hospedagem.<\/p>\n<p>&nbsp;<\/p>\n<p>[\/et_pb_blurb][et_pb_blurb title=&#8221;ESCOLA DE EMPRESARIOS EDEM&#8221; image=&#8221;https:\/\/www.fundaciongruposiro.com\/wp-content\/uploads\/FGS-logo-fundacion-once.jpg&#8221; image_max_width=&#8221;none&#8221; disabled_on=&#8221;off|off|off&#8221; admin_label=&#8221;Anuncio Fundaci\u00f3n ONCE&#8221; _builder_version=&#8221;3.0.87&#8243; background_size=&#8221;initial&#8221; background_position=&#8221;top_left&#8221; background_repeat=&#8221;repeat&#8221; border_style=&#8221;solid&#8221;]Na Funda\u00e7\u00e3o Grupo Siro facilitamos aos membros da fam\u00edlia ou colaboradores das nossas empresas cursar estudos de Engenharia e Gest\u00e3o Empresarial da Escola de Empres\u00e1rios EDEM, atrav\u00e9s de duas bolsas anuais, que cobrem o custo total do estudo e hospedagem.<\/p>\n<p>&nbsp;<br \/>\n[\/et_pb_blurb][\/et_pb_column][et_pb_column type=&#8221;1_2&#8243; _builder_version=&#8221;3.0.47&#8243;][et_pb_blurb title=&#8221;COLABORA\u00c7\u00c3O COM A EXPOSI\u00c7\u00c3O %22LAS EDADES DEL HOMBRE%22&#8243; image=&#8221;https:\/\/www.fundaciongruposiro.com\/wp-content\/uploads\/FGS-logo-fundacion-edades.jpg&#8221; image_max_width=&#8221;none&#8221; admin_label=&#8221;Anuncio Las Edades del Hombre&#8221; _builder_version=&#8221;3.0.87&#8243; background_size=&#8221;initial&#8221; background_position=&#8221;top_left&#8221; background_repeat=&#8221;repeat&#8221; use_border_color=&#8221;off&#8221; border_color=&#8221;#ffffff&#8221; border_style=&#8221;solid&#8221;]Junt\u00e1mo-nos a esta iniciativa com a finalidade de salvaguardar a cultura e a hist\u00f3ria de Castela e Le\u00e3o e facilitar a sua divulga\u00e7\u00e3o e desfrute de todos.<br \/>\n[\/et_pb_blurb][\/et_pb_column][\/et_pb_row][\/et_pb_section][et_pb_section fb_built=&#8221;1&#8243; admin_label=&#8221;Secci\u00f3n&#8221; module_class=&#8221;bannerPartido &#8221; _builder_version=&#8221;3.22.3&#8243; background_color=&#8221;#fcf9f2&#8243; transparent_background=&#8221;off&#8221; make_fullwidth=&#8221;off&#8221; use_custom_width=&#8221;off&#8221; width_unit=&#8221;on&#8221;][et_pb_row custom_margin=&#8221;|||10%&#8221; parallax_method_1=&#8221;off&#8221; admin_label=&#8221;Fila&#8221; _builder_version=&#8221;3.22.3&#8243; background_size=&#8221;initial&#8221; background_position=&#8221;top_left&#8221; background_repeat=&#8221;repeat&#8221; width=&#8221;60%&#8221; max_width=&#8221;60%&#8221; make_fullwidth=&#8221;off&#8221; use_custom_width=&#8221;on&#8221; width_unit=&#8221;off&#8221; custom_width_percent=&#8221;60%&#8221;][et_pb_column type=&#8221;4_4&#8243; _builder_version=&#8221;3.0.47&#8243;][et_pb_image src=&#8221;https:\/\/www.fundaciongruposiro.com\/wp-content\/uploads\/FGS-destacada-2.jpg&#8221; admin_label=&#8221;Imagen&#8221; _builder_version=&#8221;3.0.87&#8243; animation_style=&#8221;slide&#8221; animation_direction=&#8221;right&#8221; animation_duration=&#8221;500ms&#8221; animation_intensity_slide=&#8221;10%&#8221; use_border_color=&#8221;off&#8221; border_color=&#8221;#ffffff&#8221; border_style=&#8221;solid&#8221; animation=&#8221;right&#8221; sticky=&#8221;off&#8221;][\/et_pb_image][\/et_pb_column][\/et_pb_row][\/et_pb_section][et_pb_section fb_built=&#8221;1&#8243; admin_label=&#8221;Secci\u00f3n&#8221; module_class=&#8221;bannerPartido &#8221; _builder_version=&#8221;3.22.3&#8243; background_color=&#8221;#fcf9f2&#8243; custom_padding=&#8221;1px|||&#8221; transparent_background=&#8221;off&#8221; make_fullwidth=&#8221;off&#8221; use_custom_width=&#8221;off&#8221; width_unit=&#8221;on&#8221;][et_pb_row custom_padding=&#8221;70px|75px|70px|75px&#8221; custom_padding_tablet=&#8221;40px|45px|40px|45px&#8221; custom_padding_phone=&#8221;20px|25px|20px|25px&#8221; custom_margin=&#8221;-160px|16%||&#8221; custom_padding_last_edited=&#8221;on|phone&#8221; parallax_method_1=&#8221;off&#8221; admin_label=&#8221;Fila&#8221; _builder_version=&#8221;3.22.3&#8243; background_color=&#8221;#ffffff&#8221; background_size=&#8221;initial&#8221; background_position=&#8221;top_left&#8221; background_repeat=&#8221;repeat&#8221; width=&#8221;50%&#8221; max_width=&#8221;50%&#8221; custom_margin_tablet=&#8221;0px|10%||&#8221; custom_margin_last_edited=&#8221;on|tablet&#8221; make_fullwidth=&#8221;off&#8221; use_custom_width=&#8221;on&#8221; width_unit=&#8221;off&#8221; custom_width_percent=&#8221;50%&#8221;][et_pb_column type=&#8221;4_4&#8243; _builder_version=&#8221;3.0.47&#8243;][et_pb_text admin_label=&#8221;Texto&#8221; _builder_version=&#8221;3.0.87&#8243; background_size=&#8221;initial&#8221; background_position=&#8221;top_left&#8221; background_repeat=&#8221;repeat&#8221; border_style=&#8221;solid&#8221;]<\/p>\n<h3><\/h3>\n<ul>\n<li>&#8220;Programa Por Talento&#8221; (Foro Inserta) em colabora\u00e7\u00e3o com o Fundo Social Europeu, que promove a integra\u00e7\u00e3o laboral de pessoas com defici\u00eancia.<\/li>\n<li>Conv\u00e9nio de colabora\u00e7\u00e3o com a Funda\u00e7\u00e3o Universia para promover a forma\u00e7\u00e3o e o emprego de universit\u00e1rios com defici\u00eancia.<\/li>\n<li>Acordo de colabora\u00e7\u00e3o com a Funda\u00e7\u00e3o LAFER no Mestrado Executivo em Gest\u00e3o de Empresas Agroalimentares (MGEA).<\/li>\n<li>Ades\u00e3o ao Campus Educativo de Castela e Le\u00e3o da Universidade Isabel I de Castilla.<\/li>\n<li>Financiamento dos trabalhos de restaura\u00e7\u00e3o da escultura g\u00f3tica de Santa Ana, a Virgem e o Menino de Briviesca.<\/li>\n<\/ul>\n<p>[\/et_pb_text][\/et_pb_column][\/et_pb_row][\/et_pb_section][et_pb_section fb_built=&#8221;1&#8243; admin_label=&#8221;Secci\u00f3n&#8221; _builder_version=&#8221;3.22.3&#8243;][et_pb_row custom_padding_tablet=&#8221;||0px|&#8221; custom_margin=&#8221;|||16%&#8221; custom_padding_last_edited=&#8221;on|phone&#8221; parallax_method_1=&#8221;off&#8221; admin_label=&#8221;Fila&#8221; _builder_version=&#8221;3.22.3&#8243; background_size=&#8221;initial&#8221; background_position=&#8221;top_left&#8221; background_repeat=&#8221;repeat&#8221; width=&#8221;50%&#8221; max_width=&#8221;50%&#8221; custom_margin_tablet=&#8221;|||10%&#8221; custom_margin_last_edited=&#8221;on|phone&#8221; make_fullwidth=&#8221;off&#8221; use_custom_width=&#8221;on&#8221; width_unit=&#8221;off&#8221; custom_width_percent=&#8221;50%&#8221;][et_pb_column type=&#8221;4_4&#8243; _builder_version=&#8221;3.0.47&#8243;][et_pb_text admin_label=&#8221;Asociaciones&#8221; _builder_version=&#8221;3.0.87&#8243; background_size=&#8221;initial&#8221; background_position=&#8221;top_left&#8221; background_repeat=&#8221;repeat&#8221; use_border_color=&#8221;off&#8221; border_color=&#8221;#ffffff&#8221; border_style=&#8221;solid&#8221;]<\/p>\n<h2>Associa\u00e7\u00f5es<\/h2>\n<p>[\/et_pb_text][\/et_pb_column][\/et_pb_row][et_pb_row _builder_version=&#8221;3.22.7&#8243;][et_pb_column type=&#8221;1_3&#8243; _builder_version=&#8221;3.22.7&#8243;][et_pb_text _builder_version=&#8221;3.22.7&#8243;]<\/p>\n<ul>\n<li>A Funda\u00e7\u00e3o Secretariado Gitano.<\/li>\n<li>A Funda\u00e7\u00e3o Seres.<\/li>\n<li>For\u00e9tica.<\/li>\n<li>Foro Inserta respons\u00e1vel pela Funda\u00e7\u00e3o ONCE.<\/li>\n<li>Funda\u00e7\u00e3o LAFER.<\/li>\n<li>Funda\u00e7\u00e3o Seeliger y Conde.<\/li>\n<li>Asociaci\u00f3n Espa\u00f1ola de Fundaciones (AEF).<\/li>\n<li>Funda\u00e7\u00e3o Patrim\u00f3nio Natural.<\/li>\n<li>Funda\u00e7\u00e3o Las Edades del Hombre.<\/li>\n<li>Rede de prote\u00e7\u00e3o para as fam\u00edlias em crise da Junta de Castela e Le\u00e3o.<\/li>\n<li>Instituto San Telmo.<\/li>\n<li>Escola de Neg\u00f3cios EDEM.<\/li>\n<\/ul>\n<p>[\/et_pb_text][\/et_pb_column][et_pb_column type=&#8221;2_3&#8243; _builder_version=&#8221;3.22.7&#8243;][et_pb_image src=&#8221;https:\/\/www.fundaciongruposiro.com\/wp-content\/uploads\/Voluntariado-Ambiental-Fundaci\u00f3n-Grupo-Siro-002.jpg&#8221; _builder_version=&#8221;3.22.7&#8243;][\/et_pb_image][\/et_pb_column][\/et_pb_row][\/et_pb_section]<\/p>\n","protected":false},"excerpt":{"rendered":"<p>Colabora\u00e7\u00f5es Este evento organiza-se com o objetivo de reconhecer a obra de artistas com algum tipo de defici\u00eancia ou daqueles que encontram na defici\u00eancia a sua inspira\u00e7\u00e3o, e conta com a presid\u00eancia de honra da Sua Majestade, a Rainha. Este ano, o tema girou em torno da tecnologia na arte. Na Funda\u00e7\u00e3o Grupo Siro facilitamos [&hellip;]<\/p>\n","protected":false},"author":5,"featured_media":0,"parent":0,"menu_order":0,"comment_status":"closed","ping_status":"closed","template":"","meta":{"_et_pb_use_builder":"on","_et_pb_old_content":"","_et_gb_content_width":"","footnotes":""},"class_list":["post-1095","page","type-page","status-publish","hentry"],"yoast_head":"<!-- This site is optimized with the Yoast SEO plugin v19.11 - https:\/\/yoast.com\/wordpress\/plugins\/seo\/ -->\n<title>Colabora\u00e7\u00f5es - Fundaci\u00f3n Gonzalez Serna Urban<\/title>\n<meta name=\"robots\" content=\"noindex, follow, max-snippet:-1, max-image-preview:large, max-video-preview:-1\" \/>\n<meta property=\"og:locale\" content=\"pt_PT\" \/>\n<meta property=\"og:type\" content=\"article\" \/>\n<meta property=\"og:title\" content=\"Colabora\u00e7\u00f5es - Fundaci\u00f3n Gonzalez Serna Urban\" \/>\n<meta property=\"og:description\" content=\"Colabora\u00e7\u00f5es Este evento organiza-se com o objetivo de reconhecer a obra de artistas com algum tipo de defici\u00eancia ou daqueles que encontram na defici\u00eancia a sua inspira\u00e7\u00e3o, e conta com a presid\u00eancia de honra da Sua Majestade, a Rainha. Este ano, o tema girou em torno da tecnologia na arte. Na Funda\u00e7\u00e3o Grupo Siro facilitamos [&hellip;]\" \/>\n<meta property=\"og:url\" content=\"https:\/\/www.fundaciongonzalezsernaurban.org\/pt-pt\/colaboracoes\/\" \/>\n<meta property=\"og:site_name\" content=\"Fundaci\u00f3n Gonzalez Serna Urban\" \/>\n<meta property=\"article:modified_time\" content=\"2019-05-29T15:20:57+00:00\" \/>\n<meta name=\"twitter:card\" content=\"summary_large_image\" \/>\n<meta name=\"twitter:label1\" content=\"Tempo estimado de leitura\" \/>\n\t<meta name=\"twitter:data1\" content=\"6 minutos\" \/>\n<script type=\"application\/ld+json\" class=\"yoast-schema-graph\">{\"@context\":\"https:\/\/schema.org\",\"@graph\":[{\"@type\":\"WebPage\",\"@id\":\"https:\/\/www.fundaciongonzalezsernaurban.org\/pt-pt\/colaboracoes\/\",\"url\":\"https:\/\/www.fundaciongonzalezsernaurban.org\/pt-pt\/colaboracoes\/\",\"name\":\"Colabora\u00e7\u00f5es - Fundaci\u00f3n Gonzalez Serna Urban\",\"isPartOf\":{\"@id\":\"https:\/\/www.fundaciongonzalezsernaurban.org\/#website\"},\"datePublished\":\"2017-06-08T10:57:43+00:00\",\"dateModified\":\"2019-05-29T15:20:57+00:00\",\"breadcrumb\":{\"@id\":\"https:\/\/www.fundaciongonzalezsernaurban.org\/pt-pt\/colaboracoes\/#breadcrumb\"},\"inLanguage\":\"pt-PT\",\"potentialAction\":[{\"@type\":\"ReadAction\",\"target\":[\"https:\/\/www.fundaciongonzalezsernaurban.org\/pt-pt\/colaboracoes\/\"]}]},{\"@type\":\"BreadcrumbList\",\"@id\":\"https:\/\/www.fundaciongonzalezsernaurban.org\/pt-pt\/colaboracoes\/#breadcrumb\",\"itemListElement\":[{\"@type\":\"ListItem\",\"position\":1,\"name\":\"Portada\",\"item\":\"https:\/\/www.fundaciongonzalezsernaurban.org\/pt-pt\/\"},{\"@type\":\"ListItem\",\"position\":2,\"name\":\"Colabora\u00e7\u00f5es\"}]},{\"@type\":\"WebSite\",\"@id\":\"https:\/\/www.fundaciongonzalezsernaurban.org\/#website\",\"url\":\"https:\/\/www.fundaciongonzalezsernaurban.org\/\",\"name\":\"Fundaci\u00f3n Gonzalez Serna Urban\",\"description\":\"Garantizando la continuidad de nuestras Compa\u00f1\u00edas\",\"potentialAction\":[{\"@type\":\"SearchAction\",\"target\":{\"@type\":\"EntryPoint\",\"urlTemplate\":\"https:\/\/www.fundaciongonzalezsernaurban.org\/?s={search_term_string}\"},\"query-input\":\"required name=search_term_string\"}],\"inLanguage\":\"pt-PT\"}]}<\/script>\n<!-- \/ Yoast SEO plugin. -->","yoast_head_json":{"title":"Colabora\u00e7\u00f5es - Fundaci\u00f3n Gonzalez Serna Urban","robots":{"index":"noindex","follow":"follow","max-snippet":"max-snippet:-1","max-image-preview":"max-image-preview:large","max-video-preview":"max-video-preview:-1"},"og_locale":"pt_PT","og_type":"article","og_title":"Colabora\u00e7\u00f5es - Fundaci\u00f3n Gonzalez Serna Urban","og_description":"Colabora\u00e7\u00f5es Este evento organiza-se com o objetivo de reconhecer a obra de artistas com algum tipo de defici\u00eancia ou daqueles que encontram na defici\u00eancia a sua inspira\u00e7\u00e3o, e conta com a presid\u00eancia de honra da Sua Majestade, a Rainha. Este ano, o tema girou em torno da tecnologia na arte. Na Funda\u00e7\u00e3o Grupo Siro facilitamos [&hellip;]","og_url":"https:\/\/www.fundaciongonzalezsernaurban.org\/pt-pt\/colaboracoes\/","og_site_name":"Fundaci\u00f3n Gonzalez Serna Urban","article_modified_time":"2019-05-29T15:20:57+00:00","twitter_card":"summary_large_image","twitter_misc":{"Tempo estimado de leitura":"6 minutos"},"schema":{"@context":"https:\/\/schema.org","@graph":[{"@type":"WebPage","@id":"https:\/\/www.fundaciongonzalezsernaurban.org\/pt-pt\/colaboracoes\/","url":"https:\/\/www.fundaciongonzalezsernaurban.org\/pt-pt\/colaboracoes\/","name":"Colabora\u00e7\u00f5es - Fundaci\u00f3n Gonzalez Serna Urban","isPartOf":{"@id":"https:\/\/www.fundaciongonzalezsernaurban.org\/#website"},"datePublished":"2017-06-08T10:57:43+00:00","dateModified":"2019-05-29T15:20:57+00:00","breadcrumb":{"@id":"https:\/\/www.fundaciongonzalezsernaurban.org\/pt-pt\/colaboracoes\/#breadcrumb"},"inLanguage":"pt-PT","potentialAction":[{"@type":"ReadAction","target":["https:\/\/www.fundaciongonzalezsernaurban.org\/pt-pt\/colaboracoes\/"]}]},{"@type":"BreadcrumbList","@id":"https:\/\/www.fundaciongonzalezsernaurban.org\/pt-pt\/colaboracoes\/#breadcrumb","itemListElement":[{"@type":"ListItem","position":1,"name":"Portada","item":"https:\/\/www.fundaciongonzalezsernaurban.org\/pt-pt\/"},{"@type":"ListItem","position":2,"name":"Colabora\u00e7\u00f5es"}]},{"@type":"WebSite","@id":"https:\/\/www.fundaciongonzalezsernaurban.org\/#website","url":"https:\/\/www.fundaciongonzalezsernaurban.org\/","name":"Fundaci\u00f3n Gonzalez Serna Urban","description":"Garantizando la continuidad de nuestras Compa\u00f1\u00edas","potentialAction":[{"@type":"SearchAction","target":{"@type":"EntryPoint","urlTemplate":"https:\/\/www.fundaciongonzalezsernaurban.org\/?s={search_term_string}"},"query-input":"required name=search_term_string"}],"inLanguage":"pt-PT"}]}},"_links":{"self":[{"href":"https:\/\/www.fundaciongonzalezsernaurban.org\/pt-pt\/wp-json\/wp\/v2\/pages\/1095","targetHints":{"allow":["GET"]}}],"collection":[{"href":"https:\/\/www.fundaciongonzalezsernaurban.org\/pt-pt\/wp-json\/wp\/v2\/pages"}],"about":[{"href":"https:\/\/www.fundaciongonzalezsernaurban.org\/pt-pt\/wp-json\/wp\/v2\/types\/page"}],"author":[{"embeddable":true,"href":"https:\/\/www.fundaciongonzalezsernaurban.org\/pt-pt\/wp-json\/wp\/v2\/users\/5"}],"replies":[{"embeddable":true,"href":"https:\/\/www.fundaciongonzalezsernaurban.org\/pt-pt\/wp-json\/wp\/v2\/comments?post=1095"}],"version-history":[{"count":8,"href":"https:\/\/www.fundaciongonzalezsernaurban.org\/pt-pt\/wp-json\/wp\/v2\/pages\/1095\/revisions"}],"predecessor-version":[{"id":1879,"href":"https:\/\/www.fundaciongonzalezsernaurban.org\/pt-pt\/wp-json\/wp\/v2\/pages\/1095\/revisions\/1879"}],"wp:attachment":[{"href":"https:\/\/www.fundaciongonzalezsernaurban.org\/pt-pt\/wp-json\/wp\/v2\/media?parent=1095"}],"curies":[{"name":"wp","href":"https:\/\/api.w.org\/{rel}","templated":true}]}}