{"id":1097,"date":"2017-06-08T11:00:04","date_gmt":"2017-06-08T11:00:04","guid":{"rendered":"https:\/\/www.fundaciongruposiro.com\/?page_id=1097\/"},"modified":"2017-07-03T14:45:59","modified_gmt":"2017-07-03T14:45:59","slug":"recursos","status":"publish","type":"page","link":"https:\/\/www.fundaciongonzalezsernaurban.org\/pt-pt\/recursos\/","title":{"rendered":"Recursos"},"content":{"rendered":"<p>[et_pb_section bb_built=&#8221;1&#8243; admin_label=&#8221;Secci\u00f3n&#8221; fullwidth=&#8221;off&#8221; specialty=&#8221;off&#8221; transparent_background=&#8221;off&#8221; background_color=&#8221;#fcf9f2&#8243; allow_player_pause=&#8221;off&#8221; inner_shadow=&#8221;off&#8221; parallax=&#8221;off&#8221; parallax_method=&#8221;on&#8221; make_fullwidth=&#8221;off&#8221; use_custom_width=&#8221;off&#8221; width_unit=&#8221;on&#8221; make_equal=&#8221;off&#8221; use_custom_gutter=&#8221;off&#8221; module_class=&#8221;bannerPartido&#8221; custom_padding=&#8221;||0px|&#8221;][et_pb_row admin_label=&#8221;Fila&#8221; background_position=&#8221;top_left&#8221; background_repeat=&#8221;repeat&#8221; background_size=&#8221;initial&#8221;][et_pb_column type=&#8221;4_4&#8243;][et_pb_text admin_label=&#8221;Titulo&#8221; background_layout=&#8221;light&#8221; text_orientation=&#8221;left&#8221; use_border_color=&#8221;off&#8221; border_color=&#8221;#ffffff&#8221; border_style=&#8221;solid&#8221; background_position=&#8221;top_left&#8221; background_repeat=&#8221;repeat&#8221; background_size=&#8221;initial&#8221;]<\/p>\n<h1>Recursos<\/h1>\n<p>[\/et_pb_text][\/et_pb_column][\/et_pb_row][\/et_pb_section][et_pb_section bb_built=&#8221;1&#8243; admin_label=&#8221;section&#8221; transparent_background=&#8221;off&#8221; background_color=&#8221;#fcf9f2&#8243; allow_player_pause=&#8221;off&#8221; inner_shadow=&#8221;off&#8221; parallax=&#8221;off&#8221; parallax_method=&#8221;on&#8221; make_fullwidth=&#8221;off&#8221; use_custom_width=&#8221;off&#8221; width_unit=&#8221;on&#8221; make_equal=&#8221;off&#8221; use_custom_gutter=&#8221;off&#8221; module_class=&#8221;bannerPartido&#8221; custom_padding=&#8221;0px|||&#8221;][et_pb_row admin_label=&#8221;Fila&#8221; make_fullwidth=&#8221;off&#8221; use_custom_width=&#8221;off&#8221; width_unit=&#8221;on&#8221; use_custom_gutter=&#8221;off&#8221; custom_padding=&#8221;70px|75px|30px|75px&#8221; custom_padding_tablet=&#8221;40px|45px|40px|45px&#8221; custom_padding_phone=&#8221;20px|25px|20px|25px&#8221; custom_padding_last_edited=&#8221;on|desktop&#8221; custom_margin=&#8221;|10%|0px|&#8221; allow_player_pause=&#8221;off&#8221; parallax=&#8221;off&#8221; parallax_method=&#8221;on&#8221; make_equal=&#8221;off&#8221; parallax_1=&#8221;off&#8221; parallax_method_1=&#8221;off&#8221; background_color=&#8221;#ffffff&#8221; background_position=&#8221;top_left&#8221; background_repeat=&#8221;repeat&#8221; background_size=&#8221;initial&#8221;][et_pb_column type=&#8221;4_4&#8243;][et_pb_text admin_label=&#8221;Titulo&#8221; background_layout=&#8221;light&#8221; text_orientation=&#8221;left&#8221; use_border_color=&#8221;off&#8221; border_color=&#8221;#ffffff&#8221; border_style=&#8221;solid&#8221; background_position=&#8221;top_left&#8221; background_repeat=&#8221;repeat&#8221; background_size=&#8221;initial&#8221;]<\/p>\n<h2>V\u00eddeos<\/h2>\n<p>[\/et_pb_text][\/et_pb_column][\/et_pb_row][et_pb_row admin_label=&#8221;Fila&#8221; make_fullwidth=&#8221;off&#8221; use_custom_width=&#8221;off&#8221; width_unit=&#8221;on&#8221; use_custom_gutter=&#8221;off&#8221; custom_padding=&#8221;20px|75px|70px|75px&#8221; custom_padding_tablet=&#8221;40px|45px|40px|45px&#8221; custom_padding_phone=&#8221;20px|25px|20px|25px&#8221; custom_padding_last_edited=&#8221;on|desktop&#8221; background_color=&#8221;#ffffff&#8221; allow_player_pause=&#8221;off&#8221; parallax=&#8221;off&#8221; parallax_method=&#8221;on&#8221; make_equal=&#8221;off&#8221; parallax_1=&#8221;off&#8221; parallax_method_1=&#8221;off&#8221; parallax_2=&#8221;off&#8221; parallax_method_2=&#8221;off&#8221; custom_margin=&#8221;0px|10%||&#8221; background_position=&#8221;top_left&#8221; background_repeat=&#8221;repeat&#8221; background_size=&#8221;initial&#8221;][et_pb_column type=&#8221;1_2&#8243;][et_pb_video admin_label=&#8221;V\u00eddeo&#8221; src=&#8221;https:\/\/www.youtube.com\/watch?v=o2yEChZGfP0&#8243; \/][\/et_pb_column][et_pb_column type=&#8221;1_2&#8243;][et_pb_video admin_label=&#8221;V\u00eddeo&#8221; src=&#8221;https:\/\/www.youtube.com\/watch?v=6ywCl9TQK6o&#8221; \/][\/et_pb_column][\/et_pb_row][\/et_pb_section][et_pb_section bb_built=&#8221;1&#8243; admin_label=&#8221;section&#8221; transparent_background=&#8221;off&#8221; background_color=&#8221;#fcf9f2&#8243; allow_player_pause=&#8221;off&#8221; inner_shadow=&#8221;off&#8221; parallax=&#8221;off&#8221; parallax_method=&#8221;on&#8221; make_fullwidth=&#8221;off&#8221; use_custom_width=&#8221;off&#8221; width_unit=&#8221;on&#8221; make_equal=&#8221;off&#8221; use_custom_gutter=&#8221;off&#8221; module_class=&#8221;bannerPartido&#8221; custom_padding=&#8221;0px|||&#8221;][et_pb_row admin_label=&#8221;Fila&#8221; make_fullwidth=&#8221;off&#8221; use_custom_width=&#8221;off&#8221; width_unit=&#8221;on&#8221; use_custom_gutter=&#8221;off&#8221; custom_padding=&#8221;70px|75px|30px|75px&#8221; custom_padding_tablet=&#8221;40px|45px|40px|45px&#8221; custom_padding_phone=&#8221;20px|25px|20px|25px&#8221; custom_padding_last_edited=&#8221;on|desktop&#8221; custom_margin=&#8221;|10%|0px|&#8221; allow_player_pause=&#8221;off&#8221; parallax=&#8221;off&#8221; parallax_method=&#8221;on&#8221; make_equal=&#8221;off&#8221; parallax_1=&#8221;off&#8221; parallax_method_1=&#8221;off&#8221; background_color=&#8221;#ffffff&#8221; background_position=&#8221;top_left&#8221; background_repeat=&#8221;repeat&#8221; background_size=&#8221;initial&#8221;][et_pb_column type=&#8221;4_4&#8243;][et_pb_text admin_label=&#8221;Titulo&#8221; background_layout=&#8221;light&#8221; text_orientation=&#8221;left&#8221; use_border_color=&#8221;off&#8221; border_color=&#8221;#ffffff&#8221; border_style=&#8221;solid&#8221; background_position=&#8221;top_left&#8221; background_repeat=&#8221;repeat&#8221; background_size=&#8221;initial&#8221;]<\/p>\n<h2>Imagens<\/h2>\n<p>[\/et_pb_text][\/et_pb_column][\/et_pb_row][et_pb_row admin_label=&#8221;Fila&#8221; make_fullwidth=&#8221;off&#8221; use_custom_width=&#8221;off&#8221; width_unit=&#8221;on&#8221; use_custom_gutter=&#8221;off&#8221; custom_padding=&#8221;20px|75px|70px|75px&#8221; custom_padding_tablet=&#8221;40px|45px|40px|45px&#8221; custom_padding_phone=&#8221;20px|25px|20px|25px&#8221; custom_padding_last_edited=&#8221;on|desktop&#8221; background_color=&#8221;#ffffff&#8221; allow_player_pause=&#8221;off&#8221; parallax=&#8221;off&#8221; parallax_method=&#8221;on&#8221; make_equal=&#8221;off&#8221; parallax_1=&#8221;off&#8221; parallax_method_1=&#8221;off&#8221; parallax_2=&#8221;off&#8221; parallax_method_2=&#8221;off&#8221; custom_margin=&#8221;0px|10%||&#8221; background_position=&#8221;top_left&#8221; background_repeat=&#8221;repeat&#8221; background_size=&#8221;initial&#8221;][et_pb_column type=&#8221;1_2&#8243;][et_pb_text admin_label=&#8221;Logotipo vers\u00e3o monocrom\u00e1tica&#8221; background_layout=&#8221;light&#8221; text_orientation=&#8221;left&#8221; use_border_color=&#8221;off&#8221; border_color=&#8221;#ffffff&#8221; border_style=&#8221;solid&#8221; custom_margin=&#8221;||50px|&#8221; background_position=&#8221;top_left&#8221; background_repeat=&#8221;repeat&#8221; background_size=&#8221;initial&#8221;]<\/p>\n<h3>Logotipo vers\u00e3o monocrom\u00e1tica<\/h3>\n<p><a href=\"\/wp-content\/uploads\/FGS-logo-alta.png\" download=\"\"><img decoding=\"async\" src=\"\/wp-content\/uploads\/FGS-logo-alta.png\" alt=\"Logotipo vers\u00e3o monocrom\u00e1tica\"><\/a><\/p>\n<p>[\/et_pb_text][et_pb_text admin_label=&#8221;Fotografia a\u00e9rea do Mosteiro de San Pelayo&#8221; background_layout=&#8221;light&#8221; text_orientation=&#8221;left&#8221; use_border_color=&#8221;off&#8221; border_color=&#8221;#ffffff&#8221; border_style=&#8221;solid&#8221; custom_margin_tablet=&#8221;||30px|&#8221; custom_margin_last_edited=&#8221;on|desktop&#8221; background_position=&#8221;top_left&#8221; background_repeat=&#8221;repeat&#8221; background_size=&#8221;initial&#8221;]<\/p>\n<h3>Fotografia a\u00e9rea do Mosteiro de San Pelayo<\/h3>\n<p><a href=\"\/wp-content\/uploads\/FGS-fondo-monasterio.jpg\" download=\"\"><br \/>\n<img loading=\"lazy\" decoding=\"async\" class=\"alignnone wp-image-631\" src=\"https:\/\/www.fundaciongruposiro.com\/wp-content\/uploads\/FGS-fondo-monasterio.jpg\" alt=\"\" width=\"486\" height=\"238\" srcset=\"https:\/\/www.fundaciongonzalezsernaurban.org\/wp-content\/uploads\/FGS-fondo-monasterio.jpg 1600w, https:\/\/www.fundaciongonzalezsernaurban.org\/wp-content\/uploads\/FGS-fondo-monasterio-300x147.jpg 300w, https:\/\/www.fundaciongonzalezsernaurban.org\/wp-content\/uploads\/FGS-fondo-monasterio-768x377.jpg 768w, https:\/\/www.fundaciongonzalezsernaurban.org\/wp-content\/uploads\/FGS-fondo-monasterio-1024x503.jpg 1024w, https:\/\/www.fundaciongonzalezsernaurban.org\/wp-content\/uploads\/FGS-fondo-monasterio-1080x531.jpg 1080w\" sizes=\"auto, (max-width: 486px) 100vw, 486px\" \/><br \/>\n<\/a><\/p>\n<p>[\/et_pb_text][\/et_pb_column][et_pb_column type=&#8221;1_2&#8243;][et_pb_text admin_label=&#8221;Logotipo vers\u00e3o bitonal&#8221; background_layout=&#8221;light&#8221; text_orientation=&#8221;left&#8221; use_border_color=&#8221;off&#8221; border_color=&#8221;#ffffff&#8221; border_style=&#8221;solid&#8221; custom_margin=&#8221;||50px|&#8221; background_position=&#8221;top_left&#8221; background_repeat=&#8221;repeat&#8221; background_size=&#8221;initial&#8221;]<\/p>\n<h3>Logotipo vers\u00e3o bitonal<\/h3>\n<p><a href=\"\/wp-content\/uploads\/FGS-logo-alta-color.png\" download=\"\"><img decoding=\"async\" src=\"\/wp-content\/uploads\/FGS-logo-alta-color.png\" alt=\"Logotipo vers\u00e3o bitonal\"><\/a><\/p>\n<p>[\/et_pb_text][et_pb_text admin_label=&#8221;Fotografia a\u00e9rea do Mosteiro de San Pelayo&#8221; background_layout=&#8221;light&#8221; text_orientation=&#8221;left&#8221; use_border_color=&#8221;off&#8221; border_color=&#8221;#ffffff&#8221; border_style=&#8221;solid&#8221; custom_margin_tablet=&#8221;||30px|&#8221; custom_margin_last_edited=&#8221;on|desktop&#8221; background_position=&#8221;top_left&#8221; background_repeat=&#8221;repeat&#8221; background_size=&#8221;initial&#8221;]<\/p>\n<h3>Fotografia a\u00e9rea do Mosteiro de San Pelayo<\/h3>\n<p><a href=\"\/wp-content\/uploads\/FGS-foto-monasterio-4.jpg\" download=\"\"><br \/>\n<img decoding=\"async\" width=\"486\" height=\"auto\" class=\"alignnone size-medium wp-image-631\" alt=\"\" src=\"\/wp-content\/uploads\/FGS-foto-monasterio-4.jpg\"><br \/>\n<\/a><\/p>\n<p>[\/et_pb_text][\/et_pb_column][\/et_pb_row][\/et_pb_section][et_pb_section bb_built=&#8221;1&#8243; admin_label=&#8221;section&#8221; transparent_background=&#8221;off&#8221; background_color=&#8221;#fcf9f2&#8243; allow_player_pause=&#8221;off&#8221; inner_shadow=&#8221;off&#8221; parallax=&#8221;off&#8221; parallax_method=&#8221;on&#8221; make_fullwidth=&#8221;off&#8221; use_custom_width=&#8221;off&#8221; width_unit=&#8221;on&#8221; make_equal=&#8221;off&#8221; use_custom_gutter=&#8221;off&#8221; module_class=&#8221;bannerPartido&#8221; custom_padding=&#8221;0px|||&#8221;][et_pb_row admin_label=&#8221;Fila&#8221; make_fullwidth=&#8221;off&#8221; use_custom_width=&#8221;off&#8221; width_unit=&#8221;on&#8221; use_custom_gutter=&#8221;off&#8221; custom_padding=&#8221;70px|75px|30px|75px&#8221; custom_padding_tablet=&#8221;40px|45px|40px|45px&#8221; custom_padding_phone=&#8221;20px|25px|20px|25px&#8221; custom_padding_last_edited=&#8221;on|desktop&#8221; custom_margin=&#8221;|10%|0px|&#8221; allow_player_pause=&#8221;off&#8221; parallax=&#8221;off&#8221; parallax_method=&#8221;on&#8221; make_equal=&#8221;off&#8221; parallax_1=&#8221;off&#8221; parallax_method_1=&#8221;off&#8221; background_color=&#8221;#ffffff&#8221; background_position=&#8221;top_left&#8221; background_repeat=&#8221;repeat&#8221; background_size=&#8221;initial&#8221;][et_pb_column type=&#8221;4_4&#8243;][et_pb_text admin_label=&#8221;Titulo&#8221; background_layout=&#8221;light&#8221; text_orientation=&#8221;left&#8221; use_border_color=&#8221;off&#8221; border_color=&#8221;#ffffff&#8221; border_style=&#8221;solid&#8221; background_position=&#8221;top_left&#8221; background_repeat=&#8221;repeat&#8221; background_size=&#8221;initial&#8221;]<\/p>\n<h2>Publica\u00e7\u00f5es<\/h2>\n<p>[\/et_pb_text][\/et_pb_column][\/et_pb_row][et_pb_row admin_label=&#8221;Fila&#8221; make_fullwidth=&#8221;off&#8221; use_custom_width=&#8221;off&#8221; width_unit=&#8221;on&#8221; use_custom_gutter=&#8221;off&#8221; custom_padding=&#8221;20px|75px|70px|75px&#8221; custom_padding_tablet=&#8221;40px|45px|40px|45px&#8221; custom_padding_phone=&#8221;20px|25px|20px|25px&#8221; custom_padding_last_edited=&#8221;on|desktop&#8221; background_color=&#8221;#ffffff&#8221; allow_player_pause=&#8221;off&#8221; parallax=&#8221;off&#8221; parallax_method=&#8221;on&#8221; make_equal=&#8221;off&#8221; parallax_1=&#8221;off&#8221; parallax_method_1=&#8221;off&#8221; parallax_2=&#8221;off&#8221; parallax_method_2=&#8221;off&#8221; custom_margin=&#8221;0px|10%||&#8221; background_position=&#8221;top_left&#8221; background_repeat=&#8221;repeat&#8221; background_size=&#8221;initial&#8221;][et_pb_column type=&#8221;1_2&#8243;][et_pb_text admin_label=&#8221;San Pelayo de Cerrato&#8221; background_layout=&#8221;light&#8221; text_orientation=&#8221;left&#8221; use_border_color=&#8221;off&#8221; border_color=&#8221;#ffffff&#8221; border_style=&#8221;solid&#8221; custom_margin=&#8221;||50px|&#8221; background_position=&#8221;top_left&#8221; background_repeat=&#8221;repeat&#8221; background_size=&#8221;initial&#8221;]<\/p>\n<h3>San Pelayo de Cerrato<br \/>\n(em espanhol)<\/h3>\n<p><a href=\"\/wp-content\/uploads\/Libro-S-Pelayo.pdf\" download=\"\"><img decoding=\"async\" src=\"\/wp-content\/uploads\/FGS-libro-monasterio.jpg\" alt=\"San Pelayo de Cerrato\"><\/a><\/p>\n<p>[\/et_pb_text][\/et_pb_column][et_pb_column type=&#8221;1_2&#8243;][et_pb_text admin_label=&#8221;Monasterios y Recursos H\u00eddricos en la Edad Media&#8221; background_layout=&#8221;light&#8221; text_orientation=&#8221;left&#8221; use_border_color=&#8221;off&#8221; border_color=&#8221;#ffffff&#8221; border_style=&#8221;solid&#8221; custom_margin=&#8221;||-30px|&#8221; background_position=&#8221;top_left&#8221; background_repeat=&#8221;repeat&#8221; background_size=&#8221;initial&#8221;]<\/p>\n<h3>Monasterios y Recursos H\u00eddricos en la Edad Media (em espanhol)<\/h3>\n<p><a href=\"\/wp-content\/uploads\/EL-APROVECHAMIENTO-DEL-AGUA-EN-EL-MONASTERIO-DE-SAN-PELAYO-DE-CERRATO.pdf\" download=\"\"><img decoding=\"async\" alt=\"San Pelayo de Cerrato\" src=\"\/wp-content\/uploads\/portada-libro-recursos-h\u00eddricos.jpg\"><\/a><\/p>\n<p>[\/et_pb_text][\/et_pb_column][\/et_pb_row][\/et_pb_section]<\/p>\n","protected":false},"excerpt":{"rendered":"<p>Recursos V\u00eddeos Imagens Logotipo vers\u00e3o monocrom\u00e1tica Fotografia a\u00e9rea do Mosteiro de San Pelayo Logotipo vers\u00e3o bitonal Fotografia a\u00e9rea do Mosteiro de San Pelayo Publica\u00e7\u00f5es San Pelayo de Cerrato (em espanhol) Monasterios y Recursos H\u00eddricos en la Edad Media (em espanhol)<\/p>\n","protected":false},"author":5,"featured_media":0,"parent":0,"menu_order":0,"comment_status":"closed","ping_status":"closed","template":"","meta":{"_et_pb_use_builder":"on","_et_pb_old_content":"","_et_gb_content_width":"","footnotes":""},"class_list":["post-1097","page","type-page","status-publish","hentry"],"yoast_head":"<!-- This site is optimized with the Yoast SEO plugin v19.11 - https:\/\/yoast.com\/wordpress\/plugins\/seo\/ -->\n<title>Recursos - Fundaci\u00f3n Gonzalez Serna Urban<\/title>\n<meta name=\"robots\" content=\"noindex, follow, max-snippet:-1, max-image-preview:large, max-video-preview:-1\" \/>\n<meta property=\"og:locale\" content=\"pt_PT\" \/>\n<meta property=\"og:type\" content=\"article\" \/>\n<meta property=\"og:title\" content=\"Recursos - Fundaci\u00f3n Gonzalez Serna Urban\" \/>\n<meta property=\"og:description\" content=\"Recursos V\u00eddeos Imagens Logotipo vers\u00e3o monocrom\u00e1tica Fotografia a\u00e9rea do Mosteiro de San Pelayo Logotipo vers\u00e3o bitonal Fotografia a\u00e9rea do Mosteiro de San Pelayo Publica\u00e7\u00f5es San Pelayo de Cerrato (em espanhol) Monasterios y Recursos H\u00eddricos en la Edad Media (em espanhol)\" \/>\n<meta property=\"og:url\" content=\"https:\/\/www.fundaciongonzalezsernaurban.org\/pt-pt\/recursos\/\" \/>\n<meta property=\"og:site_name\" content=\"Fundaci\u00f3n Gonzalez Serna Urban\" \/>\n<meta property=\"article:modified_time\" content=\"2017-07-03T14:45:59+00:00\" \/>\n<meta property=\"og:image\" content=\"https:\/\/www.fundaciongruposiro.com\/wp-content\/uploads\/FGS-fondo-monasterio.jpg\" \/>\n<meta name=\"twitter:card\" content=\"summary_large_image\" \/>\n<meta name=\"twitter:label1\" content=\"Tempo estimado de leitura\" \/>\n\t<meta name=\"twitter:data1\" content=\"7 minutos\" \/>\n<script type=\"application\/ld+json\" class=\"yoast-schema-graph\">{\"@context\":\"https:\/\/schema.org\",\"@graph\":[{\"@type\":\"WebPage\",\"@id\":\"https:\/\/www.fundaciongonzalezsernaurban.org\/pt-pt\/recursos\/\",\"url\":\"https:\/\/www.fundaciongonzalezsernaurban.org\/pt-pt\/recursos\/\",\"name\":\"Recursos - Fundaci\u00f3n Gonzalez Serna Urban\",\"isPartOf\":{\"@id\":\"https:\/\/www.fundaciongonzalezsernaurban.org\/#website\"},\"datePublished\":\"2017-06-08T11:00:04+00:00\",\"dateModified\":\"2017-07-03T14:45:59+00:00\",\"breadcrumb\":{\"@id\":\"https:\/\/www.fundaciongonzalezsernaurban.org\/pt-pt\/recursos\/#breadcrumb\"},\"inLanguage\":\"pt-PT\",\"potentialAction\":[{\"@type\":\"ReadAction\",\"target\":[\"https:\/\/www.fundaciongonzalezsernaurban.org\/pt-pt\/recursos\/\"]}]},{\"@type\":\"BreadcrumbList\",\"@id\":\"https:\/\/www.fundaciongonzalezsernaurban.org\/pt-pt\/recursos\/#breadcrumb\",\"itemListElement\":[{\"@type\":\"ListItem\",\"position\":1,\"name\":\"Portada\",\"item\":\"https:\/\/www.fundaciongonzalezsernaurban.org\/pt-pt\/\"},{\"@type\":\"ListItem\",\"position\":2,\"name\":\"Recursos\"}]},{\"@type\":\"WebSite\",\"@id\":\"https:\/\/www.fundaciongonzalezsernaurban.org\/#website\",\"url\":\"https:\/\/www.fundaciongonzalezsernaurban.org\/\",\"name\":\"Fundaci\u00f3n Gonzalez Serna Urban\",\"description\":\"Garantizando la continuidad de nuestras Compa\u00f1\u00edas\",\"potentialAction\":[{\"@type\":\"SearchAction\",\"target\":{\"@type\":\"EntryPoint\",\"urlTemplate\":\"https:\/\/www.fundaciongonzalezsernaurban.org\/?s={search_term_string}\"},\"query-input\":\"required name=search_term_string\"}],\"inLanguage\":\"pt-PT\"}]}<\/script>\n<!-- \/ Yoast SEO plugin. -->","yoast_head_json":{"title":"Recursos - Fundaci\u00f3n Gonzalez Serna Urban","robots":{"index":"noindex","follow":"follow","max-snippet":"max-snippet:-1","max-image-preview":"max-image-preview:large","max-video-preview":"max-video-preview:-1"},"og_locale":"pt_PT","og_type":"article","og_title":"Recursos - Fundaci\u00f3n Gonzalez Serna Urban","og_description":"Recursos V\u00eddeos Imagens Logotipo vers\u00e3o monocrom\u00e1tica Fotografia a\u00e9rea do Mosteiro de San Pelayo Logotipo vers\u00e3o bitonal Fotografia a\u00e9rea do Mosteiro de San Pelayo Publica\u00e7\u00f5es San Pelayo de Cerrato (em espanhol) Monasterios y Recursos H\u00eddricos en la Edad Media (em espanhol)","og_url":"https:\/\/www.fundaciongonzalezsernaurban.org\/pt-pt\/recursos\/","og_site_name":"Fundaci\u00f3n Gonzalez Serna Urban","article_modified_time":"2017-07-03T14:45:59+00:00","og_image":[{"url":"https:\/\/www.fundaciongruposiro.com\/wp-content\/uploads\/FGS-fondo-monasterio.jpg"}],"twitter_card":"summary_large_image","twitter_misc":{"Tempo estimado de leitura":"7 minutos"},"schema":{"@context":"https:\/\/schema.org","@graph":[{"@type":"WebPage","@id":"https:\/\/www.fundaciongonzalezsernaurban.org\/pt-pt\/recursos\/","url":"https:\/\/www.fundaciongonzalezsernaurban.org\/pt-pt\/recursos\/","name":"Recursos - Fundaci\u00f3n Gonzalez Serna Urban","isPartOf":{"@id":"https:\/\/www.fundaciongonzalezsernaurban.org\/#website"},"datePublished":"2017-06-08T11:00:04+00:00","dateModified":"2017-07-03T14:45:59+00:00","breadcrumb":{"@id":"https:\/\/www.fundaciongonzalezsernaurban.org\/pt-pt\/recursos\/#breadcrumb"},"inLanguage":"pt-PT","potentialAction":[{"@type":"ReadAction","target":["https:\/\/www.fundaciongonzalezsernaurban.org\/pt-pt\/recursos\/"]}]},{"@type":"BreadcrumbList","@id":"https:\/\/www.fundaciongonzalezsernaurban.org\/pt-pt\/recursos\/#breadcrumb","itemListElement":[{"@type":"ListItem","position":1,"name":"Portada","item":"https:\/\/www.fundaciongonzalezsernaurban.org\/pt-pt\/"},{"@type":"ListItem","position":2,"name":"Recursos"}]},{"@type":"WebSite","@id":"https:\/\/www.fundaciongonzalezsernaurban.org\/#website","url":"https:\/\/www.fundaciongonzalezsernaurban.org\/","name":"Fundaci\u00f3n Gonzalez Serna Urban","description":"Garantizando la continuidad de nuestras Compa\u00f1\u00edas","potentialAction":[{"@type":"SearchAction","target":{"@type":"EntryPoint","urlTemplate":"https:\/\/www.fundaciongonzalezsernaurban.org\/?s={search_term_string}"},"query-input":"required name=search_term_string"}],"inLanguage":"pt-PT"}]}},"_links":{"self":[{"href":"https:\/\/www.fundaciongonzalezsernaurban.org\/pt-pt\/wp-json\/wp\/v2\/pages\/1097","targetHints":{"allow":["GET"]}}],"collection":[{"href":"https:\/\/www.fundaciongonzalezsernaurban.org\/pt-pt\/wp-json\/wp\/v2\/pages"}],"about":[{"href":"https:\/\/www.fundaciongonzalezsernaurban.org\/pt-pt\/wp-json\/wp\/v2\/types\/page"}],"author":[{"embeddable":true,"href":"https:\/\/www.fundaciongonzalezsernaurban.org\/pt-pt\/wp-json\/wp\/v2\/users\/5"}],"replies":[{"embeddable":true,"href":"https:\/\/www.fundaciongonzalezsernaurban.org\/pt-pt\/wp-json\/wp\/v2\/comments?post=1097"}],"version-history":[{"count":3,"href":"https:\/\/www.fundaciongonzalezsernaurban.org\/pt-pt\/wp-json\/wp\/v2\/pages\/1097\/revisions"}],"predecessor-version":[{"id":1287,"href":"https:\/\/www.fundaciongonzalezsernaurban.org\/pt-pt\/wp-json\/wp\/v2\/pages\/1097\/revisions\/1287"}],"wp:attachment":[{"href":"https:\/\/www.fundaciongonzalezsernaurban.org\/pt-pt\/wp-json\/wp\/v2\/media?parent=1097"}],"curies":[{"name":"wp","href":"https:\/\/api.w.org\/{rel}","templated":true}]}}