{"id":3004,"date":"2021-09-07T15:18:37","date_gmt":"2021-09-07T15:18:37","guid":{"rendered":"https:\/\/www.fundaciongruposiro.com\/?page_id=3004"},"modified":"2021-09-07T15:24:11","modified_gmt":"2021-09-07T15:24:11","slug":"fundacao-mapfre-e-fundacao-grupo-siro-unem-se-no-combate-a-desnutricao","status":"publish","type":"page","link":"https:\/\/www.fundaciongonzalezsernaurban.org\/pt-pt\/fundacao-mapfre-e-fundacao-grupo-siro-unem-se-no-combate-a-desnutricao\/","title":{"rendered":"FUNDA\u00c7\u00c3O MAPFRE E FUNDA\u00c7\u00c3O GRUPO SIRO  UNEM-SE NO COMBATE \u00c0 DESNUTRI\u00c7\u00c3O"},"content":{"rendered":"<p><img loading=\"lazy\" decoding=\"async\" class=\"alignnone  wp-image-3005 aligncenter\" src=\"https:\/\/www.fundaciongruposiro.com\/wp-content\/uploads\/WhatsApp-Image-2021-09-06-at-17.31.38-300x225.jpeg\" alt=\"\" width=\"340\" height=\"262\" \/><\/p>\n<p>&nbsp;<\/p>\n<p>A Funda\u00e7\u00e3o MAPFRE e o Funda\u00e7\u00e3o Grupo Siro uniram-se num projeto solid\u00e1rio que envolve a produ\u00e7\u00e3o e distribui\u00e7\u00e3o de dois milh\u00f5es e meio de bolachas, enriquecidas com vitaminas e minerais, para ajudar a cobrir as defici\u00eancias nutricionais de milhares de fam\u00edlias com car\u00eancias alimentares em Portugal e Espanha.<\/p>\n<p>Hoje, dia 6 de setembro, a f\u00e1brica do Cerealto Siro Foods, situada em Sintra e respons\u00e1vel pela produ\u00e7\u00e3o total das bolachas para distribui\u00e7\u00e3o ib\u00e9rica, assinalou o arranque da produ\u00e7\u00e3o durante uma cerim\u00f3nia que contou com a presen\u00e7a de Luis \u00c1ngel L\u00f3pez, CEO da Cerealto Siro Foods, e Lu\u00eds Anula, CEO da MAPFRE Portugal.<\/p>\n<p>Em Portugal, ser\u00e3o distribu\u00eddas 500 mil bolachas (o equivalente a seis toneladas) a partir do final deste m\u00eas, numa opera\u00e7\u00e3o assegurada pela Funda\u00e7\u00e3o MAPFRE junto das tr\u00eas institui\u00e7\u00f5es abrangidas pela iniciativa: Banco Alimentar Contra a Fome, Casa \u2013 Centro de Apoio ao Sem Abrigo e Refood.<\/p>\n<p>J\u00e1 em Espanha a distribui\u00e7\u00e3o ser\u00e1 feita atrav\u00e9s do projeto \u201cS\u00e9 Solidario\u201d da Funda\u00e7\u00e3o MAPFRE e da Federa\u00e7\u00e3o Espanhola de Bancos de Alimentos (FESBAL), sendo que em ambos os pa\u00edses a iniciativa conta com a colabora\u00e7\u00e3o do Voluntariado da Funda\u00e7\u00e3o MAPFRE.<\/p>\n<p>Segundo Luis Anula, CEO da MAPFRE, <em>\u201cestamos muitos orgulhosos por participar num projeto t\u00e3o inovador e solid\u00e1rio que nos permite unir for\u00e7as com o Grupo Siro no sentido de combater a desnutri\u00e7\u00e3o, um problema que afeta mais de 800 milh\u00f5es de pessoas no mundo e que, lamentavelmente, aumentou em todos os pa\u00edses como resultado da pandemia.\u201d<\/em><\/p>\n<p>Estas bolachas nutricionais, com distribui\u00e7\u00e3o gratuita, n\u00e3o est\u00e3o dispon\u00edveis para venda ao p\u00fablico e foram desenvolvidas durante dois anos de investiga\u00e7\u00e3o conduzida pela Funda\u00e7\u00e3o Grupo Siro. A sua principal caracter\u00edstica \u00e9 que, por apenas 30 c\u00eantimos (o custo de 100 gramas), 50% das vitaminas e minerais que uma pessoa necessita por dia est\u00e3o garantidos.<\/p>\n<p>O produto cont\u00e9m vitaminas A, B1, B2, B3, B5, B6, B12, C, D e E e \u00e1cido f\u00f3lico, bem como prote\u00ednas, c\u00e1lcio, ferro, magn\u00e9sio, iodo e elevado teor de fibras. Foram utilizadas na sua produ\u00e7\u00e3o farinhas integrais, \u00f3leo de girassol com elevado teor de oleaginosas e quantidades reduzidas de sal e a\u00e7\u00facares abaixo do limite cr\u00edtico estipulado pela OMS, o que lhe permitiu obter uma classifica\u00e7\u00e3o Nutriscore A. As recomenda\u00e7\u00f5es do CODEX Alimentarius Global, bem como os crit\u00e9rios do modelo de perfis nutricionais da Organiza\u00e7\u00e3o Pan-Americana de Sa\u00fade, foram tamb\u00e9m tidos em conta.<\/p>\n<p><strong><u>Unidos contra a desnutri\u00e7\u00e3o<\/u><\/strong><\/p>\n<p>Com o desenvolvimento desta bolacha nutricional, a Funda\u00e7\u00e3o MAPFRE e o Funda\u00e7\u00e3o Grupo Siro est\u00e3o a unir for\u00e7as para combater a desnutri\u00e7\u00e3o que aumentou em todos os pa\u00edses como resultado da pandemia.<\/p>\n<p>Em 2020, o primeiro ano da pandemia, 2,037 milh\u00f5es de portugueses encontravam-se em risco de pobreza ou exclus\u00e3o social, revelam os dados divulgados pelo\u00a0Instituto Nacional de Estat\u00edstica (INE). O indicador conjuga as condi\u00e7\u00f5es de risco de pobreza, de priva\u00e7\u00e3o material severa e de intensidade laboral\u00a0<em>per capita<\/em>\u00a0muito reduzida.<\/p>\n<p>O termo, \u201cfome oculta\u201d, que, segundo a Unicef, afeta mais de 2.000 milh\u00f5es de pessoas no mundo e 24,3% da popula\u00e7\u00e3o com menos de 5 anos na Europa, refere-se \u00e0 situa\u00e7\u00e3o de subnutri\u00e7\u00e3o vivida atualmente pelas pessoas que, com um consumo adequado de energia, n\u00e3o conseguem cobrir as necessidades de alguns micronutrientes, tais como as vitaminas A e D, e os minerais ferro e zinco.<\/p>\n<p>H\u00e1 tamb\u00e9m os idosos, um \u201cgrupo vulner\u00e1vel\u201d, que tradicionalmente \u201csofrem um maior risco de desnutri\u00e7\u00e3o\u201d, entre outras causas, devido \u00e0 falta de apetite, problemas de mastiga\u00e7\u00e3o, polimedica\u00e7\u00e3o, inatividade f\u00edsica e solid\u00e3o.<\/p>\n<p><img loading=\"lazy\" decoding=\"async\" class=\"size-medium wp-image-3009 aligncenter\" src=\"https:\/\/www.fundaciongruposiro.com\/wp-content\/uploads\/WhatsApp-Image-2021-09-06-at-17.30.41-300x225.jpeg\" alt=\"\" width=\"300\" height=\"225\" \/><\/p>\n","protected":false},"excerpt":{"rendered":"<p>&nbsp; A Funda\u00e7\u00e3o MAPFRE e o Funda\u00e7\u00e3o Grupo Siro uniram-se num projeto solid\u00e1rio que envolve a produ\u00e7\u00e3o e distribui\u00e7\u00e3o de dois milh\u00f5es e meio de bolachas, enriquecidas com vitaminas e minerais, para ajudar a cobrir as defici\u00eancias nutricionais de milhares de fam\u00edlias com car\u00eancias alimentares em Portugal e Espanha. Hoje, dia 6 de setembro, a [&hellip;]<\/p>\n","protected":false},"author":6,"featured_media":3005,"parent":0,"menu_order":0,"comment_status":"closed","ping_status":"closed","template":"","meta":{"_et_pb_use_builder":"","_et_pb_old_content":"","_et_gb_content_width":"","footnotes":""},"class_list":["post-3004","page","type-page","status-publish","has-post-thumbnail","hentry"],"yoast_head":"<!-- This site is optimized with the Yoast SEO plugin v19.11 - https:\/\/yoast.com\/wordpress\/plugins\/seo\/ -->\n<title>FUNDA\u00c7\u00c3O MAPFRE E FUNDA\u00c7\u00c3O GRUPO SIRO UNEM-SE NO COMBATE \u00c0 DESNUTRI\u00c7\u00c3O - Fundaci\u00f3n Gonzalez Serna Urban<\/title>\n<meta name=\"robots\" content=\"noindex, follow, max-snippet:-1, max-image-preview:large, max-video-preview:-1\" \/>\n<meta property=\"og:locale\" content=\"pt_PT\" \/>\n<meta property=\"og:type\" content=\"article\" \/>\n<meta property=\"og:title\" content=\"FUNDA\u00c7\u00c3O MAPFRE E FUNDA\u00c7\u00c3O GRUPO SIRO UNEM-SE NO COMBATE \u00c0 DESNUTRI\u00c7\u00c3O - Fundaci\u00f3n Gonzalez Serna Urban\" \/>\n<meta property=\"og:description\" content=\"&nbsp; A Funda\u00e7\u00e3o MAPFRE e o Funda\u00e7\u00e3o Grupo Siro uniram-se num projeto solid\u00e1rio que envolve a produ\u00e7\u00e3o e distribui\u00e7\u00e3o de dois milh\u00f5es e meio de bolachas, enriquecidas com vitaminas e minerais, para ajudar a cobrir as defici\u00eancias nutricionais de milhares de fam\u00edlias com car\u00eancias alimentares em Portugal e Espanha. Hoje, dia 6 de setembro, a [&hellip;]\" \/>\n<meta property=\"og:url\" content=\"https:\/\/www.fundaciongonzalezsernaurban.org\/pt-pt\/fundacao-mapfre-e-fundacao-grupo-siro-unem-se-no-combate-a-desnutricao\/\" \/>\n<meta property=\"og:site_name\" content=\"Fundaci\u00f3n Gonzalez Serna Urban\" \/>\n<meta property=\"article:modified_time\" content=\"2021-09-07T15:24:11+00:00\" \/>\n<meta property=\"og:image\" content=\"https:\/\/www.fundaciongonzalezsernaurban.org\/wp-content\/uploads\/WhatsApp-Image-2021-09-06-at-17.31.38.jpeg\" \/>\n\t<meta property=\"og:image:width\" content=\"1024\" \/>\n\t<meta property=\"og:image:height\" content=\"768\" \/>\n\t<meta property=\"og:image:type\" content=\"image\/jpeg\" \/>\n<meta name=\"twitter:card\" content=\"summary_large_image\" \/>\n<meta name=\"twitter:label1\" content=\"Tempo estimado de leitura\" \/>\n\t<meta name=\"twitter:data1\" content=\"3 minutos\" \/>\n<script type=\"application\/ld+json\" class=\"yoast-schema-graph\">{\"@context\":\"https:\/\/schema.org\",\"@graph\":[{\"@type\":\"WebPage\",\"@id\":\"https:\/\/www.fundaciongonzalezsernaurban.org\/pt-pt\/fundacao-mapfre-e-fundacao-grupo-siro-unem-se-no-combate-a-desnutricao\/\",\"url\":\"https:\/\/www.fundaciongonzalezsernaurban.org\/pt-pt\/fundacao-mapfre-e-fundacao-grupo-siro-unem-se-no-combate-a-desnutricao\/\",\"name\":\"FUNDA\u00c7\u00c3O MAPFRE E FUNDA\u00c7\u00c3O GRUPO SIRO UNEM-SE NO COMBATE \u00c0 DESNUTRI\u00c7\u00c3O - Fundaci\u00f3n Gonzalez Serna Urban\",\"isPartOf\":{\"@id\":\"https:\/\/www.fundaciongonzalezsernaurban.org\/#website\"},\"datePublished\":\"2021-09-07T15:18:37+00:00\",\"dateModified\":\"2021-09-07T15:24:11+00:00\",\"breadcrumb\":{\"@id\":\"https:\/\/www.fundaciongonzalezsernaurban.org\/pt-pt\/fundacao-mapfre-e-fundacao-grupo-siro-unem-se-no-combate-a-desnutricao\/#breadcrumb\"},\"inLanguage\":\"pt-PT\",\"potentialAction\":[{\"@type\":\"ReadAction\",\"target\":[\"https:\/\/www.fundaciongonzalezsernaurban.org\/pt-pt\/fundacao-mapfre-e-fundacao-grupo-siro-unem-se-no-combate-a-desnutricao\/\"]}]},{\"@type\":\"BreadcrumbList\",\"@id\":\"https:\/\/www.fundaciongonzalezsernaurban.org\/pt-pt\/fundacao-mapfre-e-fundacao-grupo-siro-unem-se-no-combate-a-desnutricao\/#breadcrumb\",\"itemListElement\":[{\"@type\":\"ListItem\",\"position\":1,\"name\":\"Portada\",\"item\":\"https:\/\/www.fundaciongonzalezsernaurban.org\/pt-pt\/\"},{\"@type\":\"ListItem\",\"position\":2,\"name\":\"FUNDA\u00c7\u00c3O MAPFRE E FUNDA\u00c7\u00c3O GRUPO SIRO UNEM-SE NO COMBATE \u00c0 DESNUTRI\u00c7\u00c3O\"}]},{\"@type\":\"WebSite\",\"@id\":\"https:\/\/www.fundaciongonzalezsernaurban.org\/#website\",\"url\":\"https:\/\/www.fundaciongonzalezsernaurban.org\/\",\"name\":\"Fundaci\u00f3n Gonzalez Serna Urban\",\"description\":\"Garantizando la continuidad de nuestras Compa\u00f1\u00edas\",\"potentialAction\":[{\"@type\":\"SearchAction\",\"target\":{\"@type\":\"EntryPoint\",\"urlTemplate\":\"https:\/\/www.fundaciongonzalezsernaurban.org\/?s={search_term_string}\"},\"query-input\":\"required name=search_term_string\"}],\"inLanguage\":\"pt-PT\"}]}<\/script>\n<!-- \/ Yoast SEO plugin. -->","yoast_head_json":{"title":"FUNDA\u00c7\u00c3O MAPFRE E FUNDA\u00c7\u00c3O GRUPO SIRO UNEM-SE NO COMBATE \u00c0 DESNUTRI\u00c7\u00c3O - Fundaci\u00f3n Gonzalez Serna Urban","robots":{"index":"noindex","follow":"follow","max-snippet":"max-snippet:-1","max-image-preview":"max-image-preview:large","max-video-preview":"max-video-preview:-1"},"og_locale":"pt_PT","og_type":"article","og_title":"FUNDA\u00c7\u00c3O MAPFRE E FUNDA\u00c7\u00c3O GRUPO SIRO UNEM-SE NO COMBATE \u00c0 DESNUTRI\u00c7\u00c3O - Fundaci\u00f3n Gonzalez Serna Urban","og_description":"&nbsp; A Funda\u00e7\u00e3o MAPFRE e o Funda\u00e7\u00e3o Grupo Siro uniram-se num projeto solid\u00e1rio que envolve a produ\u00e7\u00e3o e distribui\u00e7\u00e3o de dois milh\u00f5es e meio de bolachas, enriquecidas com vitaminas e minerais, para ajudar a cobrir as defici\u00eancias nutricionais de milhares de fam\u00edlias com car\u00eancias alimentares em Portugal e Espanha. Hoje, dia 6 de setembro, a [&hellip;]","og_url":"https:\/\/www.fundaciongonzalezsernaurban.org\/pt-pt\/fundacao-mapfre-e-fundacao-grupo-siro-unem-se-no-combate-a-desnutricao\/","og_site_name":"Fundaci\u00f3n Gonzalez Serna Urban","article_modified_time":"2021-09-07T15:24:11+00:00","og_image":[{"width":1024,"height":768,"url":"https:\/\/www.fundaciongonzalezsernaurban.org\/wp-content\/uploads\/WhatsApp-Image-2021-09-06-at-17.31.38.jpeg","type":"image\/jpeg"}],"twitter_card":"summary_large_image","twitter_misc":{"Tempo estimado de leitura":"3 minutos"},"schema":{"@context":"https:\/\/schema.org","@graph":[{"@type":"WebPage","@id":"https:\/\/www.fundaciongonzalezsernaurban.org\/pt-pt\/fundacao-mapfre-e-fundacao-grupo-siro-unem-se-no-combate-a-desnutricao\/","url":"https:\/\/www.fundaciongonzalezsernaurban.org\/pt-pt\/fundacao-mapfre-e-fundacao-grupo-siro-unem-se-no-combate-a-desnutricao\/","name":"FUNDA\u00c7\u00c3O MAPFRE E FUNDA\u00c7\u00c3O GRUPO SIRO UNEM-SE NO COMBATE \u00c0 DESNUTRI\u00c7\u00c3O - Fundaci\u00f3n Gonzalez Serna Urban","isPartOf":{"@id":"https:\/\/www.fundaciongonzalezsernaurban.org\/#website"},"datePublished":"2021-09-07T15:18:37+00:00","dateModified":"2021-09-07T15:24:11+00:00","breadcrumb":{"@id":"https:\/\/www.fundaciongonzalezsernaurban.org\/pt-pt\/fundacao-mapfre-e-fundacao-grupo-siro-unem-se-no-combate-a-desnutricao\/#breadcrumb"},"inLanguage":"pt-PT","potentialAction":[{"@type":"ReadAction","target":["https:\/\/www.fundaciongonzalezsernaurban.org\/pt-pt\/fundacao-mapfre-e-fundacao-grupo-siro-unem-se-no-combate-a-desnutricao\/"]}]},{"@type":"BreadcrumbList","@id":"https:\/\/www.fundaciongonzalezsernaurban.org\/pt-pt\/fundacao-mapfre-e-fundacao-grupo-siro-unem-se-no-combate-a-desnutricao\/#breadcrumb","itemListElement":[{"@type":"ListItem","position":1,"name":"Portada","item":"https:\/\/www.fundaciongonzalezsernaurban.org\/pt-pt\/"},{"@type":"ListItem","position":2,"name":"FUNDA\u00c7\u00c3O MAPFRE E FUNDA\u00c7\u00c3O GRUPO SIRO UNEM-SE NO COMBATE \u00c0 DESNUTRI\u00c7\u00c3O"}]},{"@type":"WebSite","@id":"https:\/\/www.fundaciongonzalezsernaurban.org\/#website","url":"https:\/\/www.fundaciongonzalezsernaurban.org\/","name":"Fundaci\u00f3n Gonzalez Serna Urban","description":"Garantizando la continuidad de nuestras Compa\u00f1\u00edas","potentialAction":[{"@type":"SearchAction","target":{"@type":"EntryPoint","urlTemplate":"https:\/\/www.fundaciongonzalezsernaurban.org\/?s={search_term_string}"},"query-input":"required name=search_term_string"}],"inLanguage":"pt-PT"}]}},"_links":{"self":[{"href":"https:\/\/www.fundaciongonzalezsernaurban.org\/pt-pt\/wp-json\/wp\/v2\/pages\/3004","targetHints":{"allow":["GET"]}}],"collection":[{"href":"https:\/\/www.fundaciongonzalezsernaurban.org\/pt-pt\/wp-json\/wp\/v2\/pages"}],"about":[{"href":"https:\/\/www.fundaciongonzalezsernaurban.org\/pt-pt\/wp-json\/wp\/v2\/types\/page"}],"author":[{"embeddable":true,"href":"https:\/\/www.fundaciongonzalezsernaurban.org\/pt-pt\/wp-json\/wp\/v2\/users\/6"}],"replies":[{"embeddable":true,"href":"https:\/\/www.fundaciongonzalezsernaurban.org\/pt-pt\/wp-json\/wp\/v2\/comments?post=3004"}],"version-history":[{"count":2,"href":"https:\/\/www.fundaciongonzalezsernaurban.org\/pt-pt\/wp-json\/wp\/v2\/pages\/3004\/revisions"}],"predecessor-version":[{"id":3016,"href":"https:\/\/www.fundaciongonzalezsernaurban.org\/pt-pt\/wp-json\/wp\/v2\/pages\/3004\/revisions\/3016"}],"wp:featuredmedia":[{"embeddable":true,"href":"https:\/\/www.fundaciongonzalezsernaurban.org\/pt-pt\/wp-json\/wp\/v2\/media\/3005"}],"wp:attachment":[{"href":"https:\/\/www.fundaciongonzalezsernaurban.org\/pt-pt\/wp-json\/wp\/v2\/media?parent=3004"}],"curies":[{"name":"wp","href":"https:\/\/api.w.org\/{rel}","templated":true}]}}